{"id":30464,"date":"2018-09-02T16:40:24","date_gmt":"2018-09-02T13:40:24","guid":{"rendered":"https:\/\/karavas.eu\/karavas\/organized-groups\/lambousa-association-of-overseas-karavas-people-in-australia\/"},"modified":"2023-09-05T12:11:43","modified_gmt":"2023-09-05T09:11:43","slug":"lambousa-association-of-overseas-karavas-people-in-australia","status":"publish","type":"page","link":"https:\/\/karavas.eu\/it\/karavas\/organized-groups\/lambousa-association-of-overseas-karavas-people-in-australia\/","title":{"rendered":"Associazione &#8220;Lambousa&#8221; delle persone d&#8217;oltremare di Karavas in Australia"},"content":{"rendered":"<section  class='av_textblock_section av-jpv8kcf5-9cd4bbd44969f11becc3eb3231059504 '   itemscope=\"itemscope\" itemtype=\"https:\/\/schema.org\/CreativeWork\" ><div class='avia_textblock'  itemprop=\"text\" ><p>L&#8217;associazione cipriota delle persone originarie di Karavas che vivono in Australia, denominata &#8220;Lambousa&#8221;, \u00e8 stata fondata il 6 febbraio 1987.<\/p>\n<p>Gli obiettivi principali dell&#8217;associazione sono il miglioramento delle relazioni tra tutte le persone di Karavas che vivono in Australia, il mantenimento del patrimonio culturale di Karavas e il rafforzamento della lotta del popolo di Cipro per la giustizia e il ritorno in patria.<\/p>\n<p>Il primo consiglio direttivo dell&#8217;associazione era composto da Soterakis Sofos (presidente), Maro Gemetta (vicepresidente), Eleftheria Laouta Hadjistefanou (segretario), Stavros Anastasiou (tesoriere), Solomos Spyrou (assistente tesoriere) e Pavlos Komodromos ed Elias Agathangelou (consulenti).<\/p>\n<p>In generale, l&#8217;associazione \u00e8 molto attiva. Il luned\u00ec di Pasqua \u2013 ma non solo, vengono organizzati incontri dove tutti gli abitanti di Karavas trascorrono una piacevole giornata con i loro amici, ricordando i bei vecchi tempi a Karavas. Ogni anno si tiene la &#8220;Danza del limone&#8221;, un evento tradizionale Karavas, ed \u00e8 sempre un grande successo. Questo evento d\u00e0 l&#8217;opportunit\u00e0 a molti co-paesani di riunirsi e discutere. L&#8217;associazione ha anche istituito un coro di bambini, a cui partecipano volentieri e orgogliosamente i bambini dei nostri compatrioti d&#8217;oltremare.<\/p>\n<\/div><\/section>\n\n<style type=\"text\/css\" data-created_by=\"avia_inline_auto\" id=\"style-css-av-jpttny66-a023d252c1ce7c37188dfaa5b8303207\">\n#top .avia-gallery.av-jpttny66-a023d252c1ce7c37188dfaa5b8303207 .avia-gallery-thumb a{\nwidth:25%;\n}\n<\/style>\n<div  class='avia-gallery av-jpttny66-a023d252c1ce7c37188dfaa5b8303207 avia_animate_when_visible  avia-builder-el-1  el_after_av_textblock  avia-builder-el-last  deactivate_avia_lazyload avia-gallery-animate avia-gallery-1'  itemprop=\"image\" itemscope=\"itemscope\" itemtype=\"https:\/\/schema.org\/ImageObject\" ><meta itemprop=\"contentURL\" content=\"https:\/\/karavas.eu\/it\/karavas\/organized-groups\/lambousa-association-of-overseas-karavas-people-in-australia\/\"><div class='avia-gallery-thumb'><a href=\"https:\/\/karavas.eu\/wp-content\/uploads\/sindesmos_melvurnis1.jpg\" data-srcset=\"https:\/\/karavas.eu\/wp-content\/uploads\/sindesmos_melvurnis1.jpg 885w, https:\/\/karavas.eu\/wp-content\/uploads\/sindesmos_melvurnis1-705x454.jpg 705w\" data-sizes=\"(max-width: 885px) 100vw, 885px\" data-rel='gallery-1' data-prev-img='https:\/\/karavas.eu\/wp-content\/uploads\/sindesmos_melvurnis1-495x400.jpg' class='first_thumb lightbox ' data-onclick='1' title='Il coro dell&#8217;Associazione. E. Laouta e M. Yemetta sono le insegnanti del coro'  itemprop=\"thumbnailUrl\"  ><img decoding=\"async\" fetchpriority=\"high\" class=\"wp-image-30465 avia-img-lazy-loading-not-30465\"  data-avia-tooltip='Il coro dell&#8217;Associazione. E. Laouta e M. Yemetta sono le insegnanti del coro' src=\"https:\/\/karavas.eu\/wp-content\/uploads\/sindesmos_melvurnis1.jpg\" width=\"885\" height=\"570\"  title='sindesmos_melvurnis1' alt='' srcset=\"https:\/\/karavas.eu\/wp-content\/uploads\/sindesmos_melvurnis1.jpg 885w, https:\/\/karavas.eu\/wp-content\/uploads\/sindesmos_melvurnis1-705x454.jpg 705w\" sizes=\"(max-width: 885px) 100vw, 885px\" \/><div class='big-prev-fake'><img decoding=\"async\" loading=\"lazy\" class=\"wp-image-30465 avia-img-lazy-loading-30465\"  width=\"495\" height=\"400\" src=\"https:\/\/karavas.eu\/wp-content\/uploads\/sindesmos_melvurnis1-495x400.jpg\" title='sindesmos_melvurnis1' alt='' \/><\/div><\/a><a href=\"https:\/\/karavas.eu\/wp-content\/uploads\/sindesmos_melvurnis2.jpg\" data-srcset=\"https:\/\/karavas.eu\/wp-content\/uploads\/sindesmos_melvurnis2.jpg 885w, https:\/\/karavas.eu\/wp-content\/uploads\/sindesmos_melvurnis2-705x454.jpg 705w\" data-sizes=\"(max-width: 885px) 100vw, 885px\" data-rel='gallery-1' data-prev-img='https:\/\/karavas.eu\/wp-content\/uploads\/sindesmos_melvurnis2-495x400.jpg' class='lightbox ' data-onclick='2' title='Da un evento dell&#8217;Associazione sul tema di Karavas. Insegnato da M. Yemetta. Da sinistra a destra, Natasa Laouta, Ilias Anastasiou, Soula Spyrou, Andreas Laouta, Savvas Christodoulou'  itemprop=\"thumbnailUrl\"  ><img decoding=\"async\" fetchpriority=\"high\" class=\"wp-image-30731 avia-img-lazy-loading-not-30731\"  data-avia-tooltip='Da un evento dell&#8217;Associazione sul tema di Karavas. Insegnato da M. Yemetta. Da sinistra a destra, Natasa Laouta, Ilias Anastasiou, Soula Spyrou, Andreas Laouta, Savvas Christodoulou' src=\"https:\/\/karavas.eu\/wp-content\/uploads\/sindesmos_melvurnis2.jpg\" width=\"885\" height=\"570\"  title='sindesmos_melvurnis2' alt='' srcset=\"https:\/\/karavas.eu\/wp-content\/uploads\/sindesmos_melvurnis2.jpg 885w, https:\/\/karavas.eu\/wp-content\/uploads\/sindesmos_melvurnis2-705x454.jpg 705w\" sizes=\"(max-width: 885px) 100vw, 885px\" \/><div class='big-prev-fake'><img decoding=\"async\" loading=\"lazy\" class=\"wp-image-30731 avia-img-lazy-loading-30731\"  width=\"495\" height=\"400\" src=\"https:\/\/karavas.eu\/wp-content\/uploads\/sindesmos_melvurnis2-495x400.jpg\" title='sindesmos_melvurnis2' alt='' \/><\/div><\/a><a href=\"https:\/\/karavas.eu\/wp-content\/uploads\/sindesmos_melvurnis3.jpg\" data-srcset=\"https:\/\/karavas.eu\/wp-content\/uploads\/sindesmos_melvurnis3.jpg 885w, https:\/\/karavas.eu\/wp-content\/uploads\/sindesmos_melvurnis3-705x454.jpg 705w\" data-sizes=\"(max-width: 885px) 100vw, 885px\" data-rel='gallery-1' data-prev-img='https:\/\/karavas.eu\/wp-content\/uploads\/sindesmos_melvurnis3-495x400.jpg' class='lightbox ' data-onclick='3' title='Dall&#8217;evento fotografico su Karavas. Da sinistra a destra, Irinoula Sofou, Frosso Spyrou, E. Laouta, Maria Giorgali'  itemprop=\"thumbnailUrl\"  ><img decoding=\"async\" fetchpriority=\"high\" class=\"wp-image-30732 avia-img-lazy-loading-not-30732\"  data-avia-tooltip='Dall&#8217;evento fotografico su Karavas. Da sinistra a destra, Irinoula Sofou, Frosso Spyrou, E. Laouta, Maria Giorgali' src=\"https:\/\/karavas.eu\/wp-content\/uploads\/sindesmos_melvurnis3.jpg\" width=\"885\" height=\"570\"  title='sindesmos_melvurnis3' alt='' srcset=\"https:\/\/karavas.eu\/wp-content\/uploads\/sindesmos_melvurnis3.jpg 885w, https:\/\/karavas.eu\/wp-content\/uploads\/sindesmos_melvurnis3-705x454.jpg 705w\" sizes=\"(max-width: 885px) 100vw, 885px\" \/><div class='big-prev-fake'><img decoding=\"async\" loading=\"lazy\" class=\"wp-image-30732 avia-img-lazy-loading-30732\"  width=\"495\" height=\"400\" src=\"https:\/\/karavas.eu\/wp-content\/uploads\/sindesmos_melvurnis3-495x400.jpg\" title='sindesmos_melvurnis3' alt='' \/><\/div><\/a><a href=\"https:\/\/karavas.eu\/wp-content\/uploads\/sindesmos_melvurnis4.jpg\" data-srcset=\"https:\/\/karavas.eu\/wp-content\/uploads\/sindesmos_melvurnis4.jpg 885w, https:\/\/karavas.eu\/wp-content\/uploads\/sindesmos_melvurnis4-705x454.jpg 705w\" data-sizes=\"(max-width: 885px) 100vw, 885px\" data-rel='gallery-1' data-prev-img='https:\/\/karavas.eu\/wp-content\/uploads\/sindesmos_melvurnis4-495x400.jpg' class='lightbox ' data-onclick='4' title='La danza del limone. Nella foto \u00e8 la famiglia di Georgia e Georgios Martikas'  itemprop=\"thumbnailUrl\"  ><img decoding=\"async\" fetchpriority=\"high\" class=\"wp-image-30733 avia-img-lazy-loading-not-30733\"  data-avia-tooltip='La danza del limone. Nella foto \u00e8 la famiglia di Georgia e Georgios Martikas' src=\"https:\/\/karavas.eu\/wp-content\/uploads\/sindesmos_melvurnis4.jpg\" width=\"885\" height=\"570\"  title='sindesmos_melvurnis4' alt='' srcset=\"https:\/\/karavas.eu\/wp-content\/uploads\/sindesmos_melvurnis4.jpg 885w, https:\/\/karavas.eu\/wp-content\/uploads\/sindesmos_melvurnis4-705x454.jpg 705w\" sizes=\"(max-width: 885px) 100vw, 885px\" \/><div class='big-prev-fake'><img decoding=\"async\" loading=\"lazy\" class=\"wp-image-30733 avia-img-lazy-loading-30733\"  width=\"495\" height=\"400\" src=\"https:\/\/karavas.eu\/wp-content\/uploads\/sindesmos_melvurnis4-495x400.jpg\" title='sindesmos_melvurnis4' alt='' \/><\/div><\/a><a href=\"https:\/\/karavas.eu\/wp-content\/uploads\/sindesmos_melvurnis5.jpg\" data-srcset=\"https:\/\/karavas.eu\/wp-content\/uploads\/sindesmos_melvurnis5.jpg 885w, https:\/\/karavas.eu\/wp-content\/uploads\/sindesmos_melvurnis5-705x454.jpg 705w\" data-sizes=\"(max-width: 885px) 100vw, 885px\" data-rel='gallery-1' data-prev-img='https:\/\/karavas.eu\/wp-content\/uploads\/sindesmos_melvurnis5-495x400.jpg' class='first_thumb lightbox ' data-onclick='5' title='Incontro di persone. Famiglia L. Christodoulou, P. Komodromou, S. Spyrou, E. Laouta, S. Nikitas e G. Yemettas'  itemprop=\"thumbnailUrl\"  ><img decoding=\"async\" fetchpriority=\"high\" class=\"wp-image-30734 avia-img-lazy-loading-not-30734\"  data-avia-tooltip='Incontro di persone. Famiglia L. Christodoulou, P. Komodromou, S. Spyrou, E. Laouta, S. Nikitas e G. Yemettas' src=\"https:\/\/karavas.eu\/wp-content\/uploads\/sindesmos_melvurnis5.jpg\" width=\"885\" height=\"570\"  title='sindesmos_melvurnis5' alt='' srcset=\"https:\/\/karavas.eu\/wp-content\/uploads\/sindesmos_melvurnis5.jpg 885w, https:\/\/karavas.eu\/wp-content\/uploads\/sindesmos_melvurnis5-705x454.jpg 705w\" sizes=\"(max-width: 885px) 100vw, 885px\" \/><div class='big-prev-fake'><img decoding=\"async\" loading=\"lazy\" class=\"wp-image-30734 avia-img-lazy-loading-30734\"  width=\"495\" height=\"400\" src=\"https:\/\/karavas.eu\/wp-content\/uploads\/sindesmos_melvurnis5-495x400.jpg\" title='sindesmos_melvurnis5' alt='' \/><\/div><\/a><a href=\"https:\/\/karavas.eu\/wp-content\/uploads\/sindesmos_melvurnis6.jpg\" data-srcset=\"https:\/\/karavas.eu\/wp-content\/uploads\/sindesmos_melvurnis6.jpg 885w, https:\/\/karavas.eu\/wp-content\/uploads\/sindesmos_melvurnis6-705x454.jpg 705w\" data-sizes=\"(max-width: 885px) 100vw, 885px\" data-rel='gallery-1' data-prev-img='https:\/\/karavas.eu\/wp-content\/uploads\/sindesmos_melvurnis6-495x400.jpg' class='lightbox ' data-onclick='6' title='L&#8217;Associazione partecipa sempre agli eventi sul problema cipriota organizzati dalla diaspora. E. e N. Lauta e M. Yemetta a Canberra '  itemprop=\"thumbnailUrl\"  ><img decoding=\"async\" fetchpriority=\"high\" class=\"wp-image-30735 avia-img-lazy-loading-not-30735\"  data-avia-tooltip='L&#8217;Associazione partecipa sempre agli eventi sul problema cipriota organizzati dalla diaspora. E. e N. Lauta e M. Yemetta a Canberra ' src=\"https:\/\/karavas.eu\/wp-content\/uploads\/sindesmos_melvurnis6.jpg\" width=\"885\" height=\"570\"  title='sindesmos_melvurnis6' alt='' srcset=\"https:\/\/karavas.eu\/wp-content\/uploads\/sindesmos_melvurnis6.jpg 885w, https:\/\/karavas.eu\/wp-content\/uploads\/sindesmos_melvurnis6-705x454.jpg 705w\" sizes=\"(max-width: 885px) 100vw, 885px\" \/><div class='big-prev-fake'><img decoding=\"async\" loading=\"lazy\" class=\"wp-image-30735 avia-img-lazy-loading-30735\"  width=\"495\" height=\"400\" src=\"https:\/\/karavas.eu\/wp-content\/uploads\/sindesmos_melvurnis6-495x400.jpg\" title='sindesmos_melvurnis6' alt='' \/><\/div><\/a><a href=\"https:\/\/karavas.eu\/wp-content\/uploads\/sindesmos_melvurnis7.jpg\" data-srcset=\"https:\/\/karavas.eu\/wp-content\/uploads\/sindesmos_melvurnis7.jpg 885w, https:\/\/karavas.eu\/wp-content\/uploads\/sindesmos_melvurnis7-705x454.jpg 705w\" data-sizes=\"(max-width: 885px) 100vw, 885px\" data-rel='gallery-1' data-prev-img='https:\/\/karavas.eu\/wp-content\/uploads\/sindesmos_melvurnis7-495x400.jpg' class='lightbox ' data-onclick='7' title='Mostra di arte popolare cipriota organizzata da Maro \u03a5emetta al Melbourne Museum sotto gli auspici del governo australiano'  itemprop=\"thumbnailUrl\"  ><img decoding=\"async\" fetchpriority=\"high\" class=\"wp-image-30736 avia-img-lazy-loading-not-30736\"  data-avia-tooltip='Mostra di arte popolare cipriota organizzata da Maro \u03a5emetta al Melbourne Museum sotto gli auspici del governo australiano' src=\"https:\/\/karavas.eu\/wp-content\/uploads\/sindesmos_melvurnis7.jpg\" width=\"885\" height=\"570\"  title='sindesmos_melvurnis7' alt='' srcset=\"https:\/\/karavas.eu\/wp-content\/uploads\/sindesmos_melvurnis7.jpg 885w, https:\/\/karavas.eu\/wp-content\/uploads\/sindesmos_melvurnis7-705x454.jpg 705w\" sizes=\"(max-width: 885px) 100vw, 885px\" \/><div class='big-prev-fake'><img decoding=\"async\" loading=\"lazy\" class=\"wp-image-30736 avia-img-lazy-loading-30736\"  width=\"495\" height=\"400\" src=\"https:\/\/karavas.eu\/wp-content\/uploads\/sindesmos_melvurnis7-495x400.jpg\" title='sindesmos_melvurnis7' alt='' \/><\/div><\/a><a href=\"https:\/\/karavas.eu\/wp-content\/uploads\/sindesmos_melvurniS8.jpg\" data-srcset=\"https:\/\/karavas.eu\/wp-content\/uploads\/sindesmos_melvurniS8.jpg 885w, https:\/\/karavas.eu\/wp-content\/uploads\/sindesmos_melvurniS8-705x454.jpg 705w\" data-sizes=\"(max-width: 885px) 100vw, 885px\" data-rel='gallery-1' data-prev-img='https:\/\/karavas.eu\/wp-content\/uploads\/sindesmos_melvurniS8-495x400.jpg' class='lightbox ' data-onclick='8' title='Maro \u03a5emetta presenta l&#8217;arte popolare cipriota ai bambini'  itemprop=\"thumbnailUrl\"  ><img decoding=\"async\" fetchpriority=\"high\" class=\"wp-image-30737 avia-img-lazy-loading-not-30737\"  data-avia-tooltip='Maro \u03a5emetta presenta l&#8217;arte popolare cipriota ai bambini' src=\"https:\/\/karavas.eu\/wp-content\/uploads\/sindesmos_melvurniS8.jpg\" width=\"885\" height=\"570\"  title='sindesmos_melvurniS8' alt='' srcset=\"https:\/\/karavas.eu\/wp-content\/uploads\/sindesmos_melvurniS8.jpg 885w, https:\/\/karavas.eu\/wp-content\/uploads\/sindesmos_melvurniS8-705x454.jpg 705w\" sizes=\"(max-width: 885px) 100vw, 885px\" \/><div class='big-prev-fake'><img decoding=\"async\" loading=\"lazy\" class=\"wp-image-30737 avia-img-lazy-loading-30737\"  width=\"495\" height=\"400\" src=\"https:\/\/karavas.eu\/wp-content\/uploads\/sindesmos_melvurniS8-495x400.jpg\" title='sindesmos_melvurniS8' alt='' \/><\/div><\/a><\/div><\/div>\n","protected":false},"excerpt":{"rendered":"","protected":false},"author":1,"featured_media":0,"parent":30443,"menu_order":145,"comment_status":"closed","ping_status":"closed","template":"","meta":{"footnotes":""},"class_list":["post-30464","page","type-page","status-publish","hentry"],"_links":{"self":[{"href":"https:\/\/karavas.eu\/it\/wp-json\/wp\/v2\/pages\/30464","targetHints":{"allow":["GET"]}}],"collection":[{"href":"https:\/\/karavas.eu\/it\/wp-json\/wp\/v2\/pages"}],"about":[{"href":"https:\/\/karavas.eu\/it\/wp-json\/wp\/v2\/types\/page"}],"author":[{"embeddable":true,"href":"https:\/\/karavas.eu\/it\/wp-json\/wp\/v2\/users\/1"}],"replies":[{"embeddable":true,"href":"https:\/\/karavas.eu\/it\/wp-json\/wp\/v2\/comments?post=30464"}],"version-history":[{"count":0,"href":"https:\/\/karavas.eu\/it\/wp-json\/wp\/v2\/pages\/30464\/revisions"}],"up":[{"embeddable":true,"href":"https:\/\/karavas.eu\/it\/wp-json\/wp\/v2\/pages\/30443"}],"wp:attachment":[{"href":"https:\/\/karavas.eu\/it\/wp-json\/wp\/v2\/media?parent=30464"}],"curies":[{"name":"wp","href":"https:\/\/api.w.org\/{rel}","templated":true}]}}