{"id":30463,"date":"2018-09-02T16:40:17","date_gmt":"2018-09-02T13:40:17","guid":{"rendered":"https:\/\/karavas.eu\/karavas\/organized-groups\/overseas-association-of-the-united-kingdom\/"},"modified":"2023-09-05T12:23:13","modified_gmt":"2023-09-05T09:23:13","slug":"overseas-association-of-the-united-kingdom","status":"publish","type":"page","link":"https:\/\/karavas.eu\/it\/karavas\/organized-groups\/overseas-association-of-the-united-kingdom\/","title":{"rendered":"Associazione d&#8217;oltremare del Regno Unito"},"content":{"rendered":"<section  class='av_textblock_section av-jpw8w9f4-2033f951d359cd815fb7287da4492051 '   itemscope=\"itemscope\" itemtype=\"https:\/\/schema.org\/CreativeWork\" ><div class='avia_textblock'  itemprop=\"text\" ><h5><strong>Storia <\/strong><\/h5>\n<p>I primi pensieri di fondazione dell&#8217;Associazione sono avvenuti il 28 aprile 1984, durante un piccolo raduno a cui hanno partecipato, tra gli altri: Chr. Papapavlou, Takis Kalimeras, S. Florides, Rikkos Mylonas, G. Andreou, Dinos Apostolides. I partecipanti hanno deciso all&#8217;unanimit\u00e0 di fondare l&#8217;Associazione Lapithos, Karavas and Environs.<\/p>\n<p>Il 30 novembre 1984 si tenne un ballo per conoscersi, durante il quale Nicos Karaviotis (figlio di Leonidas Karaviotis) insieme alla sua band intrattenne tutti i partecipanti.<\/p>\n<p>La prima assemblea costitutiva si \u00e8 tenuta il 21 aprile 1985 presso il Centro Edison e il primo consiglio direttivo dell&#8217;Associazione era composto da:<\/p>\n<p>Chr. Papapavlou (presidente), Nicos Kallis (vicepresidente), T. Kalimeras (segretario generale), A. Yiannakou (segretario generale organizzativo), G. Andreou (tesoriere) e N. Apostolides, Savvas Demetriou (Churchill), R. Mylonas, S. Papaxenophontos, S. Siakides, Margarita Souratou Hadjiserki, A. Socratous, Panayiota Florides, S. Florides, Giorgos Christodoulou Solomou ed Eleni Aristotelous (membri).<\/p>\n<h5><strong>Attivit\u00e0 dell&#8217;Associazione<\/strong><\/h5>\n<p>Tra gli altri eventi, l&#8217;associazione ha organizzato mostre di arte popolare, artigianato e ricamo, provenienti dalle citt\u00e0 occupate di Karavas e Lapithos.<\/p>\n<p>L&#8217;Associazione risponde positivamente a molte richieste di aiutare i co-paesani, cos\u00ec come i connazionali che hanno urgente bisogno di assistenza finanziaria.<\/p>\n<p>Il contributo dell&#8217;Associazione nella questione nazionale e nella lotta dell&#8217;ellenismo cipriota per la libert\u00e0 e la giustizia \u00e8 sempre il suo obiettivo primario.<\/p>\n<p>Su iniziativa dell&#8217;Associazione sono stati stampati opuscoli informativi per il problema di Cipro, con ritagli di stampa di giornali del 1974 e altro materiale.<\/p>\n<p>Nel contesto degli sforzi dell&#8217;Associazione per mantenere la memoria delle nostre citt\u00e0 occupate e rafforzare i legami tra le persone originarie\u00a0 di Karavas e di Lapithos che vivono in Gran Bretagna, l&#8217;associazione organizza ogni anno la &#8220;Danza del limone&#8221;. Il primo ballo si \u00e8 tenuto il 4 ottobre 1986 ed \u00e8 stato un grande successo. In tali eventi, la partecipazione dei ciprioti d&#8217;oltremare \u00e8 molto emozionante, poich\u00e9 il limone si \u00e8 affermato nel cuore di tutti come il simbolo della nostra patria che ricorda a tutti le serene valli verdi di Karavas e Lapithos.<\/p>\n<p>L&#8217;Associazione mantiene stretti rapporti con le associazioni fraterne di rifugiati di Cipro, Karavas e Lapithos, cos\u00ec come i Comuni delle due citt\u00e0.<\/p>\n<\/div><\/section>\n","protected":false},"excerpt":{"rendered":"","protected":false},"author":1,"featured_media":0,"parent":30443,"menu_order":141,"comment_status":"closed","ping_status":"closed","template":"","meta":{"footnotes":""},"class_list":["post-30463","page","type-page","status-publish","hentry"],"_links":{"self":[{"href":"https:\/\/karavas.eu\/it\/wp-json\/wp\/v2\/pages\/30463","targetHints":{"allow":["GET"]}}],"collection":[{"href":"https:\/\/karavas.eu\/it\/wp-json\/wp\/v2\/pages"}],"about":[{"href":"https:\/\/karavas.eu\/it\/wp-json\/wp\/v2\/types\/page"}],"author":[{"embeddable":true,"href":"https:\/\/karavas.eu\/it\/wp-json\/wp\/v2\/users\/1"}],"replies":[{"embeddable":true,"href":"https:\/\/karavas.eu\/it\/wp-json\/wp\/v2\/comments?post=30463"}],"version-history":[{"count":0,"href":"https:\/\/karavas.eu\/it\/wp-json\/wp\/v2\/pages\/30463\/revisions"}],"up":[{"embeddable":true,"href":"https:\/\/karavas.eu\/it\/wp-json\/wp\/v2\/pages\/30443"}],"wp:attachment":[{"href":"https:\/\/karavas.eu\/it\/wp-json\/wp\/v2\/media?parent=30463"}],"curies":[{"name":"wp","href":"https:\/\/api.w.org\/{rel}","templated":true}]}}