{"id":30439,"date":"2018-09-02T16:39:12","date_gmt":"2018-09-02T13:39:12","guid":{"rendered":"https:\/\/karavas.eu\/karavas\/karavas-municipal\/"},"modified":"2023-09-13T10:09:14","modified_gmt":"2023-09-13T07:09:14","slug":"karavas-municipal","status":"publish","type":"page","link":"https:\/\/karavas.eu\/it\/karavas\/karavas-municipal\/","title":{"rendered":"Comune  di Karavas"},"content":{"rendered":"\n<style type=\"text\/css\" data-created_by=\"avia_inline_auto\" id=\"style-css-av-jli1c39a-573a814243dcf64ecda17e9219bdd386\">\n#top .togglecontainer.av-jli1c39a-573a814243dcf64ecda17e9219bdd386 p.toggler{\ncolor:#ffffff;\nbackground-color:#0054aa;\n}\n#top .togglecontainer.av-jli1c39a-573a814243dcf64ecda17e9219bdd386 p.toggler .toggle_icon{\ncolor:#ffffff;\nborder-color:#ffffff;\n}\n#top .togglecontainer.av-jli1c39a-573a814243dcf64ecda17e9219bdd386 .toggle_wrap .toggle_content{\ncolor:#ffffff;\nbackground-color:#0054aa;\n}\n<\/style>\n<div  class='togglecontainer av-jli1c39a-573a814243dcf64ecda17e9219bdd386 av-minimal-toggle  avia-builder-el-0  avia-builder-el-no-sibling  toggle_close_all' >\n<section class='av_toggle_section av-7c3rq9-1cca4fc1f8954dac72f4b4c81a842275'  itemscope=\"itemscope\" itemtype=\"https:\/\/schema.org\/CreativeWork\" ><div role=\"tablist\" class=\"single_toggle\" data-tags=\"{Tutto} \"  ><p id='toggle-toggle-id-1' data-fake-id='#toggle-id-1' class='toggler  av-title-above av-inherit-font-color hasCustomColor'  itemprop=\"headline\"  role='tab' tabindex='0' aria-controls='toggle-id-1' data-slide-speed=\"200\" data-title=\"Mayor\u2019s Message\" data-title-open=\"\" data-aria_collapsed=\"Clicca per espandere: Mayor\u2019s Message\" data-aria_expanded=\"Fare clic per chiudere: Mayor\u2019s Message\">Mayor\u2019s Message<span class=\"toggle_icon\"><span class=\"vert_icon\"><\/span><span class=\"hor_icon\"><\/span><\/span><\/p><div id='toggle-id-1' aria-labelledby='toggle-toggle-id-1' role='region' class='toggle_wrap  av-title-above'  ><div class='toggle_content invers-color av-inherit-font-color hasCustomColor'  itemprop=\"text\" ><p><img loading=\"lazy\" decoding=\"async\" class=\"wp-image-4798 alignright\" src=\"http:\/\/karavas.eu\/wp-content\/uploads\/nicos_hadistephanou-240x300.jpg\" alt=\"\" width=\"200\" height=\"250\" \/>NOTA DEL SINDACO DI KARAVAS<\/p>\n<p>Cari compatrioti,<\/p>\n<p>Negli ultimi 47 anni, Karavas \u00e8 diventata schiava sotto la vile occupazione dei turchi. \u00c8 stata saccheggiata ed \u00e8 ora quasi irriconoscibile. Tuttavia, non importa cosa ne sia stato di Karavas, \u00e8 la nostra terra, la terra dei nostri antenati. Attende il nostro ritorno.<\/p>\n<p>Il ritorno in patria \u00e8 davvero un compito molto difficile, ma non insormontabile. Uniti, possiamo farcela. La nostra unit\u00e0 e il nostro spirito comune, manifestati dalla Fraternit\u00e0 del Popolo di Karavas, danno speranza a tutti noi. \u00c8 quindi nostro sacro dovere proteggere questo senso di unit\u00e0 e rafforzarlo.<\/p>\n<p class=\"maintext\">Invito ognuno di voi a stare con noi nel nostro tentativo guidato dalla speranza e dalla fede di poter un giorno tornare nella nostra amata terra, una Karavas libera.<\/p>\n<\/div><\/div><\/div><\/section>\n<section class='av_toggle_section av-9wr01-bee4617a79c8fc2f5ec02f2dc147487f'  itemscope=\"itemscope\" itemtype=\"https:\/\/schema.org\/CreativeWork\" ><div role=\"tablist\" class=\"single_toggle\" data-tags=\"{Tutto} \"  ><p id='toggle-toggle-id-2' data-fake-id='#toggle-id-2' class='toggler  av-title-above av-inherit-font-color hasCustomColor'  itemprop=\"headline\"  role='tab' tabindex='0' aria-controls='toggle-id-2' data-slide-speed=\"200\" data-title=\"Consiglio comunale \" data-title-open=\"\" data-aria_collapsed=\"Clicca per espandere: Consiglio comunale \" data-aria_expanded=\"Fare clic per chiudere: Consiglio comunale \">Consiglio comunale <span class=\"toggle_icon\"><span class=\"vert_icon\"><\/span><span class=\"hor_icon\"><\/span><\/span><\/p><div id='toggle-id-2' aria-labelledby='toggle-toggle-id-2' role='region' class='toggle_wrap  av-title-above'  ><div class='toggle_content invers-color av-inherit-font-color hasCustomColor'  itemprop=\"text\" ><p><strong>Sindaco<\/strong><\/p>\n<p>Nicos Hadjistephanou<\/p>\n<p><strong>Vicesindaco<\/strong><\/p>\n<p>Panayiotis Manoli<\/p>\n<p><strong>Membri<\/strong><\/p>\n<p>Chrysanthi Epifaniou<\/p>\n<p>Costas Constantinou<\/p>\n<p>Marios Mouyis<\/p>\n<p>Nicos Papapetrou<\/p>\n<p>Alexandros Postekkis<\/p>\n<p>Sotera Potamitou<\/p>\n<p>Kyriacos Hadjinicolaou<\/p>\n<\/div><\/div><\/div><\/section>\n<section class='av_toggle_section av-3a4xch-1a9447733ffde2a8c9610d42836fd86c'  itemscope=\"itemscope\" itemtype=\"https:\/\/schema.org\/CreativeWork\" ><div role=\"tablist\" class=\"single_toggle\" data-tags=\"{Tutto} \"  ><p id='toggle-toggle-id-3' data-fake-id='#toggle-id-3' class='toggler  av-title-above av-inherit-font-color hasCustomColor'  itemprop=\"headline\"  role='tab' tabindex='0' aria-controls='toggle-id-3' data-slide-speed=\"200\" data-title=\"Comitati comunali\" data-title-open=\"\" data-aria_collapsed=\"Clicca per espandere: Comitati comunali\" data-aria_expanded=\"Fare clic per chiudere: Comitati comunali\">Comitati comunali<span class=\"toggle_icon\"><span class=\"vert_icon\"><\/span><span class=\"hor_icon\"><\/span><\/span><\/p><div id='toggle-id-3' aria-labelledby='toggle-toggle-id-3' role='region' class='toggle_wrap  av-title-above'  ><div class='toggle_content invers-color av-inherit-font-color hasCustomColor'  itemprop=\"text\" ><p><strong>Gestione finanziaria Comitato <\/strong><\/p>\n<p>Nikos Hadjistephanou \u2013 Sindaco<\/p>\n<p>Panikos Manolis \u2013 Vicesindaco<\/p>\n<p>Chrysanthi Epiphaniou<\/p>\n<p>Kostas Konstantinou<\/p>\n<p>Marios Mouyis<\/p>\n<p>Nikos Papapetrou<\/p>\n<p>Alexis Postekkis<\/p>\n<p>Sotera Potamitou<\/p>\n<p>Kyriakos Hadjinikolaou<\/p>\n<p><strong>Comitato Eventi <\/strong><\/p>\n<p>Nikos Hadjistephanou \u2013 Sindaco<\/p>\n<p>Panikos Manolis \u2013 Vicesindaco<\/p>\n<p>Chrysanthi Epiphaniou<\/p>\n<p>Kostas Konstantinou<\/p>\n<p>Marios Mouyis<\/p>\n<p>Nikos Papapetrou<\/p>\n<p>Alexis Postekkis<\/p>\n<p>Potamitou Sotera<\/p>\n<p>Kyriakos Hadjinikolaou<\/p>\n<p>Yiannis Papaioannou<\/p>\n<p>Pitsa Protopapa<\/p>\n<p>Nelli Loukaidou<\/p>\n<p>Maro Hadjistephanou Kostas Pateras<\/p>\n<p>Andreas Pateras<\/p>\n<p>Andreas (Rikkos) Charalambous<\/p>\n<p>Christoforos Tsangaridis<\/p>\n<p>Androula Assiotou<\/p>\n<p><strong>Comitato delle pubblicazioni <\/strong><\/p>\n<p>Nikos Hadjistephanou \u2013 Sindaco<\/p>\n<p>Panikos Manolis \u2013 Vicesindaco<\/p>\n<p>Chrysanthi Epiphaniou<\/p>\n<p>Kostas Konstantinou<\/p>\n<p>Marios Mouyis<\/p>\n<p>Nikos Papapetrou<\/p>\n<p>Alexis Postekkis<\/p>\n<p>Sotera Potamitou<\/p>\n<p>Kyriakos Hadjinikolaou<\/p>\n<p>Yiannis Papaioannou<\/p>\n<p>Pitsa Protopapa<\/p>\n<p>Maro Hadjistephanou<\/p>\n<p>Kostas Pateras<\/p>\n<p>Andreas Pateras<\/p>\n<p>Andreas (Rikkos) Charalambous<\/p>\n<p>Christoforos Christodoulidis<\/p>\n<p>Chrystalla Charalambous<\/p>\n<p>Iro Asprou<\/p>\n<p><strong>\u00a0Comitato per l&#8217;Illuminismo <\/strong><\/p>\n<p>Nikos Hadjistephanou \u2013 Sindaco<\/p>\n<p>Panikos Manolis \u2013 Vicesindaco<\/p>\n<p>Chrysanthi Epiphaniou<\/p>\n<p>Kostas Konstantinou<\/p>\n<p>Marios Mouyis<\/p>\n<p>Nikos Papapetrou<\/p>\n<p>Alexis Postekkis<\/p>\n<p>Sotera Potamitou<\/p>\n<p>Kyriakos Hadjinikolaou<\/p>\n<p>Anastasia (Bruxelles)<\/p>\n<p>Kyriakos Triantafyllidis<\/p>\n<p>Georgios Iordanous<\/p>\n<p>Pitsa Protopapa<\/p>\n<p><strong>Comitato per l&#8217;edilizia abitativa e il supporto tecnico <\/strong><\/p>\n<p>Kostas Konstantinou<\/p>\n<p>Alexis Postekkis<\/p>\n<p>Kyriakos Hadjinikolaou<\/p>\n<p>Marios Mouyis<\/p>\n<p>Yiannis Loizis<\/p>\n<p>Georgios Cleanthous<\/p>\n<p><strong>Comitato per la previdenza sociale <\/strong><\/p>\n<p>Nikos Papapetrou (Nicosia-Larnaca) Panikos Manolis<\/p>\n<p>(Limessos-Paphos)<\/p>\n<p>Maro Hadjistephanou<\/p>\n<p><strong>Comitato Programmi Europei <\/strong><\/p>\n<p>Chrysanthi Epiphaniou Ky<\/p>\n<p>riakos Hadjinikolaou<\/p>\n<p>Alexis Postekkis<\/p>\n<p>Marios Mouyis<\/p>\n<p>Despo Sergidou Kyprianou<\/p>\n<p>Andreas Lambrou<\/p>\n<p>Fofi Konstantinidou<\/p>\n<p><strong>Commissioni Speciali <\/strong><\/p>\n<p><strong>Mostra Fervolite <\/strong><\/p>\n<p>Sotera Potamitou<\/p>\n<p>Kostas Konstantinou<\/p>\n<p>Alexis Postekkis<\/p>\n<p>Pitsa Protopapa<\/p>\n<p>Kallistheni Kosiari<\/p>\n<p>Maroula Manoli<\/p>\n<p>Vasiliki Christodoulidou<\/p>\n<p>Nania Antoniadou<\/p>\n<p><strong>Anagrafe delle propriet\u00e0 comunali <\/strong><\/p>\n<p>Kostas Konstantinou<\/p>\n<p>Marios Mouyis<\/p>\n<p>Kyriakos Hadjinikolaou<\/p>\n<p>Panikos Georgiadis<\/p>\n<p><strong>Registri (cittadini, scout, giovani, anziani) <\/strong><\/p>\n<p>Kyriakos Hadjinikolaou<\/p>\n<p>Panagiotis Manolis<\/p>\n<p>Nikos Papapetrou<\/p>\n<p>Sotera Potamitou<\/p>\n<p>Marios Mouyis<\/p>\n<p>Sotiroula Kyrou<\/p>\n<p><strong>CONSULTIVO <\/strong><\/p>\n<p><strong>COMITATI (Segretari)<\/strong><\/p>\n<p>(Sono composti principalmente da non membri del Consiglio di Amministrazione e hanno un Segretario che \u00e8 membro del Consiglio di Amministrazione)<\/p>\n<p><strong>Commissione giuridica<\/strong><\/p>\n<p>Chrysanthi Epiphaniou (segretario)<\/p>\n<p>Yiannis Papaioannou<\/p>\n<p>Kyriakos Triantafyllidis<\/p>\n<p>Andreas Lambrou<\/p>\n<p>Sotiris Loukaidis<\/p>\n<p>Emily Karaiscou<\/p>\n<p>Christakis Mitsidis<\/p>\n<p><strong>Comitato finanziario <\/strong><\/p>\n<p>Kyriakos Hadjinikolaou (Segretario)<\/p>\n<p>Loukis Iakovidis<\/p>\n<p>Andreas Pateras<\/p>\n<p>Panikos Georgiadis<\/p>\n<p>Noulla Frangoudi<\/p>\n<p>Lampros Mauris<\/p>\n<p>Christakis Christoforou<\/p>\n<p>Evanthia Patera<\/p>\n<p>Maro Hadjistephanou<\/p>\n<p>Dimitris Christou<\/p>\n<p><strong>Commissione per le relazioni internazionali <\/strong><\/p>\n<p>Marios Mouyis (segretario)<\/p>\n<p>Chrysanthi Epiphaniou<\/p>\n<p>Kyriakos Triantafyllidis<\/p>\n<p>Lucia Mouyis<\/p>\n<p>Konstantinos Kitromelis<\/p>\n<p>Anastasia Christou<\/p>\n<p>Irini Leontiou<\/p>\n<p>Georgios Iordanous<\/p>\n<\/div><\/div><\/div><\/section>\n<section class='av_toggle_section av-2cr5gh-0c2616ef162cfc9cbcef2cd023266d5f'  itemscope=\"itemscope\" itemtype=\"https:\/\/schema.org\/CreativeWork\" ><div role=\"tablist\" class=\"single_toggle\" data-tags=\"{Tutto} \"  ><p id='toggle-toggle-id-4' data-fake-id='#toggle-id-4' class='toggler  av-title-above av-inherit-font-color hasCustomColor'  itemprop=\"headline\"  role='tab' tabindex='0' aria-controls='toggle-id-4' data-slide-speed=\"200\" data-title=\"Sindaci precedenti \" data-title-open=\"\" data-aria_collapsed=\"Clicca per espandere: Sindaci precedenti \" data-aria_expanded=\"Fare clic per chiudere: Sindaci precedenti \">Sindaci precedenti <span class=\"toggle_icon\"><span class=\"vert_icon\"><\/span><span class=\"hor_icon\"><\/span><\/span><\/p><div id='toggle-id-4' aria-labelledby='toggle-toggle-id-4' role='region' class='toggle_wrap  av-title-above'  ><div class='toggle_content invers-color av-inherit-font-color hasCustomColor'  itemprop=\"text\" ><table border=\"1\" cellspacing=\"0\" cellpadding=\"0\">\n<tbody>\n<tr>\n<td valign=\"top\"><strong>Nome del sindaco <\/strong><\/td>\n<td valign=\"top\"><strong>Durata del mandato <\/strong><\/td>\n<\/tr>\n<tr>\n<td valign=\"top\">Kyprianos P. Douvlias (Daktyliadis)<\/td>\n<td valign=\"top\">07\/06\/1884\u201302\/08\/1887<\/td>\n<\/tr>\n<tr>\n<td valign=\"top\">Gabriele Phylaktos<\/td>\n<td valign=\"top\">02\/08\/1887-16\/05\/1888<\/td>\n<\/tr>\n<tr>\n<td valign=\"top\">Iakovos Georgiou<\/td>\n<td valign=\"top\">16\/05\/1888-02\/03\/1892<\/td>\n<\/tr>\n<tr>\n<td valign=\"top\">Kyprianos Daktiliadis<\/td>\n<td valign=\"top\">02\/03\/1892-29\/04\/1897<\/td>\n<\/tr>\n<tr>\n<td valign=\"top\">Michael Konstantinidis<\/td>\n<td valign=\"top\">29\/04\/1897-29\/09\/1900<\/td>\n<\/tr>\n<tr>\n<td valign=\"top\">Nikolaos Paraskea<\/td>\n<td valign=\"top\">29\/09\/1900-10\/12\/1903<\/td>\n<\/tr>\n<tr>\n<td valign=\"top\">Michael Tziakas<\/td>\n<td valign=\"top\">10\/12\/1903-16\/04\/1908<\/td>\n<\/tr>\n<tr>\n<td valign=\"top\">Grigorios X&#8221; Lambrou<\/td>\n<td valign=\"top\">16\/04\/1908-31\/03\/1926<\/td>\n<\/tr>\n<tr>\n<td valign=\"top\">Konstantinos X&#8221;Alexandrou<\/td>\n<td valign=\"top\">31\/03\/1926-08\/05\/1927<\/td>\n<\/tr>\n<tr>\n<td valign=\"top\">Christodoulos X&#8221; Kyriakou<\/td>\n<td valign=\"top\">08\/05\/1927-08\/02\/1933<\/td>\n<\/tr>\n<tr>\n<td valign=\"top\">Georgios X&#8221; Grigoriou<\/td>\n<td valign=\"top\">08\/02\/1933-01\/06\/1946<\/td>\n<\/tr>\n<tr>\n<td valign=\"top\">Dimitrios N. Laios<\/td>\n<td valign=\"top\">01\/06\/1946-01\/06\/1949<\/td>\n<\/tr>\n<tr>\n<td valign=\"top\">Loizos K. Psathas<\/td>\n<td valign=\"top\">01\/06\/1946-01\/06\/1953<\/td>\n<\/tr>\n<tr>\n<td valign=\"top\">Panagiotis N. Kalavas<\/td>\n<td valign=\"top\">01\/06\/1953-31\/12\/1962<\/td>\n<\/tr>\n<tr>\n<td valign=\"top\">Christoforos Kythraiotis, Prefetto di Nicosia e Kyrenia<\/td>\n<td valign=\"top\">01\/01\/1963-19\/12\/1964<\/td>\n<\/tr>\n<tr>\n<td valign=\"top\">Kostas M. Stephanidis, Prefetto Aggiunto di Kyrenia<\/td>\n<td valign=\"top\">01\/01\/1963-19\/12\/1964<\/td>\n<\/tr>\n<tr>\n<td valign=\"top\">Ioannis Charmandas<\/td>\n<td valign=\"top\">19\/12\/1964-23\/07\/1970<\/td>\n<\/tr>\n<tr>\n<td valign=\"top\">Philis Hatjidamanou<\/td>\n<td valign=\"top\">23\/07\/1970-31\/12\/1991<\/td>\n<\/tr>\n<tr>\n<td valign=\"top\">Panikos Tsedas<\/td>\n<td valign=\"top\">01\/01\/1992-31\/12\/2001<\/td>\n<\/tr>\n<tr>\n<td valign=\"top\">Giannis Papaioannou<\/td>\n<td valign=\"top\">01\/01\/2002-31\/12\/2016<\/td>\n<\/tr>\n<tr>\n<td valign=\"top\">Nikos Hadjistephanou<\/td>\n<td valign=\"top\">01\/01\/2017-<\/td>\n<\/tr>\n<\/tbody>\n<\/table>\n<\/div><\/div><\/div><\/section>\n<\/div>\n","protected":false},"excerpt":{"rendered":"","protected":false},"author":1,"featured_media":0,"parent":30395,"menu_order":105,"comment_status":"closed","ping_status":"closed","template":"","meta":{"footnotes":""},"class_list":["post-30439","page","type-page","status-publish","hentry"],"_links":{"self":[{"href":"https:\/\/karavas.eu\/it\/wp-json\/wp\/v2\/pages\/30439","targetHints":{"allow":["GET"]}}],"collection":[{"href":"https:\/\/karavas.eu\/it\/wp-json\/wp\/v2\/pages"}],"about":[{"href":"https:\/\/karavas.eu\/it\/wp-json\/wp\/v2\/types\/page"}],"author":[{"embeddable":true,"href":"https:\/\/karavas.eu\/it\/wp-json\/wp\/v2\/users\/1"}],"replies":[{"embeddable":true,"href":"https:\/\/karavas.eu\/it\/wp-json\/wp\/v2\/comments?post=30439"}],"version-history":[{"count":0,"href":"https:\/\/karavas.eu\/it\/wp-json\/wp\/v2\/pages\/30439\/revisions"}],"up":[{"embeddable":true,"href":"https:\/\/karavas.eu\/it\/wp-json\/wp\/v2\/pages\/30395"}],"wp:attachment":[{"href":"https:\/\/karavas.eu\/it\/wp-json\/wp\/v2\/media?parent=30439"}],"curies":[{"name":"wp","href":"https:\/\/api.w.org\/{rel}","templated":true}]}}