{"id":30428,"date":"2018-09-02T16:37:14","date_gmt":"2018-09-02T13:37:14","guid":{"rendered":"https:\/\/karavas.eu\/karavas\/karavas-yesterday-and-today\/contribution-to-the-nations-struggles-for-freedom\/"},"modified":"2023-09-05T13:27:21","modified_gmt":"2023-09-05T10:27:21","slug":"contribution-to-the-nations-struggles-for-freedom","status":"publish","type":"page","link":"https:\/\/karavas.eu\/it\/karavas\/karavas-yesterday-and-today\/contribution-to-the-nations-struggles-for-freedom\/","title":{"rendered":"Il contributo di Karavas alle lotte della nazione per la libert\u00e0"},"content":{"rendered":"<section  class='av_textblock_section av-2b8pkd-bfa1a2e617c498d8ff6306112938c4f3 '   itemscope=\"itemscope\" itemtype=\"https:\/\/schema.org\/CreativeWork\" ><div class='avia_textblock'  itemprop=\"text\" ><p>La partecipazione di Karavas a tutte le lotte della nazione greca per la libert\u00e0 fu significativa. Degno di nota \u00e8 il contributo della citt\u00e0 alla rivoluzione greca del 1821 per l&#8217;indipendenza contro gli ottomani, quando i residenti della zona fornirono cibo e denaro a Konstantinos Kanaris.<\/p>\n<p>Inoltre, un gran numero di giovani di Karavas si unirono all&#8217;esercito greco nella guerra contro la Turchia nel 1897 e nelle guerre balcaniche del 1912-1913. Hanno anche combattuto nelle due guerre mondiali e nella lotta di liberazione EOKA del 1955-59. Va notato che 65 uomini di Karavas sono stati reclutati come volontari nell&#8217;esercito greco durante le guerre balcaniche e pi\u00f9 di 150 residenti di Karavas hanno combattuto nella seconda guerra mondiale.<\/p>\n<p>Su una targa commemorativa di marmo posta su un muro della Prima Scuola Urbana di Karavas, sono stati scolpiti i nomi di quattro eroi che hanno sacrificato le loro vite durante le guerre balcaniche e la prima guerra mondiale. Una replica della targa \u00e8 stata posta sul muro dell&#8217;edificio della Fondazione Culturale Karavas nel 2017.<\/p>\n<\/div><\/section>\n\n<style type=\"text\/css\" data-created_by=\"avia_inline_auto\" id=\"style-css-av-jpmko63v-2c33cd45d43902a7d2f766cfa7c93f3f\">\n#top .avia-gallery.av-jpmko63v-2c33cd45d43902a7d2f766cfa7c93f3f .avia-gallery-thumb a{\nwidth:25%;\n}\n<\/style>\n<div  class='avia-gallery av-jpmko63v-2c33cd45d43902a7d2f766cfa7c93f3f avia_animate_when_visible  avia-builder-el-1  el_after_av_textblock  avia-builder-el-last  deactivate_avia_lazyload avia-gallery-animate avia-gallery-1'  itemprop=\"image\" itemscope=\"itemscope\" itemtype=\"https:\/\/schema.org\/ImageObject\" ><meta itemprop=\"contentURL\" content=\"https:\/\/karavas.eu\/it\/karavas\/karavas-yesterday-and-today\/contribution-to-the-nations-struggles-for-freedom\/\"><div class='avia-gallery-thumb'><a href=\"https:\/\/karavas.eu\/wp-content\/uploads\/ethniki_prosfora1.jpg\" data-rel='gallery-1' data-prev-img='https:\/\/karavas.eu\/wp-content\/uploads\/ethniki_prosfora1-495x400.jpg' class='first_thumb lightbox ' data-onclick='1' title='Celebrazione dell&#8217;anniversario nazionale nel cortile di Panagia Evangelistria.'  itemprop=\"thumbnailUrl\"  ><img decoding=\"async\" fetchpriority=\"high\" class=\"wp-image-30429 avia-img-lazy-loading-not-30429\"  data-avia-tooltip='Celebrazione dell&#8217;anniversario nazionale nel cortile di Panagia Evangelistria.' src=\"https:\/\/karavas.eu\/wp-content\/uploads\/ethniki_prosfora1.jpg\" width=\"500\" height=\"700\"  title='ethniki_prosfora1' alt='' \/><div class='big-prev-fake'><img decoding=\"async\" loading=\"lazy\" class=\"wp-image-30429 avia-img-lazy-loading-30429\"  width=\"495\" height=\"400\" src=\"https:\/\/karavas.eu\/wp-content\/uploads\/ethniki_prosfora1-495x400.jpg\" title='ethniki_prosfora1' alt='' \/><\/div><\/a><a href=\"https:\/\/karavas.eu\/wp-content\/uploads\/ethniki_prosfora2.jpg\" data-rel='gallery-1' data-prev-img='https:\/\/karavas.eu\/wp-content\/uploads\/ethniki_prosfora2-495x400.jpg' class='lightbox ' data-onclick='2' title='Apostolos \u2013 Prima guerra mondiale e guerre balcaniche'  itemprop=\"thumbnailUrl\"  ><img decoding=\"async\" fetchpriority=\"high\" class=\"wp-image-30615 avia-img-lazy-loading-not-30615\"  data-avia-tooltip='Apostolos \u2013 Prima guerra mondiale e guerre balcaniche' src=\"https:\/\/karavas.eu\/wp-content\/uploads\/ethniki_prosfora2.jpg\" width=\"500\" height=\"700\"  title='ethniki_prosfora2' alt='' \/><div class='big-prev-fake'><img decoding=\"async\" loading=\"lazy\" class=\"wp-image-30615 avia-img-lazy-loading-30615\"  width=\"495\" height=\"400\" src=\"https:\/\/karavas.eu\/wp-content\/uploads\/ethniki_prosfora2-495x400.jpg\" title='ethniki_prosfora2' alt='' \/><\/div><\/a><a href=\"https:\/\/karavas.eu\/wp-content\/uploads\/ethniki_prosfora3.jpg\" data-rel='gallery-1' data-prev-img='https:\/\/karavas.eu\/wp-content\/uploads\/ethniki_prosfora3-495x400.jpg' class='lightbox ' data-onclick='3' title='Ioannis Pigasiou \u2013 Guerre balcaniche'  itemprop=\"thumbnailUrl\"  ><img decoding=\"async\" fetchpriority=\"high\" class=\"wp-image-30616 avia-img-lazy-loading-not-30616\"  data-avia-tooltip='Ioannis Pigasiou \u2013 Guerre balcaniche' src=\"https:\/\/karavas.eu\/wp-content\/uploads\/ethniki_prosfora3.jpg\" width=\"500\" height=\"700\"  title='ethniki_prosfora3' alt='' \/><div class='big-prev-fake'><img decoding=\"async\" loading=\"lazy\" class=\"wp-image-30616 avia-img-lazy-loading-30616\"  width=\"495\" height=\"400\" src=\"https:\/\/karavas.eu\/wp-content\/uploads\/ethniki_prosfora3-495x400.jpg\" title='ethniki_prosfora3' alt='' \/><\/div><\/a><\/div><\/div>\n","protected":false},"excerpt":{"rendered":"","protected":false},"author":1,"featured_media":0,"parent":30397,"menu_order":89,"comment_status":"closed","ping_status":"closed","template":"","meta":{"footnotes":""},"class_list":["post-30428","page","type-page","status-publish","hentry"],"_links":{"self":[{"href":"https:\/\/karavas.eu\/it\/wp-json\/wp\/v2\/pages\/30428","targetHints":{"allow":["GET"]}}],"collection":[{"href":"https:\/\/karavas.eu\/it\/wp-json\/wp\/v2\/pages"}],"about":[{"href":"https:\/\/karavas.eu\/it\/wp-json\/wp\/v2\/types\/page"}],"author":[{"embeddable":true,"href":"https:\/\/karavas.eu\/it\/wp-json\/wp\/v2\/users\/1"}],"replies":[{"embeddable":true,"href":"https:\/\/karavas.eu\/it\/wp-json\/wp\/v2\/comments?post=30428"}],"version-history":[{"count":0,"href":"https:\/\/karavas.eu\/it\/wp-json\/wp\/v2\/pages\/30428\/revisions"}],"up":[{"embeddable":true,"href":"https:\/\/karavas.eu\/it\/wp-json\/wp\/v2\/pages\/30397"}],"wp:attachment":[{"href":"https:\/\/karavas.eu\/it\/wp-json\/wp\/v2\/media?parent=30428"}],"curies":[{"name":"wp","href":"https:\/\/api.w.org\/{rel}","templated":true}]}}