{"id":20673,"date":"2022-09-19T16:14:37","date_gmt":"2022-09-19T13:14:37","guid":{"rendered":"https:\/\/karavas.eu\/?page_id=20673"},"modified":"2022-09-21T14:12:57","modified_gmt":"2022-09-21T11:12:57","slug":"archive-2021","status":"publish","type":"page","link":"https:\/\/karavas.eu\/fr\/galerie-de-photos-2\/archive-2021\/","title":{"rendered":"Archives de 2021"},"content":{"rendered":"<div id=\"69d4b78523370\" class=\"gg_gallery_wrap gg_collection_wrap cid_102\" rel=\"102\">  <table class=\"gg_coll_table\">  <tr><td class=\"gg_coll_table_cell gg_coll_table_first_cell\"><div id=\"ggco_102\" class=\"gg_coll_outer_container  gg_hidden_ol gg_ol_bottom_mode gg_main_ol_show_on_h\" data-gg_ol=\"default\"><div class=\"gg_container gg_coll_container\">        <div class=\"gg_loader\">            <div class=\"ggl_1\"><\/div>            <div class=\"ggl_2\"><\/div>            <div class=\"ggl_3\"><\/div>            <div class=\"ggl_4\"><\/div>        <\/div>  <div class=\"gg_coll_img_wrap  \">  <div class=\"gg_img gg_coll_img \" rel=\"20883\" data-gall-data=\"eyJpZCI6MjA4ODMsInJhbmQiOjAsImZpbHRlcnMiOjAsInNlYXJjaCI6MCwid21hcmsiOjB9\" style=\"padding-bottom: 220px\" >  <div class=\"gg_main_img_wrap\">  <div class=\"gg_img_wrap_inner\">  <img decoding=\"async\" src=\"\" data-gg-lazy-src=\"\/\/karavas.eu\/wp-content\/uploads\/ewpt_cache\/292x220_100_1_c_FFFFFF_8d6441be1d52f3d9ec64e7e90b0ea11c.jpg\" alt=\"Remise de parrainages\/souvenirs aux dipl\u00f4m\u00e9s de Karavas \u2013 29.12.21\" class=\"gg_photo gg_main_thumb\" \/>  <noscript><img decoding=\"async\" src=\"\/home\/karavas\/public_html\/wp-content\/uploads\/0064.jpg\" alt=\"Remise de parrainages\/souvenirs aux dipl\u00f4m\u00e9s de Karavas \u2013 29.12.21\" \/><\/noscript>  <\/div>  <\/div>  <div class=\"gg_overlays\"><\/div>  <\/div>  <div class=\"gg_main_overlay_under\"><div class=\"gg_img_title_under\">Remise de parrainages\/souvenirs aux dipl\u00f4m\u00e9s de Karavas \u2013 29.12.21<\/div><\/div>  <\/div>  <div class=\"gg_coll_img_wrap  \">  <div class=\"gg_img gg_coll_img \" rel=\"20888\" data-gall-data=\"eyJpZCI6MjA4ODgsInJhbmQiOjAsImZpbHRlcnMiOjAsInNlYXJjaCI6MCwid21hcmsiOjB9\" style=\"padding-bottom: 220px\" >  <div class=\"gg_main_img_wrap\">  <div class=\"gg_img_wrap_inner\">  <img decoding=\"async\" src=\"\" data-gg-lazy-src=\"\/\/karavas.eu\/wp-content\/uploads\/ewpt_cache\/292x220_100_1_c_FFFFFF_cc9ebcc54576b39c0ac7e9008f38d0a6.jpg\" alt=\"Jumelage de la Commune de Karavas avec la Commune de Suceava en Roumanie\" class=\"gg_photo gg_main_thumb\" \/>  <noscript><img decoding=\"async\" src=\"\/home\/karavas\/public_html\/wp-content\/uploads\/20211126_150946.jpg\" alt=\"Jumelage de la Commune de Karavas avec la Commune de Suceava en Roumanie\" \/><\/noscript>  <\/div>  <\/div>  <div class=\"gg_overlays\"><\/div>  <\/div>  <div class=\"gg_main_overlay_under\"><div class=\"gg_img_title_under\">Jumelage de la Commune de Karavas avec la Commune de Suceava en Roumanie<\/div><\/div>  <\/div>  <div class=\"gg_coll_img_wrap  \">  <div class=\"gg_img gg_coll_img \" rel=\"20892\" data-gall-data=\"eyJpZCI6MjA4OTIsInJhbmQiOjAsImZpbHRlcnMiOjAsInNlYXJjaCI6MCwid21hcmsiOjB9\" style=\"padding-bottom: 220px\" >  <div class=\"gg_main_img_wrap\">  <div class=\"gg_img_wrap_inner\">  <img decoding=\"async\" src=\"\" data-gg-lazy-src=\"\/\/karavas.eu\/wp-content\/uploads\/ewpt_cache\/292x220_100_1_c_FFFFFF_f6c635d7fb52ff353a6ea5ebe19d5d96.jpg\" alt=\"Premi\u00e8re journ\u00e9e internationale de l\u2019art de fervolite \u2013 30.10.21\" class=\"gg_photo gg_main_thumb\" \/>  <noscript><img decoding=\"async\" src=\"\/home\/karavas\/public_html\/wp-content\/uploads\/20211030-12.jpg\" alt=\"Premi\u00e8re journ\u00e9e internationale de l\u2019art de fervolite \u2013 30.10.21\" \/><\/noscript>  <\/div>  <\/div>  <div class=\"gg_overlays\"><\/div>  <\/div>  <div class=\"gg_main_overlay_under\"><div class=\"gg_img_title_under\">Premi\u00e8re journ\u00e9e internationale de l\u2019art de fervolite \u2013 30.10.21<\/div><\/div>  <\/div>  <div class=\"gg_coll_img_wrap  \">  <div class=\"gg_img gg_coll_img \" rel=\"20897\" data-gall-data=\"eyJpZCI6MjA4OTcsInJhbmQiOjAsImZpbHRlcnMiOjAsInNlYXJjaCI6MCwid21hcmsiOjB9\" style=\"padding-bottom: 220px\" >  <div class=\"gg_main_img_wrap\">  <div class=\"gg_img_wrap_inner\">  <img decoding=\"async\" src=\"\" data-gg-lazy-src=\"\/\/karavas.eu\/wp-content\/uploads\/ewpt_cache\/292x220_100_1_c_FFFFFF_fefb873221e5e9362223316034e02747.jpg\" alt=\"Premi\u00e8re exposition internationale Fervolite \u2013 29.10.21\" class=\"gg_photo gg_main_thumb\" \/>  <noscript><img decoding=\"async\" src=\"\/home\/karavas\/public_html\/wp-content\/uploads\/291021ekthesi-12.jpg\" alt=\"Premi\u00e8re exposition internationale Fervolite \u2013 29.10.21\" \/><\/noscript>  <\/div>  <\/div>  <div class=\"gg_overlays\"><\/div>  <\/div>  <div class=\"gg_main_overlay_under\"><div class=\"gg_img_title_under\">Premi\u00e8re exposition internationale Fervolite \u2013 29.10.21<\/div><\/div>  <\/div>  <div class=\"gg_coll_img_wrap  \">  <div class=\"gg_img gg_coll_img \" rel=\"20902\" data-gall-data=\"eyJpZCI6MjA5MDIsInJhbmQiOjAsImZpbHRlcnMiOjAsInNlYXJjaCI6MCwid21hcmsiOjB9\" style=\"padding-bottom: 220px\" >  <div class=\"gg_main_img_wrap\">  <div class=\"gg_img_wrap_inner\">  <img decoding=\"async\" src=\"\" data-gg-lazy-src=\"\/\/karavas.eu\/wp-content\/uploads\/ewpt_cache\/292x220_100_1_c_FFFFFF_9ee21fa2d8ced36990a8c6b01908ca91.jpg\" alt=\"R\u00e9union de retrait\u00e9s de Nicosie \u2013 23.10.21\" class=\"gg_photo gg_main_thumb\" \/>  <noscript><img decoding=\"async\" src=\"\/home\/karavas\/public_html\/wp-content\/uploads\/20211023-sintaxiouxoilefkosias-2.jpg\" alt=\"R\u00e9union de retrait\u00e9s de Nicosie \u2013 23.10.21\" \/><\/noscript>  <\/div>  <\/div>  <div class=\"gg_overlays\"><\/div>  <\/div>  <div class=\"gg_main_overlay_under\"><div class=\"gg_img_title_under\">R\u00e9union de retrait\u00e9s de Nicosie \u2013 23.10.21<\/div><\/div>  <\/div>  <div class=\"gg_coll_img_wrap  \">  <div class=\"gg_img gg_coll_img \" rel=\"20907\" data-gall-data=\"eyJpZCI6MjA5MDcsInJhbmQiOjAsImZpbHRlcnMiOjAsInNlYXJjaCI6MCwid21hcmsiOjB9\" style=\"padding-bottom: 220px\" >  <div class=\"gg_main_img_wrap\">  <div class=\"gg_img_wrap_inner\">  <img decoding=\"async\" src=\"\" data-gg-lazy-src=\"\/\/karavas.eu\/wp-content\/uploads\/ewpt_cache\/292x220_100_1_c_FFFFFF_ad95ae74d0dc739b4b61850667dd44bb.jpg\" alt=\"V\u00eapres d&rsquo;Agios Evlalios \u2013 21.10.21\" class=\"gg_photo gg_main_thumb\" \/>  <noscript><img decoding=\"async\" src=\"\/home\/karavas\/public_html\/wp-content\/uploads\/20211021esperinos-1.jpg\" alt=\"V\u00eapres d&rsquo;Agios Evlalios \u2013 21.10.21\" \/><\/noscript>  <\/div>  <\/div>  <div class=\"gg_overlays\"><\/div>  <\/div>  <div class=\"gg_main_overlay_under\"><div class=\"gg_img_title_under\">V\u00eapres d&rsquo;Agios Evlalios \u2013 21.10.21<\/div><\/div>  <\/div>  <div class=\"gg_coll_img_wrap  \">  <div class=\"gg_img gg_coll_img \" rel=\"20912\" data-gall-data=\"eyJpZCI6MjA5MTIsInJhbmQiOjAsImZpbHRlcnMiOjAsInNlYXJjaCI6MCwid21hcmsiOjB9\" style=\"padding-bottom: 220px\" >  <div class=\"gg_main_img_wrap\">  <div class=\"gg_img_wrap_inner\">  <img decoding=\"async\" src=\"\" data-gg-lazy-src=\"\/\/karavas.eu\/wp-content\/uploads\/ewpt_cache\/292x220_100_1_c_FFFFFF_356c3df60a708eab87f53d43628a8920.jpg\" alt=\"Soir\u00e9e de po\u00e9sie \u2013 19.10.21\" class=\"gg_photo gg_main_thumb\" \/>  <noscript><img decoding=\"async\" src=\"\/home\/karavas\/public_html\/wp-content\/uploads\/20211019piitikivradia-3.jpg\" alt=\"Soir\u00e9e de po\u00e9sie \u2013 19.10.21\" \/><\/noscript>  <\/div>  <\/div>  <div class=\"gg_overlays\"><\/div>  <\/div>  <div class=\"gg_main_overlay_under\"><div class=\"gg_img_title_under\">Soir\u00e9e de po\u00e9sie \u2013 19.10.21<\/div><\/div>  <\/div>  <div class=\"gg_coll_img_wrap  \">  <div class=\"gg_img gg_coll_img \" rel=\"20917\" data-gall-data=\"eyJpZCI6MjA5MTcsInJhbmQiOjAsImZpbHRlcnMiOjAsInNlYXJjaCI6MCwid21hcmsiOjB9\" style=\"padding-bottom: 220px\" >  <div class=\"gg_main_img_wrap\">  <div class=\"gg_img_wrap_inner\">  <img decoding=\"async\" src=\"\" data-gg-lazy-src=\"\/\/karavas.eu\/wp-content\/uploads\/ewpt_cache\/292x220_100_1_c_FFFFFF_0db4be21f778878e39cc71fbc14b324e.jpg\" alt=\"R\u00e9union de retrait\u00e9s \u00e0 Paphos \u2013 16.10.21\" class=\"gg_photo gg_main_thumb\" \/>  <noscript><img decoding=\"async\" src=\"\/home\/karavas\/public_html\/wp-content\/uploads\/20211016syntaxiouxoipafos-18.jpg\" alt=\"R\u00e9union de retrait\u00e9s \u00e0 Paphos \u2013 16.10.21\" \/><\/noscript>  <\/div>  <\/div>  <div class=\"gg_overlays\"><\/div>  <\/div>  <div class=\"gg_main_overlay_under\"><div class=\"gg_img_title_under\">R\u00e9union de retrait\u00e9s \u00e0 Paphos \u2013 16.10.21<\/div><\/div>  <\/div>  <div class=\"gg_coll_img_wrap  \">  <div class=\"gg_img gg_coll_img \" rel=\"20922\" data-gall-data=\"eyJpZCI6MjA5MjIsInJhbmQiOjAsImZpbHRlcnMiOjAsInNlYXJjaCI6MCwid21hcmsiOjB9\" style=\"padding-bottom: 220px\" >  <div class=\"gg_main_img_wrap\">  <div class=\"gg_img_wrap_inner\">  <img decoding=\"async\" src=\"\" data-gg-lazy-src=\"\/\/karavas.eu\/wp-content\/uploads\/ewpt_cache\/292x220_100_1_c_FFFFFF_fad4fee2e619dc9e4cd3e8eb70570238.jpg\" alt=\"R\u00e9union de retrait\u00e9s \u00e0 Limassol \u2013 2.10.21\" class=\"gg_photo gg_main_thumb\" \/>  <noscript><img decoding=\"async\" src=\"\/home\/karavas\/public_html\/wp-content\/uploads\/2021102sintaxiouxoilemesos15.jpg\" alt=\"R\u00e9union de retrait\u00e9s \u00e0 Limassol \u2013 2.10.21\" \/><\/noscript>  <\/div>  <\/div>  <div class=\"gg_overlays\"><\/div>  <\/div>  <div class=\"gg_main_overlay_under\"><div class=\"gg_img_title_under\">R\u00e9union de retrait\u00e9s \u00e0 Limassol \u2013 2.10.21<\/div><\/div>  <\/div>  <div class=\"gg_coll_img_wrap  \">  <div class=\"gg_img gg_coll_img \" rel=\"20927\" data-gall-data=\"eyJpZCI6MjA5MjcsInJhbmQiOjAsImZpbHRlcnMiOjAsInNlYXJjaCI6MCwid21hcmsiOjB9\" style=\"padding-bottom: 220px\" >  <div class=\"gg_main_img_wrap\">  <div class=\"gg_img_wrap_inner\">  <img decoding=\"async\" src=\"\" data-gg-lazy-src=\"\/\/karavas.eu\/wp-content\/uploads\/ewpt_cache\/292x220_100_1_c_FFFFFF_dd77dc32d7e7a0a9e9e78231b5c78cce.jpg\" alt=\"Prix pour la publication \u00ab\u00a0Karaviotika Dromena\u00a0\u00bb de l&rsquo;EPOK &#8211; 24.9.21\" class=\"gg_photo gg_main_thumb\" \/>  <noscript><img decoding=\"async\" src=\"\/home\/karavas\/public_html\/wp-content\/uploads\/2021924vraveysiathina-11.jpg\" alt=\"Prix pour la publication \u00ab\u00a0Karaviotika Dromena\u00a0\u00bb de l&rsquo;EPOK &#8211; 24.9.21\" \/><\/noscript>  <\/div>  <\/div>  <div class=\"gg_overlays\"><\/div>  <\/div>  <div class=\"gg_main_overlay_under\"><div class=\"gg_img_title_under\">Prix pour la publication \u00ab\u00a0Karaviotika Dromena\u00a0\u00bb de l&rsquo;EPOK &#8211; 24.9.21<\/div><\/div>  <\/div>  <div class=\"gg_coll_img_wrap  \">  <div class=\"gg_img gg_coll_img \" rel=\"20932\" data-gall-data=\"eyJpZCI6MjA5MzIsInJhbmQiOjAsImZpbHRlcnMiOjAsInNlYXJjaCI6MCwid21hcmsiOjB9\" style=\"padding-bottom: 220px\" >  <div class=\"gg_main_img_wrap\">  <div class=\"gg_img_wrap_inner\">  <img decoding=\"async\" src=\"\" data-gg-lazy-src=\"\/\/karavas.eu\/wp-content\/uploads\/ewpt_cache\/292x220_100_1_c_FFFFFF_f78c9ae806be0ff0daeba50dfaab0830.jpg\" alt=\"Livraison de l&rsquo;uniforme du h\u00e9ros de guerre Michalakis Michael \u2013 22.9.21\" class=\"gg_photo gg_main_thumb\" \/>  <noscript><img decoding=\"async\" src=\"\/home\/karavas\/public_html\/wp-content\/uploads\/20210922PARADOSISTOLIS-3.jpg\" alt=\"Livraison de l&rsquo;uniforme du h\u00e9ros de guerre Michalakis Michael \u2013 22.9.21\" \/><\/noscript>  <\/div>  <\/div>  <div class=\"gg_overlays\"><\/div>  <\/div>  <div class=\"gg_main_overlay_under\"><div class=\"gg_img_title_under\">Livraison de l&rsquo;uniforme du h\u00e9ros de guerre Michalakis Michael \u2013 22.9.21<\/div><\/div>  <\/div>  <div class=\"gg_coll_img_wrap  \">  <div class=\"gg_img gg_coll_img \" rel=\"20937\" data-gall-data=\"eyJpZCI6MjA5MzcsInJhbmQiOjAsImZpbHRlcnMiOjAsInNlYXJjaCI6MCwid21hcmsiOjB9\" style=\"padding-bottom: 220px\" >  <div class=\"gg_main_img_wrap\">  <div class=\"gg_img_wrap_inner\">  <img decoding=\"async\" src=\"\" data-gg-lazy-src=\"\/\/karavas.eu\/wp-content\/uploads\/ewpt_cache\/292x220_100_1_c_FFFFFF_1d421e7eae838c802c1bad030aa00a3c.jpg\" alt=\"Excursion des jeunes de Karavas \u00e0 Paphos \u2013 24-26.9.21\" class=\"gg_photo gg_main_thumb\" \/>  <noscript><img decoding=\"async\" src=\"\/home\/karavas\/public_html\/wp-content\/uploads\/2021-16.jpg\" alt=\"Excursion des jeunes de Karavas \u00e0 Paphos \u2013 24-26.9.21\" \/><\/noscript>  <\/div>  <\/div>  <div class=\"gg_overlays\"><\/div>  <\/div>  <div class=\"gg_main_overlay_under\"><div class=\"gg_img_title_under\">Excursion des jeunes de Karavas \u00e0 Paphos \u2013 24-26.9.21<\/div><\/div>  <\/div>  <div class=\"gg_coll_img_wrap  \">  <div class=\"gg_img gg_coll_img \" rel=\"20942\" data-gall-data=\"eyJpZCI6MjA5NDIsInJhbmQiOjAsImZpbHRlcnMiOjAsInNlYXJjaCI6MCwid21hcmsiOjB9\" style=\"padding-bottom: 220px\" >  <div class=\"gg_main_img_wrap\">  <div class=\"gg_img_wrap_inner\">  <img decoding=\"async\" src=\"\" data-gg-lazy-src=\"\/\/karavas.eu\/wp-content\/uploads\/ewpt_cache\/292x220_100_1_c_FFFFFF_d071c8d20d3730133339ee0910e56d01.jpg\" alt=\"Manifestation en l&rsquo;honneur des \u00e9migr\u00e9s \u2013 31.8.21\" class=\"gg_photo gg_main_thumb\" \/>  <noscript><img decoding=\"async\" src=\"\/home\/karavas\/public_html\/wp-content\/uploads\/20210831apodimoi-48.jpg\" alt=\"Manifestation en l&rsquo;honneur des \u00e9migr\u00e9s \u2013 31.8.21\" \/><\/noscript>  <\/div>  <\/div>  <div class=\"gg_overlays\"><\/div>  <\/div>  <div class=\"gg_main_overlay_under\"><div class=\"gg_img_title_under\">Manifestation en l&rsquo;honneur des \u00e9migr\u00e9s \u2013 31.8.21<\/div><\/div>  <\/div>  <div class=\"gg_coll_img_wrap  \">  <div class=\"gg_img gg_coll_img \" rel=\"20947\" data-gall-data=\"eyJpZCI6MjA5NDcsInJhbmQiOjAsImZpbHRlcnMiOjAsInNlYXJjaCI6MCwid21hcmsiOjB9\" style=\"padding-bottom: 220px\" >  <div class=\"gg_main_img_wrap\">  <div class=\"gg_img_wrap_inner\">  <img decoding=\"async\" src=\"\" data-gg-lazy-src=\"\/\/karavas.eu\/wp-content\/uploads\/ewpt_cache\/292x220_100_1_c_FFFFFF_83f1d6356b5922d79a3ced3d3ec9ed4b.jpg\" alt=\"Manifestation contre l\u2019occupation \u00e0, Tymbou \u2013 22.7.21\" class=\"gg_photo gg_main_thumb\" \/>  <noscript><img decoding=\"async\" src=\"\/home\/karavas\/public_html\/wp-content\/uploads\/20210722timvos-106.jpg\" alt=\"Manifestation contre l\u2019occupation \u00e0, Tymbou \u2013 22.7.21\" \/><\/noscript>  <\/div>  <\/div>  <div class=\"gg_overlays\"><\/div>  <\/div>  <div class=\"gg_main_overlay_under\"><div class=\"gg_img_title_under\">Manifestation contre l\u2019occupation \u00e0, Tymbou \u2013 22.7.21<\/div><\/div>  <\/div>  <div class=\"gg_coll_img_wrap  \">  <div class=\"gg_img gg_coll_img \" rel=\"20952\" data-gall-data=\"eyJpZCI6MjA5NTIsInJhbmQiOjAsImZpbHRlcnMiOjAsInNlYXJjaCI6MCwid21hcmsiOjB9\" style=\"padding-bottom: 220px\" >  <div class=\"gg_main_img_wrap\">  <div class=\"gg_img_wrap_inner\">  <img decoding=\"async\" src=\"\" data-gg-lazy-src=\"\/\/karavas.eu\/wp-content\/uploads\/ewpt_cache\/292x220_100_1_c_FFFFFF_7d99183dbc19ae5e3a6cf8598fd48f4c.jpg\" alt=\"Pr\u00e9sentation des ouvrages de la  Municipalit\u00e9 et de PIK \u2013 23.6.21\" class=\"gg_photo gg_main_thumb\" \/>  <noscript><img decoding=\"async\" src=\"\/home\/karavas\/public_html\/wp-content\/uploads\/20210623parousiasiekdoseon-9.jpg\" alt=\"Pr\u00e9sentation des ouvrages de la  Municipalit\u00e9 et de PIK \u2013 23.6.21\" \/><\/noscript>  <\/div>  <\/div>  <div class=\"gg_overlays\"><\/div>  <\/div>  <div class=\"gg_main_overlay_under\"><div class=\"gg_img_title_under\">Pr\u00e9sentation des ouvrages de la  Municipalit\u00e9 et de PIK \u2013 23.6.21<\/div><\/div>  <\/div>  <div class=\"gg_coll_img_wrap  \">  <div class=\"gg_img gg_coll_img \" rel=\"20957\" data-gall-data=\"eyJpZCI6MjA5NTcsInJhbmQiOjAsImZpbHRlcnMiOjAsInNlYXJjaCI6MCwid21hcmsiOjB9\" style=\"padding-bottom: 220px\" >  <div class=\"gg_main_img_wrap\">  <div class=\"gg_img_wrap_inner\">  <img decoding=\"async\" src=\"\" data-gg-lazy-src=\"\/\/karavas.eu\/wp-content\/uploads\/ewpt_cache\/292x220_100_1_c_FFFFFF_485f63ca6674f090a0399bf8b6d43ee2.jpg\" alt=\"Conf\u00e9rence sur le patrimoine culturel immat\u00e9riel \u2013 23.5.21\" class=\"gg_photo gg_main_thumb\" \/>  <noscript><img decoding=\"async\" src=\"\/home\/karavas\/public_html\/wp-content\/uploads\/20210523imeridaailispolklironomias-7.jpg\" alt=\"Conf\u00e9rence sur le patrimoine culturel immat\u00e9riel \u2013 23.5.21\" \/><\/noscript>  <\/div>  <\/div>  <div class=\"gg_overlays\"><\/div>  <\/div>  <div class=\"gg_main_overlay_under\"><div class=\"gg_img_title_under\">Conf\u00e9rence sur le patrimoine culturel immat\u00e9riel \u2013 23.5.21<\/div><\/div>  <\/div><\/div><\/div><\/td><td class=\"gg_coll_table_cell\"><div class=\"gg_coll_gallery_container\">   <span id=\"gg_cgb_69d4b78523370\" class=\"gg_coll_go_back gg_coll_back_to_new_style\"><i class=\"fa fa-caret-left\" aria-hidden=\"true\"><\/i> Back to collection<\/span>   <div class=\"gg_gallery_wrap\"><\/div><\/div><\/td><\/tr><\/table><div style=\"clear: both;\"><\/div><\/div><script type=\"text\/javascript\">     (function($) {         \"use strict\";              $(document).ready(function($) {             if(typeof(gg_galleries_init) == \"function\") {                gg_galleries_init(\"69d4b78523370\");                            }        });    })(jQuery); <\/script>\n","protected":false},"excerpt":{"rendered":"","protected":false},"author":1,"featured_media":0,"parent":20675,"menu_order":16,"comment_status":"closed","ping_status":"closed","template":"","meta":{"footnotes":""},"class_list":["post-20673","page","type-page","status-publish","hentry"],"_links":{"self":[{"href":"https:\/\/karavas.eu\/fr\/wp-json\/wp\/v2\/pages\/20673","targetHints":{"allow":["GET"]}}],"collection":[{"href":"https:\/\/karavas.eu\/fr\/wp-json\/wp\/v2\/pages"}],"about":[{"href":"https:\/\/karavas.eu\/fr\/wp-json\/wp\/v2\/types\/page"}],"author":[{"embeddable":true,"href":"https:\/\/karavas.eu\/fr\/wp-json\/wp\/v2\/users\/1"}],"replies":[{"embeddable":true,"href":"https:\/\/karavas.eu\/fr\/wp-json\/wp\/v2\/comments?post=20673"}],"version-history":[{"count":0,"href":"https:\/\/karavas.eu\/fr\/wp-json\/wp\/v2\/pages\/20673\/revisions"}],"up":[{"embeddable":true,"href":"https:\/\/karavas.eu\/fr\/wp-json\/wp\/v2\/pages\/20675"}],"wp:attachment":[{"href":"https:\/\/karavas.eu\/fr\/wp-json\/wp\/v2\/media?parent=20673"}],"curies":[{"name":"wp","href":"https:\/\/api.w.org\/{rel}","templated":true}]}}