{"id":20574,"date":"2022-09-19T15:51:41","date_gmt":"2022-09-19T12:51:41","guid":{"rendered":"https:\/\/karavas.eu\/?page_id=20574"},"modified":"2022-09-19T15:52:09","modified_gmt":"2022-09-19T12:52:09","slug":"ouvrages","status":"publish","type":"page","link":"https:\/\/karavas.eu\/fr\/ouvrages\/","title":{"rendered":"Ouvrages"},"content":{"rendered":"<p>Cliquez <a href=\"http:\/\/karavas.eu\/dimosievmata\/\">ici<\/a> pour \u00eatre redirig\u00e9 vers la version grecque de cette page afin d&rsquo;acc\u00e9der aux discours du maire, \u00e0 la prose et aux textes li\u00e9s \u00e0 Karavas, ainsi qu&rsquo;\u00e0 des extraits de journaux.<\/p>\n","protected":false},"excerpt":{"rendered":"<p>Cliquez ici pour \u00eatre redirig\u00e9 vers la version grecque de cette page afin d&rsquo;acc\u00e9der aux discours du maire, \u00e0 la prose et aux textes li\u00e9s \u00e0 Karavas, ainsi qu&rsquo;\u00e0 des extraits de journaux.<\/p>\n","protected":false},"author":1,"featured_media":0,"parent":0,"menu_order":174,"comment_status":"closed","ping_status":"closed","template":"","meta":{"footnotes":""},"class_list":["post-20574","page","type-page","status-publish","hentry"],"_links":{"self":[{"href":"https:\/\/karavas.eu\/fr\/wp-json\/wp\/v2\/pages\/20574","targetHints":{"allow":["GET"]}}],"collection":[{"href":"https:\/\/karavas.eu\/fr\/wp-json\/wp\/v2\/pages"}],"about":[{"href":"https:\/\/karavas.eu\/fr\/wp-json\/wp\/v2\/types\/page"}],"author":[{"embeddable":true,"href":"https:\/\/karavas.eu\/fr\/wp-json\/wp\/v2\/users\/1"}],"replies":[{"embeddable":true,"href":"https:\/\/karavas.eu\/fr\/wp-json\/wp\/v2\/comments?post=20574"}],"version-history":[{"count":0,"href":"https:\/\/karavas.eu\/fr\/wp-json\/wp\/v2\/pages\/20574\/revisions"}],"wp:attachment":[{"href":"https:\/\/karavas.eu\/fr\/wp-json\/wp\/v2\/media?parent=20574"}],"curies":[{"name":"wp","href":"https:\/\/api.w.org\/{rel}","templated":true}]}}