{"id":20228,"date":"2022-09-19T15:46:56","date_gmt":"2022-09-19T12:46:56","guid":{"rendered":"https:\/\/karavas.eu\/?page_id=20228"},"modified":"2022-09-21T10:54:29","modified_gmt":"2022-09-21T07:54:29","slug":"linvasion-turque-de-1974","status":"publish","type":"page","link":"https:\/\/karavas.eu\/fr\/linvasion-turque\/linvasion-turque-de-1974\/","title":{"rendered":"L&rsquo;invasion turque de 1974"},"content":{"rendered":"\n<style type=\"text\/css\" data-created_by=\"avia_inline_auto\" id=\"style-css-av-66o7rd-6b13c1ab3f7e59bb505b8afb7bf56df0\">\n.flex_column.av-66o7rd-6b13c1ab3f7e59bb505b8afb7bf56df0{\nborder-radius:0px 0px 0px 0px;\npadding:0px 0px 0px 0px;\n}\n<\/style>\n<div  class='flex_column av-66o7rd-6b13c1ab3f7e59bb505b8afb7bf56df0 av_one_full  avia-builder-el-0  el_before_av_one_full  avia-builder-el-first  first flex_column_div av-zero-column-padding  '     ><p><section  class='av_textblock_section av-jpmkojtw-b629f0dd86a3b58d999436e81e14fd38 '   itemscope=\"itemscope\" itemtype=\"https:\/\/schema.org\/CreativeWork\" ><div class='avia_textblock'  itemprop=\"text\" ><p>Le 15 juillet 1974, la junte militaire alors au pouvoir en Gr\u00e8ce organise un coup d&rsquo;\u00c9tat pour renverser le pr\u00e9sident de la R\u00e9publique, l&rsquo;archev\u00eaque Makarios, et pour ce faire, utilise les forces grecques stationn\u00e9es \u00e0 Chypre pour prot\u00e9ger l&rsquo;\u00eele contre une \u00e9ventuelle attaque turque. Le pr\u00e9sident Makarios a r\u00e9ussi \u00e0 fuir \u00e0 l&rsquo;\u00e9tranger, o\u00f9 il a poursuivi sa lutte pour la justice. Sous pr\u00e9texte de r\u00e9tablir la paix, la Turquie a envahi Chypre le 20 juillet avec une flotte de d\u00e9barquement et une force a\u00e9rienne et a r\u00e9ussi \u00e0 \u00e9tablir un pont d&rsquo;assaut au nord dans la r\u00e9gion de Kyrenia le 23 juillet, lorsque le cessez-le-feu a \u00e9t\u00e9 conclu. Depuis ce pont d&rsquo;assaut, du mat\u00e9riel militaire et des soldats ont commenc\u00e9 \u00e0 d\u00e9barquer sur l&rsquo;\u00eele et le 14 ao\u00fbt, les forces d&rsquo;invasion turques ont lanc\u00e9 une nouvelle attaque, ayant ainsi environ 37% de l&rsquo;\u00eele sous leur contr\u00f4le.<\/p>\n<p>Ankara a tent\u00e9 de pr\u00e9senter l&rsquo;invasion comme une op\u00e9ration de paix visant \u00e0 r\u00e9tablir l&rsquo;ordre constitutionnel viol\u00e9 par le coup d&rsquo;\u00c9tat. Cependant, m\u00eame apr\u00e8s le r\u00e9tablissement de l&rsquo;ordre constitutionnel et le retour du pr\u00e9sident Makarios en d\u00e9cembre 1974, les troupes turques sont rest\u00e9es et ont promu les plans de la Turquie de coloniser Chypre comme un premier pas vers l&rsquo;annexion. Avec la force (meurtres de sang-froid, viols, agressions, tortures), 200 000 Chypriotes grecs, soit 40 % de la population grecque totale de l&rsquo;\u00eele, ont \u00e9t\u00e9 contraints d&rsquo;abandonner leurs maisons dans les zones occup\u00e9es et de devenir des r\u00e9fugi\u00e9s dans leur propre patrie. Les quelques milliers de Chypriotes grecs qui sont rest\u00e9s dans leurs maisons apr\u00e8s l&rsquo;invasion ont \u00e9t\u00e9 contraints de les abandonner progressivement par le chantage et d&rsquo;autres actions ignobles. Sur les quelque 20 000 qui \u00e9taient rest\u00e9s, seules quelques centaines vivent encore dans leurs maisons dans la partie nord de l&rsquo;\u00eele, principalement dans la r\u00e9gion de Karpasia.<\/p>\n<div><\/div>\n<\/div><\/section><br \/>\n\n<style type=\"text\/css\" data-created_by=\"avia_inline_auto\" id=\"style-css-av-jpmko63v-bd94e2d1af8c7c031fae2edba27abaee\">\n#top .avia-gallery.av-jpmko63v-bd94e2d1af8c7c031fae2edba27abaee .avia-gallery-thumb a{\nwidth:25%;\n}\n<\/style>\n<div  class='avia-gallery av-jpmko63v-bd94e2d1af8c7c031fae2edba27abaee avia_animate_when_visible  avia-builder-el-2  el_after_av_textblock  avia-builder-el-last  deactivate_avia_lazyload avia-gallery-animate avia-gallery-1'  itemprop=\"image\" itemscope=\"itemscope\" itemtype=\"https:\/\/schema.org\/ImageObject\" ><meta itemprop=\"contentURL\" content=\"https:\/\/karavas.eu\/fr\/linvasion-turque\/linvasion-turque-de-1974\/\"><div class='avia-gallery-thumb'><a href=\"https:\/\/karavas.eu\/wp-content\/uploads\/tourkiki_eisvoli1.jpg\" data-rel='gallery-1' data-prev-img='https:\/\/karavas.eu\/wp-content\/uploads\/tourkiki_eisvoli1.jpg' class='first_thumb lightbox ' data-onclick='1' title='Navires militaires turcs \u00e0 la c\u00f4te de \u00ab\u00a0Pente Mili\u00a0\u00bb &#8211; 20 juillet 1974'  itemprop=\"thumbnailUrl\"  ><img decoding=\"async\" fetchpriority=\"high\" class=\"wp-image-17636 avia-img-lazy-loading-not-17636\"  data-avia-tooltip='Navires militaires turcs \u00e0 la c\u00f4te de \u00ab\u00a0Pente Mili\u00a0\u00bb &#8211; 20 juillet 1974' src=\"https:\/\/karavas.eu\/wp-content\/uploads\/tourkiki_eisvoli1.jpg\" width=\"250\" height=\"177\"  title='tourkiki_eisvoli1' alt='' \/><div class='big-prev-fake'><img decoding=\"async\" loading=\"lazy\" class=\"wp-image-17636 avia-img-lazy-loading-17636\"  width=\"250\" height=\"177\" src=\"https:\/\/karavas.eu\/wp-content\/uploads\/tourkiki_eisvoli1.jpg\" title='tourkiki_eisvoli1' alt='' \/><\/div><\/a><a href=\"https:\/\/karavas.eu\/wp-content\/uploads\/tourkiki_eisvoli2.jpg\" data-rel='gallery-1' data-prev-img='https:\/\/karavas.eu\/wp-content\/uploads\/tourkiki_eisvoli2.jpg' class='lightbox ' data-onclick='2' title='Prisonniers de guerre'  itemprop=\"thumbnailUrl\"  ><img decoding=\"async\" fetchpriority=\"high\" class=\"wp-image-17637 avia-img-lazy-loading-not-17637\"  data-avia-tooltip='Prisonniers de guerre' src=\"https:\/\/karavas.eu\/wp-content\/uploads\/tourkiki_eisvoli2.jpg\" width=\"250\" height=\"177\"  title='tourkiki_eisvoli2' alt='' \/><div class='big-prev-fake'><img decoding=\"async\" loading=\"lazy\" class=\"wp-image-17637 avia-img-lazy-loading-17637\"  width=\"250\" height=\"177\" src=\"https:\/\/karavas.eu\/wp-content\/uploads\/tourkiki_eisvoli2.jpg\" title='tourkiki_eisvoli2' alt='' \/><\/div><\/a><a href=\"https:\/\/karavas.eu\/wp-content\/uploads\/tourkiki_eisvoli3.jpg\" data-rel='gallery-1' data-prev-img='https:\/\/karavas.eu\/wp-content\/uploads\/tourkiki_eisvoli3.jpg' class='lightbox ' data-onclick='3' title='Prisonniers de guerre'  itemprop=\"thumbnailUrl\"  ><img decoding=\"async\" fetchpriority=\"high\" class=\"wp-image-17638 avia-img-lazy-loading-not-17638\"  data-avia-tooltip='Prisonniers de guerre' src=\"https:\/\/karavas.eu\/wp-content\/uploads\/tourkiki_eisvoli3.jpg\" width=\"250\" height=\"177\"  title='tourkiki_eisvoli3' alt='' \/><div class='big-prev-fake'><img decoding=\"async\" loading=\"lazy\" class=\"wp-image-17638 avia-img-lazy-loading-17638\"  width=\"250\" height=\"177\" src=\"https:\/\/karavas.eu\/wp-content\/uploads\/tourkiki_eisvoli3.jpg\" title='tourkiki_eisvoli3' alt='' \/><\/div><\/a><\/div><\/div><\/p><\/div>\n<style type=\"text\/css\" data-created_by=\"avia_inline_auto\" id=\"style-css-av-43sqq1-eef82cfd384c44636363966fe3430bbe\">\n.flex_column.av-43sqq1-eef82cfd384c44636363966fe3430bbe{\nborder-radius:0px 0px 0px 0px;\npadding:0px 0px 0px 0px;\n}\n<\/style>\n<div  class='flex_column av-43sqq1-eef82cfd384c44636363966fe3430bbe av_one_full  avia-builder-el-3  el_after_av_one_full  el_before_av_one_full  first flex_column_div av-zero-column-padding  column-top-margin'     ><section  class='av_textblock_section av-jpmkozg5-202c2b0de1cad0c1f9db71df1423ca0e '   itemscope=\"itemscope\" itemtype=\"https:\/\/schema.org\/CreativeWork\" ><div class='avia_textblock'  itemprop=\"text\" ><h5>Cr\u00e9ation du fait accompli<\/h5>\n<p>Les efforts de la partie chypriote grecque pour parvenir \u00e0 un r\u00e8glement n\u00e9goci\u00e9 se sont toujours heurt\u00e9s \u00e0 l&rsquo;intransigeance turque. Le 13 f\u00e9vrier 1975, Rauf Denktash fit un pas de plus vers la division de Chypre, d\u00e9clarant la zone occup\u00e9e \u00ab\u00a0l&rsquo;\u00c9tat f\u00e9d\u00e9ral turc de Chypre\u00a0\u00bb.<\/p>\n<p>Le dirigeant chypriote turc a clairement d\u00e9montr\u00e9 son intention de consolider le fait accompli au lieu de chercher une solution lorsqu&rsquo;en juillet 1982, il a d\u00e9cid\u00e9 de donner aux Chypriotes turcs et aux colons d&rsquo;Anatolie des \u00abtitres de propri\u00e9t\u00e9\u00bb pour les propri\u00e9t\u00e9s chypriotes grecques. En outre, le r\u00e9gime d&rsquo;occupation a cr\u00e9\u00e9 des \u00ab minist\u00e8res \u00bb et des \u00ab services \u00bb, il a commenc\u00e9 \u00e0 d\u00e9livrer des \u00ab documents de voyage \u00bb et a \u00e9tabli la livre turque comme monnaie dans la zone occup\u00e9e. Le gouvernement a \u00e9galement proc\u00e9d\u00e9 \u00e0 la cr\u00e9ation d&rsquo;une \u00ab\u00a0banque centrale\u00a0\u00bb comme une \u00e9tape suppl\u00e9mentaire vers la mise en \u0153uvre r\u00e9solue de la politique d&rsquo;Ankara visant \u00e0 annexer la zone occup\u00e9e de l&rsquo;\u00eele.<\/p>\n<p>En outre, alors que le secr\u00e9taire g\u00e9n\u00e9ral de l&rsquo;ONU \u00e9tait en train d&rsquo;\u00e9laborer une nouvelle initiative pour entamer des n\u00e9gociations substantielles en vue d&rsquo;une solution juste au probl\u00e8me chypriote, Denktash a proclam\u00e9 la soi-disant \u00abR\u00e9publique turque de Chypre du Nord\u00bb le 15 novembre 1983.<\/p>\n<p>Le Conseil de s\u00e9curit\u00e9 de l&rsquo;ONU, conform\u00e9ment aux r\u00e9solutions 541 et 550, a jug\u00e9 la proclamation du pseudo-\u00c9tat comme juridiquement invalide et a appel\u00e9 tous les pays \u00e0 ne pas le reconna\u00eetre. Seule la Turquie a reconnu le pseudo-\u00c9tat.<\/p>\n<div><\/div>\n<\/div><\/section><br \/>\n\n<style type=\"text\/css\" data-created_by=\"avia_inline_auto\" id=\"style-css-av-jpmko63v-3-e9db217fcab926f4e595b8377e600fc4\">\n#top .avia-gallery.av-jpmko63v-3-e9db217fcab926f4e595b8377e600fc4 .avia-gallery-thumb a{\nwidth:25%;\n}\n<\/style>\n<div  class='avia-gallery av-jpmko63v-3-e9db217fcab926f4e595b8377e600fc4 avia_animate_when_visible  avia-builder-el-5  el_after_av_textblock  avia-builder-el-last  deactivate_avia_lazyload avia-gallery-animate avia-gallery-2'  itemprop=\"image\" itemscope=\"itemscope\" itemtype=\"https:\/\/schema.org\/ImageObject\" ><meta itemprop=\"contentURL\" content=\"https:\/\/karavas.eu\/fr\/linvasion-turque\/linvasion-turque-de-1974\/\"><div class='avia-gallery-thumb'><a href=\"https:\/\/karavas.eu\/wp-content\/uploads\/tourkiki_eisvoli4.jpg\" data-rel='gallery-2' data-prev-img='https:\/\/karavas.eu\/wp-content\/uploads\/tourkiki_eisvoli4.jpg' class='first_thumb lightbox ' data-onclick='1' title='La terreur de la guerre grav\u00e9e dans les yeux des enfants'  itemprop=\"thumbnailUrl\"  ><img decoding=\"async\" fetchpriority=\"high\" class=\"wp-image-17639 avia-img-lazy-loading-not-17639\"  data-avia-tooltip='La terreur de la guerre grav\u00e9e dans les yeux des enfants' src=\"https:\/\/karavas.eu\/wp-content\/uploads\/tourkiki_eisvoli4.jpg\" width=\"250\" height=\"177\"  title='tourkiki_eisvoli4' alt='' \/><div class='big-prev-fake'><img decoding=\"async\" loading=\"lazy\" class=\"wp-image-17639 avia-img-lazy-loading-17639\"  width=\"250\" height=\"177\" src=\"https:\/\/karavas.eu\/wp-content\/uploads\/tourkiki_eisvoli4.jpg\" title='tourkiki_eisvoli4' alt='' \/><\/div><\/a><\/div><\/div><\/p><\/div>\n<style type=\"text\/css\" data-created_by=\"avia_inline_auto\" id=\"style-css-av-2unnmx-229a57462d527c68c93ed327dd918c45\">\n.flex_column.av-2unnmx-229a57462d527c68c93ed327dd918c45{\nborder-radius:0px 0px 0px 0px;\npadding:0px 0px 0px 0px;\n}\n<\/style>\n<div  class='flex_column av-2unnmx-229a57462d527c68c93ed327dd918c45 av_one_full  avia-builder-el-6  el_after_av_one_full  avia-builder-el-last  first flex_column_div av-zero-column-padding  column-top-margin'     ><section  class='av_textblock_section av-jpmkozg5-2-0997756c11ff93b7418c2eada155e859 '   itemscope=\"itemscope\" itemtype=\"https:\/\/schema.org\/CreativeWork\" ><div class='avia_textblock'  itemprop=\"text\" ><h5>LES CONS\u00c9QUENCES DE L&rsquo;INVASION ET DE L&rsquo;OCCUPATION TURQUES EN FAITS ET CHIFFRES<\/h5>\n<p>37% du territoire de la R\u00e9publique de Chypre est ill\u00e9galement occup\u00e9.<\/p>\n<p>200 000 Chypriotes grecs &#8211; un tiers de la population totale &#8211; ont \u00e9t\u00e9 d\u00e9plac\u00e9s de la partie nord occup\u00e9e de l&rsquo;\u00eele o\u00f9 ils repr\u00e9sentaient 80% des habitants, et sont tenus \u00e0 l&rsquo;\u00e9cart de leurs maisons et propri\u00e9t\u00e9s tandis que les Chypriotes turcs dans les zones libres ont \u00e9t\u00e9 transport\u00e9s par leurs dirigeants dans les zones occup\u00e9es.<\/p>\n<p>1 491 personnes sont toujours disparues, et \u00e0 ce jour et la partie turque refuse de coop\u00e9rer pour d\u00e9terminer leur sort.<\/p>\n<p>Seuls quelques centaines d&rsquo;habitants (sur 20 000 \u00e0 la fin de 1974) restent encore dans leurs villages occup\u00e9s et vivent sous conditions d\u2019 oppression odieuse.<\/p>\n<p>40 000 soldats turcs, \u00e9quip\u00e9s d&rsquo;armes modernes et soutenus par l&rsquo;aviation et la marine continuent d&rsquo;\u00eatre stationn\u00e9s dans la r\u00e9gion occup\u00e9e.<\/p>\n<p>Environ 120 000 colons d&rsquo;Anatolie ont \u00e9t\u00e9 transf\u00e9r\u00e9s et install\u00e9s dans la zone occup\u00e9e, dans le but de changer la d\u00e9mographie de l&rsquo;\u00eele.<\/p>\n<p>40 000 Chypriotes turcs sur 103 000 ont abandonn\u00e9 les zones occup\u00e9es depuis 1974 (selon le journal chypriote turc Yeniduzen, 30\/8\/94) en raison de la d\u00e9cadence \u00e9conomique, sociale et morale qui s&rsquo;y trouve.<\/p>\n<p><strong>Le r\u00e9gime d&rsquo;occupation met m\u00e9thodiquement en \u0153uvre un plan \u00e0 long terme pour \u00e9radiquer le patrimoine culturel et historique de 9 000 ans des zones occup\u00e9es:<\/strong><\/p>\n<ul>\n<li>Au moins 55 \u00e9glises ont \u00e9t\u00e9 transform\u00e9es en mosqu\u00e9es.<\/li>\n<li>Environ 50 autres \u00e9glises et monast\u00e8res se sont transform\u00e9s en entrep\u00f4ts, granges, auberges, mus\u00e9es, cin\u00e9mas et toilettes publiques, ou ont \u00e9t\u00e9 d\u00e9molis.<\/li>\n<\/ul>\n<p>Les cimeti\u00e8res d&rsquo;au moins 25 villages ont \u00e9t\u00e9 profan\u00e9s et d\u00e9truits.<\/p>\n<ul>\n<li>Les cimeti\u00e8res d&rsquo;au moins 25 villages ont \u00e9t\u00e9 profan\u00e9s et d\u00e9truits.<\/li>\n<li>D&rsquo;innombrables ic\u00f4nes, vases d&rsquo;\u00e9glise et toutes sortes de tr\u00e9sors arch\u00e9ologiques sont vol\u00e9s et envoy\u00e9s \u00e0 l&rsquo;\u00e9tranger.<\/li>\n<li>Des fouilles ill\u00e9gales et une exploitation flagrante des antiquit\u00e9s se produisent.<\/li>\n<li>Les noms de lieux grecs ont \u00e9t\u00e9 transform\u00e9s en noms turcs.<\/li>\n<\/ul>\n<p>78 UN Security Council resolutions and 13 General Assembly resolutions on Cyprus between 1974 and 1999 are being blatantly ignored by Turkey.<\/p>\n<p>POUR PLUS D&rsquo;INFORMATIONS SUR LES PERSONNES DISPARUES DE L&rsquo;INVASION TURQUE, VEUILLEZ VISITER LE <a href=\"http:\/\/www.missing-cy.org.cy\/\" target=\"_blank\" rel=\"noopener\">SITE<\/a> SUIVANT.<\/p>\n<div><\/div>\n<\/div><\/section><br \/>\n\n<style type=\"text\/css\" data-created_by=\"avia_inline_auto\" id=\"style-css-av-jpmko63v-1-279c0495e5b109816cf02703fc975cb8\">\n#top .avia-gallery.av-jpmko63v-1-279c0495e5b109816cf02703fc975cb8 .avia-gallery-thumb a{\nwidth:25%;\n}\n<\/style>\n<div  class='avia-gallery av-jpmko63v-1-279c0495e5b109816cf02703fc975cb8 avia_animate_when_visible  avia-builder-el-8  el_after_av_textblock  avia-builder-el-last  deactivate_avia_lazyload avia-gallery-animate avia-gallery-3'  itemprop=\"image\" itemscope=\"itemscope\" itemtype=\"https:\/\/schema.org\/ImageObject\" ><meta itemprop=\"contentURL\" content=\"https:\/\/karavas.eu\/fr\/linvasion-turque\/linvasion-turque-de-1974\/\"><div class='avia-gallery-thumb'><a href=\"https:\/\/karavas.eu\/wp-content\/uploads\/tourkiki_eisvoli5.jpg\" data-rel='gallery-3' data-prev-img='https:\/\/karavas.eu\/wp-content\/uploads\/tourkiki_eisvoli5.jpg' class='first_thumb lightbox ' data-onclick='1' title='Abris pour r\u00e9fugi\u00e9s'  itemprop=\"thumbnailUrl\"  ><img decoding=\"async\" fetchpriority=\"high\" class=\"wp-image-17640 avia-img-lazy-loading-not-17640\"  data-avia-tooltip='Abris pour r\u00e9fugi\u00e9s' src=\"https:\/\/karavas.eu\/wp-content\/uploads\/tourkiki_eisvoli5.jpg\" width=\"250\" height=\"177\"  title='tourkiki_eisvoli5' alt='' \/><div class='big-prev-fake'><img decoding=\"async\" loading=\"lazy\" class=\"wp-image-17640 avia-img-lazy-loading-17640\"  width=\"250\" height=\"177\" src=\"https:\/\/karavas.eu\/wp-content\/uploads\/tourkiki_eisvoli5.jpg\" title='tourkiki_eisvoli5' alt='' \/><\/div><\/a><a href=\"https:\/\/karavas.eu\/wp-content\/uploads\/tourkiki_eisvoli6.jpg\" data-rel='gallery-3' data-prev-img='https:\/\/karavas.eu\/wp-content\/uploads\/tourkiki_eisvoli6.jpg' class='lightbox ' data-onclick='2' title='Manifestations publiques pour le sort de toutes les personnes disparues'  itemprop=\"thumbnailUrl\"  ><img decoding=\"async\" fetchpriority=\"high\" class=\"wp-image-17641 avia-img-lazy-loading-not-17641\"  data-avia-tooltip='Manifestations publiques pour le sort de toutes les personnes disparues' src=\"https:\/\/karavas.eu\/wp-content\/uploads\/tourkiki_eisvoli6.jpg\" width=\"250\" height=\"177\"  title='tourkiki_eisvoli6' alt='' \/><div class='big-prev-fake'><img decoding=\"async\" loading=\"lazy\" class=\"wp-image-17641 avia-img-lazy-loading-17641\"  width=\"250\" height=\"177\" src=\"https:\/\/karavas.eu\/wp-content\/uploads\/tourkiki_eisvoli6.jpg\" title='tourkiki_eisvoli6' alt='' \/><\/div><\/a><a href=\"https:\/\/karavas.eu\/wp-content\/uploads\/tourkiki_eisvoli7.jpg\" data-rel='gallery-3' data-prev-img='https:\/\/karavas.eu\/wp-content\/uploads\/tourkiki_eisvoli7.jpg' class='lightbox ' data-onclick='3' title='Manifestations publiques pour le sort de toutes les personnes disparues'  itemprop=\"thumbnailUrl\"  ><img decoding=\"async\" fetchpriority=\"high\" class=\"wp-image-17642 avia-img-lazy-loading-not-17642\"  data-avia-tooltip='Manifestations publiques pour le sort de toutes les personnes disparues' src=\"https:\/\/karavas.eu\/wp-content\/uploads\/tourkiki_eisvoli7.jpg\" width=\"250\" height=\"177\"  title='tourkiki_eisvoli7' alt='' \/><div class='big-prev-fake'><img decoding=\"async\" loading=\"lazy\" class=\"wp-image-17642 avia-img-lazy-loading-17642\"  width=\"250\" height=\"177\" src=\"https:\/\/karavas.eu\/wp-content\/uploads\/tourkiki_eisvoli7.jpg\" title='tourkiki_eisvoli7' alt='' \/><\/div><\/a><\/div><\/div><\/p><\/div><\/p>\n","protected":false},"excerpt":{"rendered":"","protected":false},"author":1,"featured_media":0,"parent":20166,"menu_order":155,"comment_status":"closed","ping_status":"closed","template":"","meta":{"footnotes":""},"class_list":["post-20228","page","type-page","status-publish","hentry"],"_links":{"self":[{"href":"https:\/\/karavas.eu\/fr\/wp-json\/wp\/v2\/pages\/20228","targetHints":{"allow":["GET"]}}],"collection":[{"href":"https:\/\/karavas.eu\/fr\/wp-json\/wp\/v2\/pages"}],"about":[{"href":"https:\/\/karavas.eu\/fr\/wp-json\/wp\/v2\/types\/page"}],"author":[{"embeddable":true,"href":"https:\/\/karavas.eu\/fr\/wp-json\/wp\/v2\/users\/1"}],"replies":[{"embeddable":true,"href":"https:\/\/karavas.eu\/fr\/wp-json\/wp\/v2\/comments?post=20228"}],"version-history":[{"count":0,"href":"https:\/\/karavas.eu\/fr\/wp-json\/wp\/v2\/pages\/20228\/revisions"}],"up":[{"embeddable":true,"href":"https:\/\/karavas.eu\/fr\/wp-json\/wp\/v2\/pages\/20166"}],"wp:attachment":[{"href":"https:\/\/karavas.eu\/fr\/wp-json\/wp\/v2\/media?parent=20228"}],"curies":[{"name":"wp","href":"https:\/\/api.w.org\/{rel}","templated":true}]}}