{"id":20112,"date":"2022-09-19T15:44:46","date_gmt":"2022-09-19T12:44:46","guid":{"rendered":"https:\/\/karavas.eu\/?page_id=20112"},"modified":"2022-09-21T10:41:13","modified_gmt":"2022-09-21T07:41:13","slug":"association-lambousa-des-emigres-de-karavas-en-australie","status":"publish","type":"page","link":"https:\/\/karavas.eu\/fr\/karavas\/groupes-organises\/association-lambousa-des-emigres-de-karavas-en-australie\/","title":{"rendered":"Association \u00ab\u00a0Lambousa\u00a0\u00bb des \u00c9migr\u00e9s de Karavas en Australie"},"content":{"rendered":"<section  class='av_textblock_section av-jpv8kcf5-cc2ab6e3c7ccf33f0cb5585132db6eb2 '   itemscope=\"itemscope\" itemtype=\"https:\/\/schema.org\/CreativeWork\" ><div class='avia_textblock'  itemprop=\"text\" ><p>L&rsquo;association chypriote des \u00c9migr\u00e9s de Karavas vivant en Australie, nomm\u00e9e \u00ab\u00a0Lambousa\u00a0\u00bb, a \u00e9t\u00e9 cr\u00e9\u00e9e le 6 f\u00e9vrier 1987.<\/p>\n<p>Les objectifs principaux de l&rsquo;association sont le renforcement des relations entre tous les habitants de Karavas vivant en Australie, le maintien du patrimoine culturel de Karavas et le renforcement de la lutte du peuple chypriote pour la justice et le retour dans sa patrie.<\/p>\n<p>Le premier conseil d&rsquo;administration de l&rsquo;association \u00e9tait compos\u00e9 de Soterakis Sofos (pr\u00e9sident), Maro Gemetta (vice-pr\u00e9sidente), Eleftheria Laouta Hadjistefanou (secr\u00e9taire), Stavros Anastasiou (tr\u00e9sorier), Solomos Spyrou (tr\u00e9sorier adjoint), et Pavlos Komodromos et Elias Agathangelou (conseillers ).<\/p>\n<p>En g\u00e9n\u00e9ral, l&rsquo;association est tr\u00e8s active. Des rassemblements sont organis\u00e9s le lundi de P\u00e2ques \u2013 mais pas seulement \u2013 \u200b\u200bo\u00f9 tous les habitants de Karavas passent une journ\u00e9e agr\u00e9able avec leurs amis, rappelant le bon vieux temps \u00e0 Karavas. Chaque ann\u00e9e, la \u00ab Danse du Citron \u00bb, un \u00e9v\u00e9nement traditionnel de Karavas a lieu, et c&rsquo;est toujours un grand succ\u00e8s. Cet \u00e9v\u00e9nement donne l&rsquo;occasion \u00e0 de nombreux co-villageois de se retrouver et de discuter. L&rsquo;association a \u00e9galement mis en place une chorale d&rsquo;enfants, \u00e0 laquelle participent avec joie et fiert\u00e9 les enfants de nos compatriotes d&rsquo;outre-mer.<\/p>\n<\/div><\/section>\n\n<style type=\"text\/css\" data-created_by=\"avia_inline_auto\" id=\"style-css-av-jpttny66-20afe564b3649c00c17860cc47468095\">\n#top .avia-gallery.av-jpttny66-20afe564b3649c00c17860cc47468095 .avia-gallery-thumb a{\nwidth:25%;\n}\n<\/style>\n<div  class='avia-gallery av-jpttny66-20afe564b3649c00c17860cc47468095 avia_animate_when_visible  avia-builder-el-1  el_after_av_textblock  avia-builder-el-last  deactivate_avia_lazyload avia-gallery-animate avia-gallery-1'  itemprop=\"image\" itemscope=\"itemscope\" itemtype=\"https:\/\/schema.org\/ImageObject\" ><meta itemprop=\"contentURL\" content=\"https:\/\/karavas.eu\/fr\/karavas\/groupes-organises\/association-lambousa-des-emigres-de-karavas-en-australie\/\"><div class='avia-gallery-thumb'><a href=\"https:\/\/karavas.eu\/wp-content\/uploads\/sindesmos_melvurnis1.jpg\" data-srcset=\"https:\/\/karavas.eu\/wp-content\/uploads\/sindesmos_melvurnis1.jpg 885w, https:\/\/karavas.eu\/wp-content\/uploads\/sindesmos_melvurnis1-705x454.jpg 705w\" data-sizes=\"(max-width: 885px) 100vw, 885px\" data-rel='gallery-1' data-prev-img='https:\/\/karavas.eu\/wp-content\/uploads\/sindesmos_melvurnis1-495x400.jpg' class='first_thumb lightbox ' data-onclick='1' title='La chorale d&rsquo;enfants de l&rsquo;association. E. Laouta et M. Yemetta sont les ma\u00eetresses de la chorale'  itemprop=\"thumbnailUrl\"  ><img decoding=\"async\" fetchpriority=\"high\" class=\"wp-image-17709 avia-img-lazy-loading-not-17709\"  data-avia-tooltip='La chorale d&rsquo;enfants de l&rsquo;association. E. Laouta et M. Yemetta sont les ma\u00eetresses de la chorale' src=\"https:\/\/karavas.eu\/wp-content\/uploads\/sindesmos_melvurnis1.jpg\" width=\"885\" height=\"570\"  title='sindesmos_melvurnis1' alt='' srcset=\"https:\/\/karavas.eu\/wp-content\/uploads\/sindesmos_melvurnis1.jpg 885w, https:\/\/karavas.eu\/wp-content\/uploads\/sindesmos_melvurnis1-705x454.jpg 705w\" sizes=\"(max-width: 885px) 100vw, 885px\" \/><div class='big-prev-fake'><img decoding=\"async\" loading=\"lazy\" class=\"wp-image-17709 avia-img-lazy-loading-17709\"  width=\"495\" height=\"400\" src=\"https:\/\/karavas.eu\/wp-content\/uploads\/sindesmos_melvurnis1-495x400.jpg\" title='sindesmos_melvurnis1' alt='' \/><\/div><\/a><a href=\"https:\/\/karavas.eu\/wp-content\/uploads\/sindesmos_melvurnis2.jpg\" data-srcset=\"https:\/\/karavas.eu\/wp-content\/uploads\/sindesmos_melvurnis2.jpg 885w, https:\/\/karavas.eu\/wp-content\/uploads\/sindesmos_melvurnis2-705x454.jpg 705w\" data-sizes=\"(max-width: 885px) 100vw, 885px\" data-rel='gallery-1' data-prev-img='https:\/\/karavas.eu\/wp-content\/uploads\/sindesmos_melvurnis2-495x400.jpg' class='lightbox ' data-onclick='2' title='Extrait d&rsquo;un \u00e9v\u00e9nement de l&rsquo;Association sur  Karavas. Enseign\u00e9 par M. Yemetta. De gauche \u00e0 droite, Natasa Laouta, Ilias Anastasiou, Soula Spyrou, Andreas Laouta, Savvas Christodoulou'  itemprop=\"thumbnailUrl\"  ><img decoding=\"async\" fetchpriority=\"high\" class=\"wp-image-17710 avia-img-lazy-loading-not-17710\"  data-avia-tooltip='Extrait d&rsquo;un \u00e9v\u00e9nement de l&rsquo;Association sur  Karavas. Enseign\u00e9 par M. Yemetta. De gauche \u00e0 droite, Natasa Laouta, Ilias Anastasiou, Soula Spyrou, Andreas Laouta, Savvas Christodoulou' src=\"https:\/\/karavas.eu\/wp-content\/uploads\/sindesmos_melvurnis2.jpg\" width=\"885\" height=\"570\"  title='sindesmos_melvurnis2' alt='' srcset=\"https:\/\/karavas.eu\/wp-content\/uploads\/sindesmos_melvurnis2.jpg 885w, https:\/\/karavas.eu\/wp-content\/uploads\/sindesmos_melvurnis2-705x454.jpg 705w\" sizes=\"(max-width: 885px) 100vw, 885px\" \/><div class='big-prev-fake'><img decoding=\"async\" loading=\"lazy\" class=\"wp-image-17710 avia-img-lazy-loading-17710\"  width=\"495\" height=\"400\" src=\"https:\/\/karavas.eu\/wp-content\/uploads\/sindesmos_melvurnis2-495x400.jpg\" title='sindesmos_melvurnis2' alt='' \/><\/div><\/a><a href=\"https:\/\/karavas.eu\/wp-content\/uploads\/sindesmos_melvurnis3.jpg\" data-srcset=\"https:\/\/karavas.eu\/wp-content\/uploads\/sindesmos_melvurnis3.jpg 885w, https:\/\/karavas.eu\/wp-content\/uploads\/sindesmos_melvurnis3-705x454.jpg 705w\" data-sizes=\"(max-width: 885px) 100vw, 885px\" data-rel='gallery-1' data-prev-img='https:\/\/karavas.eu\/wp-content\/uploads\/sindesmos_melvurnis3-495x400.jpg' class='lightbox ' data-onclick='3' title='De l&rsquo;\u00e9v\u00e9nement photographique sur le th\u00e8me de Karavas. De gauche \u00e0 droite, Irinoula Sofou, Froso Spyrou, E. Laouta, Maria Giorgalli'  itemprop=\"thumbnailUrl\"  ><img decoding=\"async\" fetchpriority=\"high\" class=\"wp-image-17711 avia-img-lazy-loading-not-17711\"  data-avia-tooltip='De l&rsquo;\u00e9v\u00e9nement photographique sur le th\u00e8me de Karavas. De gauche \u00e0 droite, Irinoula Sofou, Froso Spyrou, E. Laouta, Maria Giorgalli' src=\"https:\/\/karavas.eu\/wp-content\/uploads\/sindesmos_melvurnis3.jpg\" width=\"885\" height=\"570\"  title='sindesmos_melvurnis3' alt='' srcset=\"https:\/\/karavas.eu\/wp-content\/uploads\/sindesmos_melvurnis3.jpg 885w, https:\/\/karavas.eu\/wp-content\/uploads\/sindesmos_melvurnis3-705x454.jpg 705w\" sizes=\"(max-width: 885px) 100vw, 885px\" \/><div class='big-prev-fake'><img decoding=\"async\" loading=\"lazy\" class=\"wp-image-17711 avia-img-lazy-loading-17711\"  width=\"495\" height=\"400\" src=\"https:\/\/karavas.eu\/wp-content\/uploads\/sindesmos_melvurnis3-495x400.jpg\" title='sindesmos_melvurnis3' alt='' \/><\/div><\/a><a href=\"https:\/\/karavas.eu\/wp-content\/uploads\/sindesmos_melvurnis4.jpg\" data-srcset=\"https:\/\/karavas.eu\/wp-content\/uploads\/sindesmos_melvurnis4.jpg 885w, https:\/\/karavas.eu\/wp-content\/uploads\/sindesmos_melvurnis4-705x454.jpg 705w\" data-sizes=\"(max-width: 885px) 100vw, 885px\" data-rel='gallery-1' data-prev-img='https:\/\/karavas.eu\/wp-content\/uploads\/sindesmos_melvurnis4-495x400.jpg' class='lightbox ' data-onclick='4' title='La danse du citron. La famille de Georgia et Georgios Martikas'  itemprop=\"thumbnailUrl\"  ><img decoding=\"async\" fetchpriority=\"high\" class=\"wp-image-17712 avia-img-lazy-loading-not-17712\"  data-avia-tooltip='La danse du citron. La famille de Georgia et Georgios Martikas' src=\"https:\/\/karavas.eu\/wp-content\/uploads\/sindesmos_melvurnis4.jpg\" width=\"885\" height=\"570\"  title='sindesmos_melvurnis4' alt='' srcset=\"https:\/\/karavas.eu\/wp-content\/uploads\/sindesmos_melvurnis4.jpg 885w, https:\/\/karavas.eu\/wp-content\/uploads\/sindesmos_melvurnis4-705x454.jpg 705w\" sizes=\"(max-width: 885px) 100vw, 885px\" \/><div class='big-prev-fake'><img decoding=\"async\" loading=\"lazy\" class=\"wp-image-17712 avia-img-lazy-loading-17712\"  width=\"495\" height=\"400\" src=\"https:\/\/karavas.eu\/wp-content\/uploads\/sindesmos_melvurnis4-495x400.jpg\" title='sindesmos_melvurnis4' alt='' \/><\/div><\/a><a href=\"https:\/\/karavas.eu\/wp-content\/uploads\/sindesmos_melvurnis5.jpg\" data-srcset=\"https:\/\/karavas.eu\/wp-content\/uploads\/sindesmos_melvurnis5.jpg 885w, https:\/\/karavas.eu\/wp-content\/uploads\/sindesmos_melvurnis5-705x454.jpg 705w\" data-sizes=\"(max-width: 885px) 100vw, 885px\" data-rel='gallery-1' data-prev-img='https:\/\/karavas.eu\/wp-content\/uploads\/sindesmos_melvurnis5-495x400.jpg' class='first_thumb lightbox ' data-onclick='5' title='Rassemblement des gens de Karavas . Le familles de L. Christodoulou, P. Komodromou, S. Spyrou, E. Laouta, S. Nikitas et G. Yemettas'  itemprop=\"thumbnailUrl\"  ><img decoding=\"async\" fetchpriority=\"high\" class=\"wp-image-17713 avia-img-lazy-loading-not-17713\"  data-avia-tooltip='Rassemblement des gens de Karavas . Le familles de L. Christodoulou, P. Komodromou, S. Spyrou, E. Laouta, S. Nikitas et G. Yemettas' src=\"https:\/\/karavas.eu\/wp-content\/uploads\/sindesmos_melvurnis5.jpg\" width=\"885\" height=\"570\"  title='sindesmos_melvurnis5' alt='' srcset=\"https:\/\/karavas.eu\/wp-content\/uploads\/sindesmos_melvurnis5.jpg 885w, https:\/\/karavas.eu\/wp-content\/uploads\/sindesmos_melvurnis5-705x454.jpg 705w\" sizes=\"(max-width: 885px) 100vw, 885px\" \/><div class='big-prev-fake'><img decoding=\"async\" loading=\"lazy\" class=\"wp-image-17713 avia-img-lazy-loading-17713\"  width=\"495\" height=\"400\" src=\"https:\/\/karavas.eu\/wp-content\/uploads\/sindesmos_melvurnis5-495x400.jpg\" title='sindesmos_melvurnis5' alt='' \/><\/div><\/a><a href=\"https:\/\/karavas.eu\/wp-content\/uploads\/sindesmos_melvurnis6.jpg\" data-srcset=\"https:\/\/karavas.eu\/wp-content\/uploads\/sindesmos_melvurnis6.jpg 885w, https:\/\/karavas.eu\/wp-content\/uploads\/sindesmos_melvurnis6-705x454.jpg 705w\" data-sizes=\"(max-width: 885px) 100vw, 885px\" data-rel='gallery-1' data-prev-img='https:\/\/karavas.eu\/wp-content\/uploads\/sindesmos_melvurnis6-495x400.jpg' class='lightbox ' data-onclick='6' title='L&rsquo;Association participe toujours aux \u00e9v\u00e9nements sur le probl\u00e8me chypriote organis\u00e9s par la diaspora. E. et N. Lauta et M. Yemetta \u00e0 Canberra'  itemprop=\"thumbnailUrl\"  ><img decoding=\"async\" fetchpriority=\"high\" class=\"wp-image-17714 avia-img-lazy-loading-not-17714\"  data-avia-tooltip='L&rsquo;Association participe toujours aux \u00e9v\u00e9nements sur le probl\u00e8me chypriote organis\u00e9s par la diaspora. E. et N. Lauta et M. Yemetta \u00e0 Canberra' src=\"https:\/\/karavas.eu\/wp-content\/uploads\/sindesmos_melvurnis6.jpg\" width=\"885\" height=\"570\"  title='sindesmos_melvurnis6' alt='' srcset=\"https:\/\/karavas.eu\/wp-content\/uploads\/sindesmos_melvurnis6.jpg 885w, https:\/\/karavas.eu\/wp-content\/uploads\/sindesmos_melvurnis6-705x454.jpg 705w\" sizes=\"(max-width: 885px) 100vw, 885px\" \/><div class='big-prev-fake'><img decoding=\"async\" loading=\"lazy\" class=\"wp-image-17714 avia-img-lazy-loading-17714\"  width=\"495\" height=\"400\" src=\"https:\/\/karavas.eu\/wp-content\/uploads\/sindesmos_melvurnis6-495x400.jpg\" title='sindesmos_melvurnis6' alt='' \/><\/div><\/a><a href=\"https:\/\/karavas.eu\/wp-content\/uploads\/sindesmos_melvurnis7.jpg\" data-srcset=\"https:\/\/karavas.eu\/wp-content\/uploads\/sindesmos_melvurnis7.jpg 885w, https:\/\/karavas.eu\/wp-content\/uploads\/sindesmos_melvurnis7-705x454.jpg 705w\" data-sizes=\"(max-width: 885px) 100vw, 885px\" data-rel='gallery-1' data-prev-img='https:\/\/karavas.eu\/wp-content\/uploads\/sindesmos_melvurnis7-495x400.jpg' class='lightbox ' data-onclick='7' title='Exposition d&rsquo;art populaire chypriote organis\u00e9e par Maro \u03a5emetta au Melbourne Museum sous les auspices du gouvernement australien'  itemprop=\"thumbnailUrl\"  ><img decoding=\"async\" fetchpriority=\"high\" class=\"wp-image-17715 avia-img-lazy-loading-not-17715\"  data-avia-tooltip='Exposition d&rsquo;art populaire chypriote organis\u00e9e par Maro \u03a5emetta au Melbourne Museum sous les auspices du gouvernement australien' src=\"https:\/\/karavas.eu\/wp-content\/uploads\/sindesmos_melvurnis7.jpg\" width=\"885\" height=\"570\"  title='sindesmos_melvurnis7' alt='' srcset=\"https:\/\/karavas.eu\/wp-content\/uploads\/sindesmos_melvurnis7.jpg 885w, https:\/\/karavas.eu\/wp-content\/uploads\/sindesmos_melvurnis7-705x454.jpg 705w\" sizes=\"(max-width: 885px) 100vw, 885px\" \/><div class='big-prev-fake'><img decoding=\"async\" loading=\"lazy\" class=\"wp-image-17715 avia-img-lazy-loading-17715\"  width=\"495\" height=\"400\" src=\"https:\/\/karavas.eu\/wp-content\/uploads\/sindesmos_melvurnis7-495x400.jpg\" title='sindesmos_melvurnis7' alt='' \/><\/div><\/a><a href=\"https:\/\/karavas.eu\/wp-content\/uploads\/sindesmos_melvurniS8.jpg\" data-srcset=\"https:\/\/karavas.eu\/wp-content\/uploads\/sindesmos_melvurniS8.jpg 885w, https:\/\/karavas.eu\/wp-content\/uploads\/sindesmos_melvurniS8-705x454.jpg 705w\" data-sizes=\"(max-width: 885px) 100vw, 885px\" data-rel='gallery-1' data-prev-img='https:\/\/karavas.eu\/wp-content\/uploads\/sindesmos_melvurniS8-495x400.jpg' class='lightbox ' data-onclick='8' title='Maro \u03a5emetta pr\u00e9sente l&rsquo;art populaire chypriote aux \u00e9coliers'  itemprop=\"thumbnailUrl\"  ><img decoding=\"async\" fetchpriority=\"high\" class=\"wp-image-17716 avia-img-lazy-loading-not-17716\"  data-avia-tooltip='Maro \u03a5emetta pr\u00e9sente l&rsquo;art populaire chypriote aux \u00e9coliers' src=\"https:\/\/karavas.eu\/wp-content\/uploads\/sindesmos_melvurniS8.jpg\" width=\"885\" height=\"570\"  title='sindesmos_melvurniS8' alt='' srcset=\"https:\/\/karavas.eu\/wp-content\/uploads\/sindesmos_melvurniS8.jpg 885w, https:\/\/karavas.eu\/wp-content\/uploads\/sindesmos_melvurniS8-705x454.jpg 705w\" sizes=\"(max-width: 885px) 100vw, 885px\" \/><div class='big-prev-fake'><img decoding=\"async\" loading=\"lazy\" class=\"wp-image-17716 avia-img-lazy-loading-17716\"  width=\"495\" height=\"400\" src=\"https:\/\/karavas.eu\/wp-content\/uploads\/sindesmos_melvurniS8-495x400.jpg\" title='sindesmos_melvurniS8' alt='' \/><\/div><\/a><\/div><\/div>\n","protected":false},"excerpt":{"rendered":"","protected":false},"author":1,"featured_media":0,"parent":20012,"menu_order":146,"comment_status":"closed","ping_status":"closed","template":"","meta":{"footnotes":""},"class_list":["post-20112","page","type-page","status-publish","hentry"],"_links":{"self":[{"href":"https:\/\/karavas.eu\/fr\/wp-json\/wp\/v2\/pages\/20112","targetHints":{"allow":["GET"]}}],"collection":[{"href":"https:\/\/karavas.eu\/fr\/wp-json\/wp\/v2\/pages"}],"about":[{"href":"https:\/\/karavas.eu\/fr\/wp-json\/wp\/v2\/types\/page"}],"author":[{"embeddable":true,"href":"https:\/\/karavas.eu\/fr\/wp-json\/wp\/v2\/users\/1"}],"replies":[{"embeddable":true,"href":"https:\/\/karavas.eu\/fr\/wp-json\/wp\/v2\/comments?post=20112"}],"version-history":[{"count":0,"href":"https:\/\/karavas.eu\/fr\/wp-json\/wp\/v2\/pages\/20112\/revisions"}],"up":[{"embeddable":true,"href":"https:\/\/karavas.eu\/fr\/wp-json\/wp\/v2\/pages\/20012"}],"wp:attachment":[{"href":"https:\/\/karavas.eu\/fr\/wp-json\/wp\/v2\/media?parent=20112"}],"curies":[{"name":"wp","href":"https:\/\/api.w.org\/{rel}","templated":true}]}}