{"id":20110,"date":"2022-09-19T15:44:31","date_gmt":"2022-09-19T12:44:31","guid":{"rendered":"https:\/\/karavas.eu\/?page_id=20110"},"modified":"2022-09-21T09:52:55","modified_gmt":"2022-09-21T06:52:55","slug":"association-des-emigres-du-royaume-uni","status":"publish","type":"page","link":"https:\/\/karavas.eu\/fr\/karavas\/groupes-organises\/association-des-emigres-du-royaume-uni\/","title":{"rendered":"Association des \u00c9migr\u00e9s du Royaume-Uni"},"content":{"rendered":"<section  class='av_textblock_section av-jpw8w9f4-99f67d1c115ea0840b2ea2134e450a55 '   itemscope=\"itemscope\" itemtype=\"https:\/\/schema.org\/CreativeWork\" ><div class='avia_textblock'  itemprop=\"text\" ><h5><strong>Histoire<\/strong><\/h5>\n<p>Les premi\u00e8res r\u00e9flexions sur la fondation de l&rsquo;Association ont eu lieu le 28 avril 1984, lors d&rsquo;un petit rassemblement auquel ont particip\u00e9, entre autres : Chr. Papapavlou, Takis Kalimeras, S. Florides, Rikkos Mylonas, G. Andreou, Dinos Apostolides. Les participants ont d\u00e9cid\u00e9 \u00e0 l&rsquo;unanimit\u00e9 de cr\u00e9er l&rsquo;Association Lapithos, Karavas et Environs.<\/p>\n<p>Un \u00e9v\u00e9nement de rencontre a eu lieu le 30 novembre 1984, au cours duquel Nicos Karaviotis (fils de Leonidas Karaviotis) et son groupe ont diverti tous ceux qui \u00e9taient pr\u00e9sents.<\/p>\n<p>La premi\u00e8re assembl\u00e9e a eu lieu le 21 avril 1985 au Centre Edison et le premier conseil d&rsquo;administration de l&rsquo;Association \u00e9tait compos\u00e9 des personnes suivantes :<\/p>\n<p>Chr. Papapavlou (pr\u00e9sident), Nicos Kallis (vice-pr\u00e9sident), T. Kalimeras (secr\u00e9taire g\u00e9n\u00e9ral), A. Yiannakou (secr\u00e9taire g\u00e9n\u00e9ral \u00e0 l&rsquo;organisation), G. Andreou (tr\u00e9sorier) et N. Apostolides, Savvas Demetriou (Churchill), R. Mylonas, S. Papaxenophontos, S. Siakides, Margarita Souratou Hadjiserki, A. Socratous, Panayiota Florides, S. Florides, Giorgos Christodoulou Solomou et Eleni Aristotelous (membres).<\/p>\n<h5><strong>Activit\u00e9s de l&rsquo;association<\/strong><\/h5>\n<p>Outres les \u00e9v\u00e9nements, l&rsquo;association a organis\u00e9 des expositions d&rsquo;art populaire, d&rsquo;artisanat et de broderie, originaires des villes occup\u00e9es de Karavas et Lapithos.<\/p>\n<p>L&rsquo;Association r\u00e9pond positivement \u00e0 de nombreuses demandes d&rsquo;aide aux co-villageois, ainsi qu&rsquo;aux compatriotes qui ont un besoin urgent d&rsquo;aide financi\u00e8re.<\/p>\n<p>La contribution de l&rsquo;Association \u00e0 la question nationale et \u00e0 la lutte de l&rsquo;hell\u00e9nisme chypriote pour la libert\u00e9 et la justice est toujours son objectif premier.<\/p>\n<p>A l&rsquo;initiative de l&rsquo;Association, des d\u00e9pliants informatifs sur le probl\u00e8me chypriote ont \u00e9t\u00e9 imprim\u00e9s, avec des coupures de presse de journaux de 1974 et d&rsquo;autres documents.<\/p>\n<p>Dans le cadre des efforts de l&rsquo;Association pour entretenir la m\u00e9moire de nos villes occup\u00e9es et renforcer les liens entre les originares de Karavas et de Lapithos qui vivent en Grande-Bretagne, l&rsquo;association organise chaque ann\u00e9e la \u00ab Danse du Citron \u00bb. La premi\u00e8re danse a eu lieu le 4 octobre 1986 et a eu beaucoup de succ\u00e8s. Lors de tels \u00e9v\u00e9nements, la participation des Chypriotes d&rsquo;outre-mer est tr\u00e8s touchante, car le citron s&rsquo;est impos\u00e9 dans le c\u0153ur de chacun comme le symbole de notre patrie qui rappelle \u00e0 tous les vall\u00e9es verdoyantes et sereines de Karavas et Lapithos.<\/p>\n<p>L&rsquo;Association entretient des relations \u00e9troites avec les associations fraternelles de r\u00e9fugi\u00e9s de Chypre, Karavas et Lapithos, ainsi qu&rsquo;avec les municipalit\u00e9s des deux villes.<\/p>\n<\/div><\/section>\n","protected":false},"excerpt":{"rendered":"","protected":false},"author":1,"featured_media":0,"parent":20012,"menu_order":142,"comment_status":"closed","ping_status":"closed","template":"","meta":{"footnotes":""},"class_list":["post-20110","page","type-page","status-publish","hentry"],"_links":{"self":[{"href":"https:\/\/karavas.eu\/fr\/wp-json\/wp\/v2\/pages\/20110","targetHints":{"allow":["GET"]}}],"collection":[{"href":"https:\/\/karavas.eu\/fr\/wp-json\/wp\/v2\/pages"}],"about":[{"href":"https:\/\/karavas.eu\/fr\/wp-json\/wp\/v2\/types\/page"}],"author":[{"embeddable":true,"href":"https:\/\/karavas.eu\/fr\/wp-json\/wp\/v2\/users\/1"}],"replies":[{"embeddable":true,"href":"https:\/\/karavas.eu\/fr\/wp-json\/wp\/v2\/comments?post=20110"}],"version-history":[{"count":0,"href":"https:\/\/karavas.eu\/fr\/wp-json\/wp\/v2\/pages\/20110\/revisions"}],"up":[{"embeddable":true,"href":"https:\/\/karavas.eu\/fr\/wp-json\/wp\/v2\/pages\/20012"}],"wp:attachment":[{"href":"https:\/\/karavas.eu\/fr\/wp-json\/wp\/v2\/media?parent=20110"}],"curies":[{"name":"wp","href":"https:\/\/api.w.org\/{rel}","templated":true}]}}