{"id":20040,"date":"2022-09-19T15:42:09","date_gmt":"2022-09-19T12:42:09","guid":{"rendered":"https:\/\/karavas.eu\/?page_id=20040"},"modified":"2022-09-20T15:55:07","modified_gmt":"2022-09-20T12:55:07","slug":"commission-scolaire-de-karavas","status":"publish","type":"page","link":"https:\/\/karavas.eu\/fr\/karavas\/groupes-organises\/commission-scolaire-de-karavas\/","title":{"rendered":"Commission scolaire de Karavas"},"content":{"rendered":"<section  class='av_textblock_section av-jn35ntsu-9615c1f6ca10c788b2ba3e6de7837566 '   itemscope=\"itemscope\" itemtype=\"https:\/\/schema.org\/CreativeWork\" ><div class='avia_textblock'  itemprop=\"text\" ><p>Depuis sa formation, la Commission Scolaire de Karavas s&rsquo;est fix\u00e9 comme objectif principal la lutte pour la lib\u00e9ration et le retour dans nos foyers. Elle organise une s\u00e9rie d&rsquo;\u00e9v\u00e9nements afin de rassembler les habitants de Karavas, de pr\u00e9server la m\u00e9moire de la ville, de renforcer les relations entre les habitants de Karavas et de les appeler \u00e0 aider au retour \u00e0 la patrie.<\/p>\n<p>La Commission Scolaire entreprend la t\u00e2che difficile de suivre les dipl\u00f4m\u00e9s du lyc\u00e9e originaires de Karavas de tous les lyc\u00e9es de Chypre et de cr\u00e9er un dossier avec leurs donn\u00e9es personnelles. La Commission scolaire tient un registre de tous les dipl\u00f4m\u00e9s (ceux qui ont d\u00e9clar\u00e9 que leurs parents sont de Karavas) depuis l&rsquo;ann\u00e9e scolaire 1993\/1994 jusqu&rsquo;\u00e0 aujourd&rsquo;hui.<\/p>\n<p>L&rsquo;\u00e9v\u00e9nement principal de la Commission Scolaire est organis\u00e9 en l&rsquo;honneur des dipl\u00f4m\u00e9s du secondaire originaires de Karavas, c&rsquo;est-\u00e0-dire ceux qui sont dipl\u00f4m\u00e9s des lyc\u00e9es de Chypre et dont le ou les parents sont originaires de Karavas. Cet \u00e9v\u00e9nement est organis\u00e9 en coop\u00e9ration avec la municipalit\u00e9 de Karavas et l&rsquo;Association des r\u00e9fugi\u00e9s de Karavas.<\/p>\n<p>Un autre \u00e9v\u00e9nement important organis\u00e9 par la Commission scolaire est celui en l&rsquo;honneur des dipl\u00f4m\u00e9s du lyc\u00e9e Karavas qui font preuve d&rsquo;excellence acad\u00e9mique. L&rsquo;\u00e9v\u00e9nement est organis\u00e9 en coop\u00e9ration avec la municipalit\u00e9 de Karavas et la \u201cNikos K. Shiacolas Scholarship Foundation\u201d. Lors de l&rsquo;\u00e9v\u00e9nement, la Commission scolaire accorde des bourses compl\u00e8tes pour \u00a0des \u00e9tudes universitaires ainsi que de petites r\u00e9compenses mon\u00e9taires aux dipl\u00f4m\u00e9s selon des crit\u00e8res pr\u00e9cis.<\/p>\n<p>Les bourses sont attribu\u00e9es gr\u00e2ce aux fonds remis \u00e0 la Commission scolaire par Georgios Tsimon apr\u00e8s son d\u00e9c\u00e8s.<\/p>\n<p>En outre, la Commission Scolaire, en coop\u00e9ration avec l&rsquo;\u00e9v\u00each\u00e9 de Kyrenia et les autres conseils scolaires de district organise un service comm\u00e9moratif annuel pour honorer les enseignants, les anciens membres de la Commission Scolaire et les bienfaiteurs des \u00e9coles grecques du district de Kyrenia, d\u00e9c\u00e9d\u00e9s pendant la guerre turque. invasion ou est d\u00e9c\u00e9d\u00e9 avec le d\u00e9sir de retourner dans la terre m\u00e8re. Lors de la comm\u00e9moration, un discours est prononc\u00e9 par un repr\u00e9sentant des conseils scolaires de district.<\/p>\n<p>La coop\u00e9ration avec tous les groupes organis\u00e9s de Karavas est indiscutable. Le pr\u00e9sident et les membres de la Commission Scolaire de Karavas assistent et\/ou participent \u00e0 tous les \u00e9v\u00e9nements culturels et sociaux organis\u00e9s par les groupes organis\u00e9s de Karavas.<\/p>\n<p>La Commission scolaire est d\u00e9termin\u00e9e \u00e0 poursuivre l&rsquo;importante t\u00e2che qu&rsquo;elle a entreprise : pr\u00e9server la m\u00e9moire de Karavas et renforcer le d\u00e9sir de retourner dans notre ville bien-aim\u00e9e de Karavas.<\/p>\n<p><strong>Correspondence address:<br \/>\n<\/strong>Karavas School Conservancy<br \/>\nPOBox 27547, 2430 Nicosia<\/p>\n<\/div><\/section>\n\n<style type=\"text\/css\" data-created_by=\"avia_inline_auto\" id=\"style-css-av-jpl1ckkh-3dcc4800661ac0a68be0ac770e587d44\">\n#top .avia-gallery.av-jpl1ckkh-3dcc4800661ac0a68be0ac770e587d44 .avia-gallery-thumb a{\nwidth:20%;\n}\n<\/style>\n<div  class='avia-gallery av-jpl1ckkh-3dcc4800661ac0a68be0ac770e587d44 avia_animate_when_visible  avia-builder-el-1  el_after_av_textblock  el_before_av_toggle_container  deactivate_avia_lazyload avia-gallery-animate avia-gallery-1'  itemprop=\"image\" itemscope=\"itemscope\" itemtype=\"https:\/\/schema.org\/ImageObject\" ><meta itemprop=\"contentURL\" content=\"https:\/\/karavas.eu\/fr\/karavas\/groupes-organises\/commission-scolaire-de-karavas\/\"><div class='avia-gallery-thumb'><a href=\"https:\/\/karavas.eu\/wp-content\/uploads\/sxoliki_eforia_karava2.jpg\" data-srcset=\"https:\/\/karavas.eu\/wp-content\/uploads\/sxoliki_eforia_karava2.jpg 1600w, https:\/\/karavas.eu\/wp-content\/uploads\/sxoliki_eforia_karava2-1536x1020.jpg 1536w, https:\/\/karavas.eu\/wp-content\/uploads\/sxoliki_eforia_karava2-705x468.jpg 705w\" data-sizes=\"(max-width: 1030px) 100vw, 1030px\" data-rel='gallery-1' data-prev-img='https:\/\/karavas.eu\/wp-content\/uploads\/sxoliki_eforia_karava2-495x400.jpg' class='first_thumb lightbox ' data-onclick='1' title='C\u00e9r\u00e9monie pour les dipl\u00f4m\u00e9s de l&rsquo;ann\u00e9e scolaire 2010-2011'  itemprop=\"thumbnailUrl\"  ><img decoding=\"async\" fetchpriority=\"high\" class=\"wp-image-17635 avia-img-lazy-loading-not-17635\"  data-avia-tooltip='C\u00e9r\u00e9monie pour les dipl\u00f4m\u00e9s de l&rsquo;ann\u00e9e scolaire 2010-2011' src=\"https:\/\/karavas.eu\/wp-content\/uploads\/sxoliki_eforia_karava2.jpg\" width=\"1600\" height=\"1063\"  title='sxoliki_eforia_karava2' alt='' srcset=\"https:\/\/karavas.eu\/wp-content\/uploads\/sxoliki_eforia_karava2.jpg 1600w, https:\/\/karavas.eu\/wp-content\/uploads\/sxoliki_eforia_karava2-1536x1020.jpg 1536w, https:\/\/karavas.eu\/wp-content\/uploads\/sxoliki_eforia_karava2-705x468.jpg 705w\" sizes=\"(max-width: 1600px) 100vw, 1600px\" \/><div class='big-prev-fake'><img decoding=\"async\" loading=\"lazy\" class=\"wp-image-17635 avia-img-lazy-loading-17635\"  width=\"495\" height=\"400\" src=\"https:\/\/karavas.eu\/wp-content\/uploads\/sxoliki_eforia_karava2-495x400.jpg\" title='sxoliki_eforia_karava2' alt='' srcset=\"https:\/\/karavas.eu\/wp-content\/uploads\/sxoliki_eforia_karava2-495x400.jpg 495w, https:\/\/karavas.eu\/wp-content\/uploads\/sxoliki_eforia_karava2-845x684.jpg 845w\" sizes=\"auto, (max-width: 495px) 100vw, 495px\" \/><\/div><\/a><a href=\"https:\/\/karavas.eu\/wp-content\/uploads\/sxoliki_eforia_karava.jpg\" data-srcset=\"https:\/\/karavas.eu\/wp-content\/uploads\/sxoliki_eforia_karava.jpg 1600w, https:\/\/karavas.eu\/wp-content\/uploads\/sxoliki_eforia_karava-1536x1024.jpg 1536w, https:\/\/karavas.eu\/wp-content\/uploads\/sxoliki_eforia_karava-705x470.jpg 705w\" data-sizes=\"(max-width: 1030px) 100vw, 1030px\" data-rel='gallery-1' data-prev-img='https:\/\/karavas.eu\/wp-content\/uploads\/sxoliki_eforia_karava-495x400.jpg' class='lightbox ' data-onclick='2' title='C\u00e9r\u00e9monie pour les dipl\u00f4m\u00e9s de l&rsquo;ann\u00e9e scolaire 2011'  itemprop=\"thumbnailUrl\"  ><img decoding=\"async\" fetchpriority=\"high\" class=\"wp-image-17634 avia-img-lazy-loading-not-17634\"  data-avia-tooltip='C\u00e9r\u00e9monie pour les dipl\u00f4m\u00e9s de l&rsquo;ann\u00e9e scolaire 2011' src=\"https:\/\/karavas.eu\/wp-content\/uploads\/sxoliki_eforia_karava.jpg\" width=\"1600\" height=\"1067\"  title='sxoliki_eforia_karava' alt='' srcset=\"https:\/\/karavas.eu\/wp-content\/uploads\/sxoliki_eforia_karava.jpg 1600w, https:\/\/karavas.eu\/wp-content\/uploads\/sxoliki_eforia_karava-1536x1024.jpg 1536w, https:\/\/karavas.eu\/wp-content\/uploads\/sxoliki_eforia_karava-705x470.jpg 705w\" sizes=\"(max-width: 1600px) 100vw, 1600px\" \/><div class='big-prev-fake'><img decoding=\"async\" loading=\"lazy\" class=\"wp-image-17634 avia-img-lazy-loading-17634\"  width=\"495\" height=\"400\" src=\"https:\/\/karavas.eu\/wp-content\/uploads\/sxoliki_eforia_karava-495x400.jpg\" title='sxoliki_eforia_karava' alt='' srcset=\"https:\/\/karavas.eu\/wp-content\/uploads\/sxoliki_eforia_karava-495x400.jpg 495w, https:\/\/karavas.eu\/wp-content\/uploads\/sxoliki_eforia_karava-845x684.jpg 845w\" sizes=\"auto, (max-width: 495px) 100vw, 495px\" \/><\/div><\/a><a href=\"https:\/\/karavas.eu\/wp-content\/uploads\/sxoliki_eforia1.jpg\" data-srcset=\"https:\/\/karavas.eu\/wp-content\/uploads\/sxoliki_eforia1.jpg 1600w, https:\/\/karavas.eu\/wp-content\/uploads\/sxoliki_eforia1-1536x1020.jpg 1536w, https:\/\/karavas.eu\/wp-content\/uploads\/sxoliki_eforia1-705x468.jpg 705w\" data-sizes=\"(max-width: 1030px) 100vw, 1030px\" data-rel='gallery-1' data-prev-img='https:\/\/karavas.eu\/wp-content\/uploads\/sxoliki_eforia1-495x400.jpg' class='lightbox ' data-onclick='3' title='La Commission Scolaire de Karavas'  itemprop=\"thumbnailUrl\"  ><img decoding=\"async\" fetchpriority=\"high\" class=\"wp-image-17829 avia-img-lazy-loading-not-17829\"  data-avia-tooltip='La Commission Scolaire de Karavas' src=\"https:\/\/karavas.eu\/wp-content\/uploads\/sxoliki_eforia1.jpg\" width=\"1600\" height=\"1063\"  title='sxoliki_eforia1' alt='' srcset=\"https:\/\/karavas.eu\/wp-content\/uploads\/sxoliki_eforia1.jpg 1600w, https:\/\/karavas.eu\/wp-content\/uploads\/sxoliki_eforia1-1536x1020.jpg 1536w, https:\/\/karavas.eu\/wp-content\/uploads\/sxoliki_eforia1-705x468.jpg 705w\" sizes=\"(max-width: 1600px) 100vw, 1600px\" \/><div class='big-prev-fake'><img decoding=\"async\" loading=\"lazy\" class=\"wp-image-17829 avia-img-lazy-loading-17829\"  width=\"495\" height=\"400\" src=\"https:\/\/karavas.eu\/wp-content\/uploads\/sxoliki_eforia1-495x400.jpg\" title='sxoliki_eforia1' alt='' srcset=\"https:\/\/karavas.eu\/wp-content\/uploads\/sxoliki_eforia1-495x400.jpg 495w, https:\/\/karavas.eu\/wp-content\/uploads\/sxoliki_eforia1-845x684.jpg 845w\" sizes=\"auto, (max-width: 495px) 100vw, 495px\" \/><\/div><\/a><a href=\"https:\/\/karavas.eu\/wp-content\/uploads\/sxoliki_eforia2.jpg\" data-srcset=\"https:\/\/karavas.eu\/wp-content\/uploads\/sxoliki_eforia2.jpg 1600w, https:\/\/karavas.eu\/wp-content\/uploads\/sxoliki_eforia2-1536x1020.jpg 1536w, https:\/\/karavas.eu\/wp-content\/uploads\/sxoliki_eforia2-705x468.jpg 705w\" data-sizes=\"(max-width: 1030px) 100vw, 1030px\" data-rel='gallery-1' data-prev-img='https:\/\/karavas.eu\/wp-content\/uploads\/sxoliki_eforia2-495x400.jpg' class='lightbox ' data-onclick='4' title='La Commission Scolaire de Karavas'  itemprop=\"thumbnailUrl\"  ><img decoding=\"async\" fetchpriority=\"high\" class=\"wp-image-17830 avia-img-lazy-loading-not-17830\"  data-avia-tooltip='La Commission Scolaire de Karavas' src=\"https:\/\/karavas.eu\/wp-content\/uploads\/sxoliki_eforia2.jpg\" width=\"1600\" height=\"1063\"  title='sxoliki_eforia2' alt='' srcset=\"https:\/\/karavas.eu\/wp-content\/uploads\/sxoliki_eforia2.jpg 1600w, https:\/\/karavas.eu\/wp-content\/uploads\/sxoliki_eforia2-1536x1020.jpg 1536w, https:\/\/karavas.eu\/wp-content\/uploads\/sxoliki_eforia2-705x468.jpg 705w\" sizes=\"(max-width: 1600px) 100vw, 1600px\" \/><div class='big-prev-fake'><img decoding=\"async\" loading=\"lazy\" class=\"wp-image-17830 avia-img-lazy-loading-17830\"  width=\"495\" height=\"400\" src=\"https:\/\/karavas.eu\/wp-content\/uploads\/sxoliki_eforia2-495x400.jpg\" title='sxoliki_eforia2' alt='' srcset=\"https:\/\/karavas.eu\/wp-content\/uploads\/sxoliki_eforia2-495x400.jpg 495w, https:\/\/karavas.eu\/wp-content\/uploads\/sxoliki_eforia2-845x684.jpg 845w\" sizes=\"auto, (max-width: 495px) 100vw, 495px\" \/><\/div><\/a><\/div><\/div>\n\n<style type=\"text\/css\" data-created_by=\"avia_inline_auto\" id=\"style-css-av-jn35s79q-f4ba27f811ffd7445a883e04f6b847e1\">\n#top .togglecontainer.av-jn35s79q-f4ba27f811ffd7445a883e04f6b847e1 p.toggler{\ncolor:#ffffff;\nbackground-color:#0054aa;\n}\n#top .togglecontainer.av-jn35s79q-f4ba27f811ffd7445a883e04f6b847e1 p.toggler .toggle_icon{\ncolor:#ffffff;\nborder-color:#ffffff;\n}\n#top .togglecontainer.av-jn35s79q-f4ba27f811ffd7445a883e04f6b847e1 .toggle_wrap .toggle_content{\ncolor:#ffffff;\nbackground-color:#0054aa;\n}\n<\/style>\n<div  class='togglecontainer av-jn35s79q-f4ba27f811ffd7445a883e04f6b847e1 av-minimal-toggle  avia-builder-el-2  el_after_av_gallery  avia-builder-el-last  toggle_close_all' >\n<section class='av_toggle_section av-25uy9y-633c8d2a66e40abca51e4f60efc98bd4'  itemscope=\"itemscope\" itemtype=\"https:\/\/schema.org\/CreativeWork\" ><div role=\"tablist\" class=\"single_toggle\" data-tags=\"{Tout} \"  ><p id='toggle-toggle-id-1' data-fake-id='#toggle-id-1' class='toggler  av-title-above av-inherit-font-color hasCustomColor'  itemprop=\"headline\"  role='tab' tabindex='0' aria-controls='toggle-id-1' data-slide-speed=\"200\" data-title=\"MEMBRES DE LA COMMISSION SCOLAIRE DE KARAVAS 2017-2021\" data-title-open=\"\" data-aria_collapsed=\"Cliquez pour \u00e9tendre : MEMBRES DE LA COMMISSION SCOLAIRE DE KARAVAS 2017-2021\" data-aria_expanded=\"Cliquez pour r\u00e9duire : MEMBRES DE LA COMMISSION SCOLAIRE DE KARAVAS 2017-2021\">MEMBRES DE LA COMMISSION SCOLAIRE DE KARAVAS 2017-2021<span class=\"toggle_icon\"><span class=\"vert_icon\"><\/span><span class=\"hor_icon\"><\/span><\/span><\/p><div id='toggle-id-1' aria-labelledby='toggle-toggle-id-1' role='region' class='toggle_wrap  av-title-above'  ><div class='toggle_content invers-color av-inherit-font-color hasCustomColor'  itemprop=\"text\" ><table border=\"0\" cellspacing=\"0\" cellpadding=\"0\" align=\"center\">\n<tbody>\n<tr>\n<td>1<\/td>\n<td>Assiotou<\/td>\n<td>Androulla<\/td>\n<td>pr\u00e9sident<\/td>\n<td align=\"right\">99512552<\/td>\n<td><a href=\"mailto:aassiotou@gmail.com\">aassiotou@gmail.com<\/a><\/td>\n<\/tr>\n<tr>\n<td>2<\/td>\n<td>Frantzeskos<\/td>\n<td>Soterios<\/td>\n<td>Vice pr\u00e9sident<\/td>\n<td align=\"right\">99606688<\/td>\n<td><a href=\"mailto:drsotosf@cytanet.com.cy\">drsotosf@cytanet.com.cy<\/a><\/td>\n<\/tr>\n<tr>\n<td>3<\/td>\n<td>Achilleos\u00a0&#8211; Digeni<\/td>\n<td>Elena<\/td>\n<td>Secr\u00e9taire<\/td>\n<td align=\"right\">95521169<\/td>\n<td><a href=\"mailto:edakaravas@gmail.com\">edakaravas@gmail.com<\/a><\/td>\n<\/tr>\n<tr>\n<td>4<\/td>\n<td>Georgiadis<\/td>\n<td>Panagiotis \u0391.<\/td>\n<td>Tr\u00e9sorier<\/td>\n<td align=\"right\">99698205<\/td>\n<td><a href=\"mailto:pan.georgiades@cytanet.com.cy\">pan.georgiades@cytanet.com.cy<\/a><\/td>\n<\/tr>\n<tr>\n<td>5<\/td>\n<td>Kozakou Philippou<\/td>\n<td>Androulla<\/td>\n<td>Membre<\/td>\n<td align=\"right\">99385638<\/td>\n<td><a href=\"mailto:androula.kozakou@gmail.com\">androula.kozakou@gmail.com<\/a><\/td>\n<\/tr>\n<tr>\n<td>6<\/td>\n<td>Karasavva<\/td>\n<td>Maria<\/td>\n<td>Membre<\/td>\n<td align=\"right\">99828244<\/td>\n<td><a href=\"mailto:maria.karasava@cy.net\">maria.karasava@cy.net<\/a><\/td>\n<\/tr>\n<tr>\n<td>7<\/td>\n<td>Georgiou<\/td>\n<td>Giorgos<\/td>\n<td>Membre<\/td>\n<td align=\"right\">99423587<\/td>\n<td><a href=\"mailto:kleri.george@cytanet.com.cy\">kleri.george@cytanet.com.cy<\/a><\/td>\n<\/tr>\n<tr>\n<td>8<\/td>\n<td>Constantinou<\/td>\n<td>Constatinos<\/td>\n<td>Membre<\/td>\n<td align=\"right\">99651554<\/td>\n<td><a href=\"mailto:costascostantinou35@hotmail.com\">costascostantinou35@hotmail.com<\/a><\/td>\n<\/tr>\n<tr>\n<td>9<\/td>\n<td>Postekkis<\/td>\n<td>Alexandros<\/td>\n<td>Membre<\/td>\n<td align=\"right\">99785887<\/td>\n<td><a href=\"mailto:alexispostekis@hotmail.com\">alexispostekis@hotmail.com<\/a><\/td>\n<\/tr>\n<tr>\n<td>10<\/td>\n<td>Potamitou<\/td>\n<td>Sotera<\/td>\n<td>Membre<\/td>\n<td align=\"right\">99694855<\/td>\n<td><\/td>\n<\/tr>\n<tr>\n<td>11<\/td>\n<td>Mouyis<\/td>\n<td>Marios<\/td>\n<td>Membre<\/td>\n<td align=\"right\">99769759<\/td>\n<td><a href=\"mailto:MariosMouyis@hotmail.com\">MariosMouyis@hotmail.com<\/a><\/td>\n<\/tr>\n<\/tbody>\n<\/table>\n<\/div><\/div><\/div><\/section>\n<\/div>\n","protected":false},"excerpt":{"rendered":"","protected":false},"author":1,"featured_media":0,"parent":20012,"menu_order":119,"comment_status":"closed","ping_status":"closed","template":"","meta":{"footnotes":""},"class_list":["post-20040","page","type-page","status-publish","hentry"],"_links":{"self":[{"href":"https:\/\/karavas.eu\/fr\/wp-json\/wp\/v2\/pages\/20040","targetHints":{"allow":["GET"]}}],"collection":[{"href":"https:\/\/karavas.eu\/fr\/wp-json\/wp\/v2\/pages"}],"about":[{"href":"https:\/\/karavas.eu\/fr\/wp-json\/wp\/v2\/types\/page"}],"author":[{"embeddable":true,"href":"https:\/\/karavas.eu\/fr\/wp-json\/wp\/v2\/users\/1"}],"replies":[{"embeddable":true,"href":"https:\/\/karavas.eu\/fr\/wp-json\/wp\/v2\/comments?post=20040"}],"version-history":[{"count":0,"href":"https:\/\/karavas.eu\/fr\/wp-json\/wp\/v2\/pages\/20040\/revisions"}],"up":[{"embeddable":true,"href":"https:\/\/karavas.eu\/fr\/wp-json\/wp\/v2\/pages\/20012"}],"wp:attachment":[{"href":"https:\/\/karavas.eu\/fr\/wp-json\/wp\/v2\/media?parent=20040"}],"curies":[{"name":"wp","href":"https:\/\/api.w.org\/{rel}","templated":true}]}}