{"id":20038,"date":"2022-09-19T15:41:55","date_gmt":"2022-09-19T12:41:55","guid":{"rendered":"https:\/\/karavas.eu\/?page_id=20038"},"modified":"2022-09-20T15:51:42","modified_gmt":"2022-09-20T12:51:42","slug":"fondation-culturelle-karavas","status":"publish","type":"page","link":"https:\/\/karavas.eu\/fr\/karavas\/groupes-organises\/fondation-culturelle-karavas\/","title":{"rendered":"Fondation culturelle Karavas"},"content":{"rendered":"<p><img loading=\"lazy\" decoding=\"async\" class=\"size-full wp-image-9134 alignright\" src=\"http:\/\/karavas.eu\/wp-content\/uploads\/politistiko_idrima.jpg\" alt=\"\" width=\"171\" height=\"260\" \/><\/p>\n<p>La Fondation Culturelle de Karavas a \u00e9t\u00e9 cr\u00e9\u00e9e et fonctionne \u00e0 parit\u00e9 par la Municipalit\u00e9 de Karavas et l&rsquo;Association des R\u00e9fugi\u00e9s \u00ab\u00a0Karavas\u00a0\u00bb dans le but fondamental d&rsquo;\u00eatre le phare culturel pour maintenir la m\u00e9moire de notre ville occup\u00e9e jusqu&rsquo;\u00e0 l&rsquo;heure b\u00e9nie du retour, la r\u00e9union de tous les habitants de Karavas et la culture de l&rsquo;esprit combatif, de la cr\u00e9ativit\u00e9 culturelle et de l&rsquo;entraide.<\/p>\n<p>Les locaux de la Fondation culturelle Karavas sont construits sur une propri\u00e9t\u00e9 de l&rsquo;\u00c9tat qui a \u00e9t\u00e9 lou\u00e9e \u00e0 la municipalit\u00e9 de Karavas dans la r\u00e9gion de Costas Theodorou \u00e0 Strovolos, Nicosie. Les locaux abritent une salle de r\u00e9ception, des bureaux, une biblioth\u00e8que, une cantine et un espace pour un mus\u00e9e d&rsquo;art populaire.<\/p>\n<p>Dans les efforts afin de construire les locaux, il y avait de nombreux partisans qui ont contribu\u00e9 de mani\u00e8re significative avec leur aide financi\u00e8re pour faire de cette initiative un succ\u00e8s. Nous sommes tr\u00e8s heureux que cette initiative ait \u00e9t\u00e9 soutenue par tous les originaires de Karavas.<\/p>\n<p>Nicos et Elpida Shiacola ont fait un don important de 50 000 lira et ont \u00e9galement offert la somme de 100 000 lira pour cr\u00e9er un fonds de bourses d&rsquo;\u00e9tudes pour les jeunes originaires de Karavas.<\/p>\n<p>Lors de l&rsquo;inauguration du b\u00e2timent, le 3 novembre 2001, le Conseil de la Fondation a d\u00e9clar\u00e9 Nicos et Elpida Shiacola Grands Bienfaiteurs du b\u00e2timent et en leur honneur la grande salle de r\u00e9ception a \u00e9t\u00e9 nomm\u00e9e d&rsquo;apr\u00e8s le couple.<\/p>\n<p>L&rsquo;inauguration du b\u00e2timent a \u00e9t\u00e9 faite par le ministre de l&rsquo;\u00c9ducation et de la Culture Ouranios Ioannides et a \u00e9t\u00e9 suivie par de nombreux ministres, d\u00e9put\u00e9s, le porte-parole du gouvernement, l&rsquo;ambassadeur de Gr\u00e8ce et l&rsquo;ancien pr\u00e9sident de la R\u00e9publique Georgios Vassiliou. Une b\u00e9n\u00e9diction a \u00e9t\u00e9 donn\u00e9e par l&rsquo;\u00e9v\u00eaque m\u00e9tropolitain de Kyrenia Pavlos.<\/p>\n<p>La Fondation Culturelle Karavas a d\u00e9j\u00e0 accueilli de nombreux \u00e9v\u00e9nements \u00e0 caract\u00e8re social, national et culturel. Les locaux sont \u00e9galement \u00e0 la disposition d&rsquo;autres groupes organis\u00e9s du district de Kyrenia, visant toujours \u00e0 promouvoir au mieux notre tradition historique et la lutte pour revenir \u00e0 notre terre bien-aim\u00e9e.<\/p>\n<p><strong>Contacts:<\/strong><br \/>\nAddress: 2, Militos Street, 2028 Strovolos, Nicosia<br \/>\nTelephone: +357 22516937<br \/>\nFax: +357 22516941<br \/>\nE-mail:\u00a0<a href=\"mailto:karavas.municipality@cytanet.com.cy\">karavas.municipality@cytanet.com.cy<\/a><\/p>\n","protected":false},"excerpt":{"rendered":"<p>La Fondation Culturelle de Karavas a \u00e9t\u00e9 cr\u00e9\u00e9e et fonctionne \u00e0 parit\u00e9 par la Municipalit\u00e9 de Karavas et l&rsquo;Association des R\u00e9fugi\u00e9s \u00ab\u00a0Karavas\u00a0\u00bb dans le but fondamental d&rsquo;\u00eatre le phare culturel pour maintenir la m\u00e9moire de notre ville occup\u00e9e jusqu&rsquo;\u00e0 l&rsquo;heure b\u00e9nie du retour, la r\u00e9union de tous les habitants de Karavas et la culture de [&hellip;]<\/p>\n","protected":false},"author":1,"featured_media":0,"parent":20012,"menu_order":114,"comment_status":"closed","ping_status":"closed","template":"","meta":{"footnotes":""},"class_list":["post-20038","page","type-page","status-publish","hentry"],"_links":{"self":[{"href":"https:\/\/karavas.eu\/fr\/wp-json\/wp\/v2\/pages\/20038","targetHints":{"allow":["GET"]}}],"collection":[{"href":"https:\/\/karavas.eu\/fr\/wp-json\/wp\/v2\/pages"}],"about":[{"href":"https:\/\/karavas.eu\/fr\/wp-json\/wp\/v2\/types\/page"}],"author":[{"embeddable":true,"href":"https:\/\/karavas.eu\/fr\/wp-json\/wp\/v2\/users\/1"}],"replies":[{"embeddable":true,"href":"https:\/\/karavas.eu\/fr\/wp-json\/wp\/v2\/comments?post=20038"}],"version-history":[{"count":0,"href":"https:\/\/karavas.eu\/fr\/wp-json\/wp\/v2\/pages\/20038\/revisions"}],"up":[{"embeddable":true,"href":"https:\/\/karavas.eu\/fr\/wp-json\/wp\/v2\/pages\/20012"}],"wp:attachment":[{"href":"https:\/\/karavas.eu\/fr\/wp-json\/wp\/v2\/media?parent=20038"}],"curies":[{"name":"wp","href":"https:\/\/api.w.org\/{rel}","templated":true}]}}