{"id":20036,"date":"2022-09-19T15:41:41","date_gmt":"2022-09-19T12:41:41","guid":{"rendered":"https:\/\/karavas.eu\/?page_id=20036"},"modified":"2022-09-20T15:49:52","modified_gmt":"2022-09-20T12:49:52","slug":"corps-coordinatif","status":"publish","type":"page","link":"https:\/\/karavas.eu\/fr\/karavas\/groupes-organises\/corps-coordinatif\/","title":{"rendered":"Corps Coordinatif"},"content":{"rendered":"<p>Le corps coordinatif a \u00e9t\u00e9 form\u00e9 le 25 avril 2017 suite \u00e0 une suggestion du maire Nicos Hadjistephanou. Le but de sa cr\u00e9ation \u00e9tait de faciliter la coordination entre les groupes organis\u00e9s de Karavas, de permettre l&rsquo;\u00e9change de pens\u00e9es\/opinions et de faciliter la planification et la d\u00e9finition d&rsquo;objectifs communs dans un esprit d&rsquo;unit\u00e9 et de solidarit\u00e9.<\/p>\n<p>Le Conseil du corps coordinatif est compos\u00e9 de tous les maires et pr\u00e9sidents actuels et anciens des groupes organis\u00e9s de Karavas, sous la pr\u00e9sidence du maire de Karavas.<\/p>\n<p>Les membres du Conseil (2017-2021) sont :<\/p>\n<ul>\n<li>Nicos Hadjistephanou, Maire de Karavas<\/li>\n<li>Androulla Assiotou, pr\u00e9sidente de la commission scolaire de Karavas<\/li>\n<li>Christopher Christodoulides, pr\u00e9sident de l&rsquo;Association des r\u00e9fugi\u00e9s de Karavas<\/li>\n<li>Marios Mouyis, pr\u00e9sident du conseil municipal des jeunes de Karavas<\/li>\n<li>Gabriel Hadjidamianou, Pr\u00e9sident de l&rsquo;AEK Karava<\/li>\n<li>Damianos Hadjidamianou, pr\u00e9sident d&rsquo;honneur de l&rsquo;AEK Karava<\/li>\n<li>Yiannis Papaioannou, ancien maire<\/li>\n<li>Christakis Christophorou, ancien pr\u00e9sident de la commission scolaire de Karavas<\/li>\n<li>Costas Pateras, ancien pr\u00e9sident de l&rsquo;association des r\u00e9fugi\u00e9s de Karavas<\/li>\n<li>Lambros Maouris, ancien pr\u00e9sident du conseil municipal des jeunes de Karavas<\/li>\n<li>Andreas Pateras, ancien pr\u00e9sident de l&rsquo;AEK Karava<\/li>\n<li>Panicos Tsentas, ancien maire<\/li>\n<li>Sotos Frantzeskos, ancien pr\u00e9sident de la commission scolaire de Karavas<\/li>\n<\/ul>\n","protected":false},"excerpt":{"rendered":"<p>Le corps coordinatif a \u00e9t\u00e9 form\u00e9 le 25 avril 2017 suite \u00e0 une suggestion du maire Nicos Hadjistephanou. Le but de sa cr\u00e9ation \u00e9tait de faciliter la coordination entre les groupes organis\u00e9s de Karavas, de permettre l&rsquo;\u00e9change de pens\u00e9es\/opinions et de faciliter la planification et la d\u00e9finition d&rsquo;objectifs communs dans un esprit d&rsquo;unit\u00e9 et de [&hellip;]<\/p>\n","protected":false},"author":1,"featured_media":0,"parent":20012,"menu_order":108,"comment_status":"closed","ping_status":"closed","template":"","meta":{"footnotes":""},"class_list":["post-20036","page","type-page","status-publish","hentry"],"_links":{"self":[{"href":"https:\/\/karavas.eu\/fr\/wp-json\/wp\/v2\/pages\/20036","targetHints":{"allow":["GET"]}}],"collection":[{"href":"https:\/\/karavas.eu\/fr\/wp-json\/wp\/v2\/pages"}],"about":[{"href":"https:\/\/karavas.eu\/fr\/wp-json\/wp\/v2\/types\/page"}],"author":[{"embeddable":true,"href":"https:\/\/karavas.eu\/fr\/wp-json\/wp\/v2\/users\/1"}],"replies":[{"embeddable":true,"href":"https:\/\/karavas.eu\/fr\/wp-json\/wp\/v2\/comments?post=20036"}],"version-history":[{"count":0,"href":"https:\/\/karavas.eu\/fr\/wp-json\/wp\/v2\/pages\/20036\/revisions"}],"up":[{"embeddable":true,"href":"https:\/\/karavas.eu\/fr\/wp-json\/wp\/v2\/pages\/20012"}],"wp:attachment":[{"href":"https:\/\/karavas.eu\/fr\/wp-json\/wp\/v2\/media?parent=20036"}],"curies":[{"name":"wp","href":"https:\/\/api.w.org\/{rel}","templated":true}]}}