{"id":18111,"date":"2022-09-19T15:38:32","date_gmt":"2022-09-19T12:38:32","guid":{"rendered":"https:\/\/karavas.eu\/?page_id=18111"},"modified":"2022-09-20T15:47:51","modified_gmt":"2022-09-20T12:47:51","slug":"la-municipalite-de-karavas","status":"publish","type":"page","link":"https:\/\/karavas.eu\/fr\/karavas\/la-municipalite-de-karavas\/","title":{"rendered":"La Municipalit\u00e9 de Karavas"},"content":{"rendered":"\n<style type=\"text\/css\" data-created_by=\"avia_inline_auto\" id=\"style-css-av-jli1c39a-573a814243dcf64ecda17e9219bdd386\">\n#top .togglecontainer.av-jli1c39a-573a814243dcf64ecda17e9219bdd386 p.toggler{\ncolor:#ffffff;\nbackground-color:#0054aa;\n}\n#top .togglecontainer.av-jli1c39a-573a814243dcf64ecda17e9219bdd386 p.toggler .toggle_icon{\ncolor:#ffffff;\nborder-color:#ffffff;\n}\n#top .togglecontainer.av-jli1c39a-573a814243dcf64ecda17e9219bdd386 .toggle_wrap .toggle_content{\ncolor:#ffffff;\nbackground-color:#0054aa;\n}\n<\/style>\n<div  class='togglecontainer av-jli1c39a-573a814243dcf64ecda17e9219bdd386 av-minimal-toggle  avia-builder-el-0  avia-builder-el-no-sibling  toggle_close_all' >\n<section class='av_toggle_section av-7c3rq9-502a0844f84c18fb1b73c6cc1d3de863'  itemscope=\"itemscope\" itemtype=\"https:\/\/schema.org\/CreativeWork\" ><div role=\"tablist\" class=\"single_toggle\" data-tags=\"{Tout} \"  ><p id='toggle-toggle-id-1' data-fake-id='#toggle-id-1' class='toggler  av-title-above av-inherit-font-color hasCustomColor'  itemprop=\"headline\"  role='tab' tabindex='0' aria-controls='toggle-id-1' data-slide-speed=\"200\" data-title=\"Message du maire \" data-title-open=\"\" data-aria_collapsed=\"Cliquez pour \u00e9tendre : Message du maire \" data-aria_expanded=\"Cliquez pour r\u00e9duire : Message du maire \">Message du maire <span class=\"toggle_icon\"><span class=\"vert_icon\"><\/span><span class=\"hor_icon\"><\/span><\/span><\/p><div id='toggle-id-1' aria-labelledby='toggle-toggle-id-1' role='region' class='toggle_wrap  av-title-above'  ><div class='toggle_content invers-color av-inherit-font-color hasCustomColor'  itemprop=\"text\" ><h5><strong>Salutations du Maire de la Municipalit\u00e9 de Karavas, M. Nikos Hadjistephanou<\/strong><\/h5>\n<p><img loading=\"lazy\" decoding=\"async\" class=\"wp-image-4798 alignright\" src=\"http:\/\/karavas.eu\/wp-content\/uploads\/nicos_hadistephanou-240x300.jpg\" alt=\"\" width=\"200\" height=\"250\" \/><\/p>\n<p>Chers compatriotes,<\/p>\n<p>Nous assumons nos fonctions de maire et de conseillers municipaux de notre municipalit\u00e9 occup\u00e9e avec nos pens\u00e9es fix\u00e9es sur notre cher Karavas.<\/p>\n<p>Je voudrais tout d&rsquo;abord exprimer notre gratitude \u00e0 ceux qui ont contribu\u00e9 \u00e0 notre \u00e9lection et particuli\u00e8rement aux \u00e9lus locaux des partis AKEL, DISY, DIKO et EDEK, qui ont accept\u00e9 le Conseil Municipal, la Commission Scolaire et le Maire, sans avoir recours \u00e0 de nouvelles proc\u00e9dures \u00e9lectorales.. Je tiens tout particuli\u00e8rement \u00e0 remercier le Maire sortant, mon ami et partenaire Giannis Papaioannou pour sa contribution positive au maintien de l&rsquo;unit\u00e9 entre le people de Karavas et pour tout ce qu&rsquo;il a offert \u00e0 Karavas jusqu&rsquo;\u00e0 pr\u00e9sent, au cours de trois mandats successifs cons\u00e9cutifs. Je tiens \u00e9galement \u00e0 remercier tous ses coll\u00e8gues des Conseils municipaux. Nous tenons \u00e0 exprimer nos remerciements aux membres du Conseil Municipal qui ne se sont pas pr\u00e9sent\u00e9s \u00e0 la r\u00e9\u00e9lection, Maro Hadjistephanou, Lambros Maouris, Dimitris Epiphaniou et Despo Eftychiou. Je voudrais \u00e9galement exprimer mes remerciements au pr\u00e9sident sortant de la commission scolaire, M. Christakis Christoforou, ainsi qu&rsquo;aux membres qui nous ont quitt\u00e9s. Nous promettons de consacrer toute notre force et notre \u00e9nergie \u00e0 poursuivre l&rsquo;\u00e9norme effort accompli jusqu&rsquo;\u00e0 pr\u00e9sent, tout en y ajoutant notre propre identit\u00e9. Nous nous battrons pour notre cher Karavas selon notre vision et notre d\u00e9termination. Nous le ferons dans un esprit collectif et organis\u00e9. Nous le ferons pour tous, mais surtout pour les jeunes g\u00e9n\u00e9rations qui constituent notre espoir et notre avenir. Dans cet effort, nous avons besoin de la contribution et du soutien de chacun, car l&rsquo;aide de chacun est pr\u00e9cieuse.<\/p>\n<p>QUELQUES MOTS DU MAIRE DE KARAVAS<\/p>\n<p>Chers compatriotes,<\/p>\n<p>Au cours de ces 47 derni\u00e8res ann\u00e9es, Karavas a \u00e9t\u00e9 r\u00e9duit en esclavage sous l&rsquo;ignoble occupation des Turcs. Il a \u00e9t\u00e9 pill\u00e9 et est maintenant presque m\u00e9connaissable. N\u00e9anmoins, peu importe ce qu&rsquo;il est advenu de Karavas, c&rsquo;est notre terre, la terre de nos anc\u00eatres. Il attend notre retour.<\/p>\n<p>Le retour dans notre patrie est en effet une t\u00e2che tr\u00e8s difficile, mais pas insurmontable. Unis, nous pouvons r\u00e9ussir. Notre unit\u00e9 et notre esprit commun, manifest\u00e9s par la Fraternit\u00e9 du Peuple de Karavas nous donnent de l&rsquo;espoir. Il est donc notre devoir sacr\u00e9 de prot\u00e9ger ce sentiment d&rsquo;unit\u00e9 et de le renforcer.<\/p>\n<p>Je demande de chacun d&rsquo;entre vous de se tenir \u00e0 nos c\u00f4t\u00e9s dans notre tentative motiv\u00e9e par l&rsquo;espoir et la foi de pouvoir un jour retourner dans notre terre bien-aim\u00e9e, un Karavas libre.<\/p>\n<p>Je souhaite que cette nouvelle ann\u00e9e soit prosp\u00e8re pour vous tous. J&rsquo;esp\u00e8re \u00e9galement que ce sera une ann\u00e9e marquante, une ann\u00e9e o\u00f9 Chypre sera enfin libre et unie . Une ann\u00e9e o\u00f9 le probl\u00e8me chypriote sera r\u00e9solu et nous permettra, \u00e0 nous les habitants de Karavas, ainsi qu&rsquo;\u00e0 tous les autres r\u00e9fugi\u00e9s, de retourner \u00e0 nos foyers et \u00e0 notre terre en toute libert\u00e9, s\u00e9curit\u00e9 et dignit\u00e9.<\/p>\n<\/div><\/div><\/div><\/section>\n<section class='av_toggle_section av-9wr01-fa172cf18447d036a17f3c5380cecd72'  itemscope=\"itemscope\" itemtype=\"https:\/\/schema.org\/CreativeWork\" ><div role=\"tablist\" class=\"single_toggle\" data-tags=\"{Tout} \"  ><p id='toggle-toggle-id-2' data-fake-id='#toggle-id-2' class='toggler  av-title-above av-inherit-font-color hasCustomColor'  itemprop=\"headline\"  role='tab' tabindex='0' aria-controls='toggle-id-2' data-slide-speed=\"200\" data-title=\"Conseil municipal \" data-title-open=\"\" data-aria_collapsed=\"Cliquez pour \u00e9tendre : Conseil municipal \" data-aria_expanded=\"Cliquez pour r\u00e9duire : Conseil municipal \">Conseil municipal <span class=\"toggle_icon\"><span class=\"vert_icon\"><\/span><span class=\"hor_icon\"><\/span><\/span><\/p><div id='toggle-id-2' aria-labelledby='toggle-toggle-id-2' role='region' class='toggle_wrap  av-title-above'  ><div class='toggle_content invers-color av-inherit-font-color hasCustomColor'  itemprop=\"text\" ><h5>Maire<\/h5>\n<p>Nicos Hadjistephanou<\/p>\n<h5><strong>D\u00e9put\u00e9 maire<\/strong><\/h5>\n<p>Panayiotis Manoli<\/p>\n<h5>Membres<\/h5>\n<p>Chrysanthi Epifaniou<br \/>\nCostas Constantinou<br \/>\nMarios Mouyis<br \/>\nNicos Papapetrou<br \/>\nAlexandros Postekkis<br \/>\nSotera Potamitou<br \/>\nKyriacos Hadjinicolaou<\/p>\n\n<style type=\"text\/css\" data-created_by=\"avia_inline_auto\" id=\"style-css-av-jpsfh0si-431b598b1f9945697d9310835912995e\">\n#top .avia-gallery.av-jpsfh0si-431b598b1f9945697d9310835912995e .avia-gallery-thumb a{\nwidth:25%;\n}\n<\/style>\n<div  class='avia-gallery av-jpsfh0si-431b598b1f9945697d9310835912995e avia_animate_when_visible  avia-builder-el-1  avia-builder-el-no-sibling  deactivate_avia_lazyload avia-gallery-animate avia-gallery-1'  itemprop=\"image\" itemscope=\"itemscope\" itemtype=\"https:\/\/schema.org\/ImageObject\" ><meta itemprop=\"contentURL\" content=\"https:\/\/karavas.eu\/fr\/karavas\/la-municipalite-de-karavas\/\"><div class='avia-gallery-thumb'><a href=\"https:\/\/karavas.eu\/wp-content\/uploads\/dimotiko_sym1.jpg\" data-srcset=\"https:\/\/karavas.eu\/wp-content\/uploads\/dimotiko_sym1.jpg 1500w, https:\/\/karavas.eu\/wp-content\/uploads\/dimotiko_sym1-705x472.jpg 705w\" data-sizes=\"(max-width: 1030px) 100vw, 1030px\" data-rel='gallery-1' data-prev-img='https:\/\/karavas.eu\/wp-content\/uploads\/dimotiko_sym1-495x400.jpg' class='first_thumb lightbox ' data-onclick='1' title='Les membres du conseil municipal de Karavas 2017-2021'  itemprop=\"thumbnailUrl\"  ><img decoding=\"async\" fetchpriority=\"high\" class=\"wp-image-17650 avia-img-lazy-loading-not-17650\"  data-avia-tooltip='Les membres du conseil municipal de Karavas 2017-2021' src=\"https:\/\/karavas.eu\/wp-content\/uploads\/dimotiko_sym1.jpg\" width=\"1500\" height=\"1004\"  title='dimotiko_sym1' alt='' srcset=\"https:\/\/karavas.eu\/wp-content\/uploads\/dimotiko_sym1.jpg 1500w, https:\/\/karavas.eu\/wp-content\/uploads\/dimotiko_sym1-705x472.jpg 705w\" sizes=\"(max-width: 1500px) 100vw, 1500px\" \/><div class='big-prev-fake'><img decoding=\"async\" loading=\"lazy\" class=\"wp-image-17650 avia-img-lazy-loading-17650\"  width=\"495\" height=\"400\" src=\"https:\/\/karavas.eu\/wp-content\/uploads\/dimotiko_sym1-495x400.jpg\" title='dimotiko_sym1' alt='' srcset=\"https:\/\/karavas.eu\/wp-content\/uploads\/dimotiko_sym1-495x400.jpg 495w, https:\/\/karavas.eu\/wp-content\/uploads\/dimotiko_sym1-845x684.jpg 845w\" sizes=\"auto, (max-width: 495px) 100vw, 495px\" \/><\/div><\/a><a href=\"https:\/\/karavas.eu\/wp-content\/uploads\/dimotiko_sym2.jpg\" data-srcset=\"https:\/\/karavas.eu\/wp-content\/uploads\/dimotiko_sym2.jpg 1500w, https:\/\/karavas.eu\/wp-content\/uploads\/dimotiko_sym2-705x472.jpg 705w\" data-sizes=\"(max-width: 1030px) 100vw, 1030px\" data-rel='gallery-1' data-prev-img='https:\/\/karavas.eu\/wp-content\/uploads\/dimotiko_sym2-495x400.jpg' class='lightbox ' data-onclick='2' title='Les membres du conseil municipal de Karavas 2017-2021'  itemprop=\"thumbnailUrl\"  ><img decoding=\"async\" fetchpriority=\"high\" class=\"wp-image-17651 avia-img-lazy-loading-not-17651\"  data-avia-tooltip='Les membres du conseil municipal de Karavas 2017-2021' src=\"https:\/\/karavas.eu\/wp-content\/uploads\/dimotiko_sym2.jpg\" width=\"1500\" height=\"1004\"  title='dimotiko_sym2' alt='' srcset=\"https:\/\/karavas.eu\/wp-content\/uploads\/dimotiko_sym2.jpg 1500w, https:\/\/karavas.eu\/wp-content\/uploads\/dimotiko_sym2-705x472.jpg 705w\" sizes=\"(max-width: 1500px) 100vw, 1500px\" \/><div class='big-prev-fake'><img decoding=\"async\" loading=\"lazy\" class=\"wp-image-17651 avia-img-lazy-loading-17651\"  width=\"495\" height=\"400\" src=\"https:\/\/karavas.eu\/wp-content\/uploads\/dimotiko_sym2-495x400.jpg\" title='dimotiko_sym2' alt='' srcset=\"https:\/\/karavas.eu\/wp-content\/uploads\/dimotiko_sym2-495x400.jpg 495w, https:\/\/karavas.eu\/wp-content\/uploads\/dimotiko_sym2-845x684.jpg 845w\" sizes=\"auto, (max-width: 495px) 100vw, 495px\" \/><\/div><\/a><\/div><\/div>\n<\/div><\/div><\/div><\/section>\n<section class='av_toggle_section av-3a4xch-abd36efee6d41e44ed420949c3e45a92'  itemscope=\"itemscope\" itemtype=\"https:\/\/schema.org\/CreativeWork\" ><div role=\"tablist\" class=\"single_toggle\" data-tags=\"{Tout} \"  ><p id='toggle-toggle-id-3' data-fake-id='#toggle-id-3' class='toggler  av-title-above av-inherit-font-color hasCustomColor'  itemprop=\"headline\"  role='tab' tabindex='0' aria-controls='toggle-id-3' data-slide-speed=\"200\" data-title=\"Comit\u00e9s municipaux\" data-title-open=\"\" data-aria_collapsed=\"Cliquez pour \u00e9tendre : Comit\u00e9s municipaux\" data-aria_expanded=\"Cliquez pour r\u00e9duire : Comit\u00e9s municipaux\">Comit\u00e9s municipaux<span class=\"toggle_icon\"><span class=\"vert_icon\"><\/span><span class=\"hor_icon\"><\/span><\/span><\/p><div id='toggle-id-3' aria-labelledby='toggle-toggle-id-3' role='region' class='toggle_wrap  av-title-above'  ><div class='toggle_content invers-color av-inherit-font-color hasCustomColor'  itemprop=\"text\" ><h5>Comit\u00e9 de gestion financi\u00e8re<\/h5>\n<p>Nikos Hadjistephanou \u2013 Maire<br \/>\nPanikos Manolis \u2013 Adjoint au Maire<br \/>\nChrysanthi Epiphaniou<br \/>\nKostas Konstantinou<br \/>\nMarios Mouyis<br \/>\nNikos Papapetrou<br \/>\nAlexis Postekkis<br \/>\nSotera Potamitou<br \/>\nKyriakos Hadjinikolaou<\/p>\n<h5><strong>Comit\u00e9 des \u00e9v\u00e9nements<\/strong><\/h5>\n<p>Nikos Hadjistephanou \u2013 Maire<br \/>\nPanikos Manolis \u2013 Adjoint au Maire<br \/>\nChrysanthi Epiphaniou<br \/>\nKostas Konstantinou<br \/>\nMarios Mouyis<br \/>\nNikos Papapetrou<br \/>\nAlexis Postekkis<br \/>\nPotamitou Sotera<br \/>\nKyriakos Hadjinikolaou<br \/>\nYiannis Papaioannou<br \/>\nPitsa Protopapa<br \/>\nNelli Loukaidou<br \/>\nMaro Hadjistephanou<br \/>\nKostas Pateras<br \/>\nAndreas Pateras<br \/>\nAndreas (Rikkos) Charalambous<br \/>\nChristoforos Tsangaridis<br \/>\nAndroula Assiotou<\/p>\n<h5><strong>Comit\u00e9 des Ouvrages<\/strong><\/h5>\n<p>Nikos Hadjistephanou \u2013 Maire<br \/>\nPanikos Manolis \u2013 Adjoint au Maire<br \/>\nChrysanthi Epiphaniou<br \/>\nKostas Konstantinou<br \/>\nMarios Mouyis<br \/>\nNikos Papapetrou<br \/>\nAlexis Postekkis<br \/>\nSotera Potamitou<br \/>\nKyriakos Hadjinikolaou<br \/>\nYiannis Papaioannou<br \/>\nPitsa Protopapa<br \/>\nMaro Hadjistephanou<br \/>\nKostas Pateras<br \/>\nAndreas Pateras<br \/>\nAndreas (Rikkos) Charalambous<br \/>\nChristoforos Christodoulidis<br \/>\nChrystalla Charalambous<br \/>\nIro Asprou<\/p>\n<h5><strong>Comit\u00e9 de Promotion Culturelle<\/strong><\/h5>\n<p>Nikos Hadjistephanou \u2013 Maire<br \/>\nPanikos Manolis \u2013 Adjoint au Maire<br \/>\nChrysanthi Epiphaniou<br \/>\nKostas Konstantinou<br \/>\nMarios Mouyis<br \/>\nNikos Papapetrou<br \/>\nAlexis Postekkis<br \/>\nSotera Potamitou<br \/>\nKyriakos Hadjinikolaou<br \/>\nAnastasia (Bruxelles)<br \/>\nKyriakos Triantafyllidis<br \/>\nGeorgios Iordanous<br \/>\nPitsa Protopapa<\/p>\n<h5><strong>Comit\u00e9 d&rsquo;h\u00e9bergement et d&rsquo;appui technique<\/strong><\/h5>\n<p>Kostas Konstantinou<br \/>\nAlexis Postekkis<br \/>\nKyriakos Hadjinikolaou<br \/>\nMarios Mouyis<br \/>\nYannis Loizis<br \/>\nGeorgios Cleanthous<\/p>\n<h5><strong>Comit\u00e9 de la protection sociale<\/strong><\/h5>\n<p>Nikos Papapetrou (Nicosie-Larnaca)<br \/>\nPanikos Manolis (Limassol-Paphos)<br \/>\nMaro Hadjistephanou<\/p>\n<h5><strong>Comit\u00e9 des programmes europ\u00e9ens<\/strong><\/h5>\n<p>Chrysanthi Epiphaniou<br \/>\nKyriakos Hadjinikolaou<br \/>\nAlexis Postekkis<br \/>\nMarios Mouyis<br \/>\nDespo Sergidou Kyprianou<br \/>\nAndr\u00e9as Lambrou<br \/>\nFofi Konstantinidou<\/p>\n<h5><strong>COMIT\u00c9S SP\u00c9CIAUX<\/strong><\/h5>\n<p><strong>Exposition Fervolites<\/strong><\/p>\n<p>Sotera Potamitou<br \/>\nKostas Konstantinou<br \/>\nAlexis Postekkis<br \/>\nPitsa Protopapa<br \/>\nKallistheni Kosiari<br \/>\nMaroula Manoli<br \/>\nVasiliki Christodoulidou<br \/>\nNania Antoniadou<\/p>\n<p><strong>Registre des propri\u00e9t\u00e9s de la municipalit\u00e9<\/strong><\/p>\n<p>Kostas Konstantinou<br \/>\nMarios Mouyis<br \/>\nKyriakos Hadjinikolaou<br \/>\nPanikos Georgiadis<\/p>\n<p><strong>Registres (citoyens, scouts, jeunes, personnes \u00e2g\u00e9es)<\/strong><\/p>\n<p>Kyriakos Hadjinikolaou<br \/>\nPanagiotis Manolis<br \/>\nNikos Papapetrou<br \/>\nSotera Potamitou<br \/>\nMarios Mouyis<br \/>\nSotiroula Kyrou<\/p>\n<h5><strong>CONSULTATIF<\/strong><\/h5>\n<p><strong>COMIT\u00c9S (Secr\u00e9taires)<\/strong><\/p>\n<p>(Ils sont principalement compos\u00e9s de non-membres du Conseil d&rsquo;administration et ont un Secr\u00e9taire qui est membre du Conseil d&rsquo;administration)<\/p>\n<p><strong>Commission des affaires juridiques<\/strong><br \/>\nChrysanthi Epiphaniou (Secr\u00e9taire)<br \/>\nYiannis Papaioannou<br \/>\nKyriakos Triantafyllidis<br \/>\nAndreas Lambrou<br \/>\nSotiris Louka\u00efdis<br \/>\nEmily Karaiscou<br \/>\nChristakis Mitsidis<\/p>\n<p><strong>Comit\u00e9 des Finances<\/strong><\/p>\n<p>Kyriakos Hadjinikolaou (Secr\u00e9taire)<br \/>\nLoukis Iakovidis<br \/>\nAndr\u00e9as Pateras<br \/>\nPanikos Georgiadis<br \/>\nNoulla Frangoudi<br \/>\nLampros Mauris<br \/>\nChristakis Christoforou<br \/>\nEvanthia Patera<br \/>\nMaro Hadjistephanou<br \/>\nDimitris Christou<\/p>\n<p><strong>Commission des relations internationals<\/strong><\/p>\n<p>Marios Mouyis (secr\u00e9taire)<br \/>\nChrysanthi Epiphaniou<br \/>\nKyriakos Triantafyllidis<br \/>\nLoukia Mouyi<br \/>\nKonstantinos Kitromelis<br \/>\nAnastasia Christou<br \/>\nIrini Leontiou<br \/>\nGeorgios Iordanous<\/p>\n<\/div><\/div><\/div><\/section>\n<section class='av_toggle_section av-2cr5gh-0709ce0d9d7f6ee4c19208cfc1a9948c'  itemscope=\"itemscope\" itemtype=\"https:\/\/schema.org\/CreativeWork\" ><div role=\"tablist\" class=\"single_toggle\" data-tags=\"{Tout} \"  ><p id='toggle-toggle-id-4' data-fake-id='#toggle-id-4' class='toggler  av-title-above av-inherit-font-color hasCustomColor'  itemprop=\"headline\"  role='tab' tabindex='0' aria-controls='toggle-id-4' data-slide-speed=\"200\" data-title=\"Anciens maires\" data-title-open=\"\" data-aria_collapsed=\"Cliquez pour \u00e9tendre : Anciens maires\" data-aria_expanded=\"Cliquez pour r\u00e9duire : Anciens maires\">Anciens maires<span class=\"toggle_icon\"><span class=\"vert_icon\"><\/span><span class=\"hor_icon\"><\/span><\/span><\/p><div id='toggle-id-4' aria-labelledby='toggle-toggle-id-4' role='region' class='toggle_wrap  av-title-above'  ><div class='toggle_content invers-color av-inherit-font-color hasCustomColor'  itemprop=\"text\" ><table border=\"0\" cellspacing=\"0\" cellpadding=\"0\">\n<tbody>\n<tr>\n<td>\n<h5>Nom du maire<\/h5>\n<\/td>\n<td>\n<h5>Mandat<\/h5>\n<\/td>\n<\/tr>\n<tr>\n<td>Kyprianos P. Douvlia (Daktyliades)<\/td>\n<td>07\/06\/1884\u201302\/08\/1887<\/td>\n<\/tr>\n<tr>\n<td>Gabriel Phylaktos<\/td>\n<td>02\/08\/1887-16\/05\/1888<\/td>\n<\/tr>\n<tr>\n<td>Iakovos Georgiou<\/td>\n<td>16\/05\/1888-02\/03\/1892<\/td>\n<\/tr>\n<tr>\n<td>Kyprianos Daktyliades<\/td>\n<td>02\/03\/1892-29\/04\/1897<\/td>\n<\/tr>\n<tr>\n<td>Michel Konstantinidis<\/td>\n<td>29\/04\/1897-29\/09\/1900<\/td>\n<\/tr>\n<tr>\n<td>Nikolaos Paraskea<\/td>\n<td>29\/09\/1900-10\/12\/1903<\/td>\n<\/tr>\n<tr>\n<td>Michel Tziakas<\/td>\n<td>10\/12\/1903-16\/04\/1908<\/td>\n<\/tr>\n<tr>\n<td>Grigorios X\u00a0\u00bb Lambrou<\/td>\n<td>16\/04\/1908-31\/03\/1926<\/td>\n<\/tr>\n<tr>\n<td>Konstantinos X\u00a0\u00bbAlexandrou<\/td>\n<td>31\/03\/1926-08\/05\/1927<\/td>\n<\/tr>\n<tr>\n<td>Christodoulos X\u00a0\u00bb Kyriakou<\/td>\n<td>08\/05\/1927-08\/02\/1933<\/td>\n<\/tr>\n<tr>\n<td>Georgios X\u00a0\u00bb Grigoriou<\/td>\n<td>08\/02\/1933-01\/06\/1946<\/td>\n<\/tr>\n<tr>\n<td>Dimitrios N. Laios<\/td>\n<td>01\/06\/1946-01\/06\/1949<\/td>\n<\/tr>\n<tr>\n<td>Loizos K. Psathas<\/td>\n<td>01\/06\/1946-01\/06\/1953<\/td>\n<\/tr>\n<tr>\n<td><a href=\"http:\/\/karavas.eu\/wp-content\/uploads\/dimarhos_panagiotis_kalava.pdf\" target=\"_blank\" rel=\"noopener\">Panagiotis N. Kalavas <\/a><\/td>\n<td>01\/06\/1953-31\/12\/1962<\/td>\n<\/tr>\n<tr>\n<td>Christoforos Kythraiotis, pr\u00e9fet de Nicosie et Kyrenia<\/td>\n<td>01\/01\/1963-19\/12\/1964<\/td>\n<\/tr>\n<tr>\n<td>Kostas M. Stephanidis, sous-pr\u00e9fet de Kyrenia<\/td>\n<td>01\/01\/1963-19\/12\/1964<\/td>\n<\/tr>\n<tr>\n<td><a href=\"https:\/\/karavas.eu\/wp-content\/uploads\/dimarhos_ioannis_harmantas.pdf\" target=\"_blank\" rel=\"noopener\">Ioannis Charmandas <\/a><\/td>\n<td>19\/12\/1964-23\/07\/1970<\/td>\n<\/tr>\n<tr>\n<td><a href=\"http:\/\/karavas.eu\/wp-content\/uploads\/dimarhos_ioannis_harmantas-1.pdf\" target=\"_blank\" rel=\"noopener\">Philis Hatjidamanou<\/a><\/td>\n<td>23\/07\/1970-31\/12\/1991<\/td>\n<\/tr>\n<tr>\n<td>Panikos Tsedas<\/td>\n<td>01\/01\/1992-31\/12\/2001<\/td>\n<\/tr>\n<tr>\n<td>Giannis Papaioannou<\/td>\n<td>01\/01\/2002-31\/12\/2016<\/td>\n<\/tr>\n<tr>\n<td>Nikos Hadjistephanou<\/td>\n<td>01\/01\/2017<\/td>\n<\/tr>\n<\/tbody>\n<\/table>\n<\/div><\/div><\/div><\/section>\n<\/div>\n","protected":false},"excerpt":{"rendered":"","protected":false},"author":1,"featured_media":0,"parent":20585,"menu_order":103,"comment_status":"closed","ping_status":"closed","template":"","meta":{"footnotes":""},"class_list":["post-18111","page","type-page","status-publish","hentry"],"_links":{"self":[{"href":"https:\/\/karavas.eu\/fr\/wp-json\/wp\/v2\/pages\/18111","targetHints":{"allow":["GET"]}}],"collection":[{"href":"https:\/\/karavas.eu\/fr\/wp-json\/wp\/v2\/pages"}],"about":[{"href":"https:\/\/karavas.eu\/fr\/wp-json\/wp\/v2\/types\/page"}],"author":[{"embeddable":true,"href":"https:\/\/karavas.eu\/fr\/wp-json\/wp\/v2\/users\/1"}],"replies":[{"embeddable":true,"href":"https:\/\/karavas.eu\/fr\/wp-json\/wp\/v2\/comments?post=18111"}],"version-history":[{"count":0,"href":"https:\/\/karavas.eu\/fr\/wp-json\/wp\/v2\/pages\/18111\/revisions"}],"up":[{"embeddable":true,"href":"https:\/\/karavas.eu\/fr\/wp-json\/wp\/v2\/pages\/20585"}],"wp:attachment":[{"href":"https:\/\/karavas.eu\/fr\/wp-json\/wp\/v2\/media?parent=18111"}],"curies":[{"name":"wp","href":"https:\/\/api.w.org\/{rel}","templated":true}]}}