{"id":18087,"date":"2022-09-19T15:38:06","date_gmt":"2022-09-19T12:38:06","guid":{"rendered":"https:\/\/karavas.eu\/?page_id=18087"},"modified":"2022-09-20T15:22:17","modified_gmt":"2022-09-20T12:22:17","slug":"karavas-aujourdhui","status":"publish","type":"page","link":"https:\/\/karavas.eu\/fr\/karavas\/karavas-passe-et-present\/karavas-aujourdhui\/","title":{"rendered":"Karavas aujourd&rsquo;hui"},"content":{"rendered":"<section  class='av_textblock_section av-2ipp7j-faad9bc2e4e815140406f9abe88580b3 '   itemscope=\"itemscope\" itemtype=\"https:\/\/schema.org\/CreativeWork\" ><div class='avia_textblock'  itemprop=\"text\" ><p>Aujourd&rsquo;hui, Karavas est occup\u00e9e par l&rsquo;arm\u00e9e turque et habit\u00e9e par des Chypriotes turcs ainsi que par des colons amen\u00e9s de Turquie, qui r\u00e9sident tous dans des propri\u00e9t\u00e9s chypriotes grecques saisies ill\u00e9galement.<\/p>\n<p>Toutes les \u00e9glises et les chapelles du village ont \u00e9t\u00e9 profan\u00e9es ou d\u00e9truites. L&rsquo;\u00e9glise centrale d&rsquo;Evangelistria est maintenant utilis\u00e9e comme mosqu\u00e9e. Le site arch\u00e9ologique de Lambousa est abandonn\u00e9 sans \u00eatre conserv\u00e9e. De nombreux objets pr\u00e9cieux et autres tr\u00e9sors arch\u00e9ologiques ont \u00e9t\u00e9 vol\u00e9s ou d\u00e9truits.<\/p>\n<p>Des b\u00e2timents et d&rsquo;autres structures ont \u00e9t\u00e9 ill\u00e9galement construits sur de nombreuses propri\u00e9t\u00e9s chypriotes grecques, dans le but de consolider le r\u00e9gime ill\u00e9gal, qui tente syst\u00e9matiquement d&rsquo;effacer toute trace de la civilisation chypriote grecque et du pass\u00e9 historique de la r\u00e9gion.<\/p>\n<\/div><\/section>\n\n<style type=\"text\/css\" data-created_by=\"avia_inline_auto\" id=\"style-css-av-jr7h8ydh-c370fb3a6fcb26ba96cd3f46b8deea91\">\n#top .avia-gallery.av-jr7h8ydh-c370fb3a6fcb26ba96cd3f46b8deea91 .avia-gallery-thumb a{\nwidth:25%;\n}\n<\/style>\n<div  class='avia-gallery av-jr7h8ydh-c370fb3a6fcb26ba96cd3f46b8deea91 avia_animate_when_visible  avia-builder-el-1  el_after_av_textblock  avia-builder-el-last  deactivate_avia_lazyload avia-gallery-animate avia-gallery-1'  itemprop=\"image\" itemscope=\"itemscope\" itemtype=\"https:\/\/schema.org\/ImageObject\" ><meta itemprop=\"contentURL\" content=\"https:\/\/karavas.eu\/fr\/karavas\/karavas-passe-et-present\/karavas-aujourdhui\/\"><div class='avia-gallery-thumb'><a href=\"https:\/\/karavas.eu\/wp-content\/uploads\/karavas_today3.jpg\" data-srcset=\"https:\/\/karavas.eu\/wp-content\/uploads\/karavas_today3.jpg 1000w, https:\/\/karavas.eu\/wp-content\/uploads\/karavas_today3-705x529.jpg 705w\" data-sizes=\"(max-width: 1000px) 100vw, 1000px\" data-rel='gallery-1' data-prev-img='https:\/\/karavas.eu\/wp-content\/uploads\/karavas_today3-495x400.jpg' class='first_thumb lightbox ' data-onclick='1' title='Le cimeti\u00e8re de Karavas aujourd&rsquo;hui.'  itemprop=\"thumbnailUrl\"  ><img decoding=\"async\" fetchpriority=\"high\" class=\"wp-image-17774 avia-img-lazy-loading-not-17774\"  data-avia-tooltip='Le cimeti\u00e8re de Karavas aujourd&rsquo;hui.' src=\"https:\/\/karavas.eu\/wp-content\/uploads\/karavas_today3.jpg\" width=\"1000\" height=\"750\"  title='karavas_today3' alt='' srcset=\"https:\/\/karavas.eu\/wp-content\/uploads\/karavas_today3.jpg 1000w, https:\/\/karavas.eu\/wp-content\/uploads\/karavas_today3-705x529.jpg 705w\" sizes=\"(max-width: 1000px) 100vw, 1000px\" \/><div class='big-prev-fake'><img decoding=\"async\" loading=\"lazy\" class=\"wp-image-17774 avia-img-lazy-loading-17774\"  width=\"495\" height=\"400\" src=\"https:\/\/karavas.eu\/wp-content\/uploads\/karavas_today3-495x400.jpg\" title='karavas_today3' alt='' srcset=\"https:\/\/karavas.eu\/wp-content\/uploads\/karavas_today3-495x400.jpg 495w, https:\/\/karavas.eu\/wp-content\/uploads\/karavas_today3-845x684.jpg 845w\" sizes=\"auto, (max-width: 495px) 100vw, 495px\" \/><\/div><\/a><a href=\"https:\/\/karavas.eu\/wp-content\/uploads\/karavas_today4.jpg\" data-srcset=\"https:\/\/karavas.eu\/wp-content\/uploads\/karavas_today4.jpg 1000w, https:\/\/karavas.eu\/wp-content\/uploads\/karavas_today4-705x529.jpg 705w\" data-sizes=\"(max-width: 1000px) 100vw, 1000px\" data-rel='gallery-1' data-prev-img='https:\/\/karavas.eu\/wp-content\/uploads\/karavas_today4-495x400.jpg' class='lightbox ' data-onclick='2' title='Karavas aujourd\u2019hui'  itemprop=\"thumbnailUrl\"  ><img decoding=\"async\" fetchpriority=\"high\" class=\"wp-image-17775 avia-img-lazy-loading-not-17775\"  data-avia-tooltip='Karavas aujourd\u2019hui' src=\"https:\/\/karavas.eu\/wp-content\/uploads\/karavas_today4.jpg\" width=\"1000\" height=\"750\"  title='karavas_today4' alt='' srcset=\"https:\/\/karavas.eu\/wp-content\/uploads\/karavas_today4.jpg 1000w, https:\/\/karavas.eu\/wp-content\/uploads\/karavas_today4-705x529.jpg 705w\" sizes=\"(max-width: 1000px) 100vw, 1000px\" \/><div class='big-prev-fake'><img decoding=\"async\" loading=\"lazy\" class=\"wp-image-17775 avia-img-lazy-loading-17775\"  width=\"495\" height=\"400\" src=\"https:\/\/karavas.eu\/wp-content\/uploads\/karavas_today4-495x400.jpg\" title='karavas_today4' alt='' srcset=\"https:\/\/karavas.eu\/wp-content\/uploads\/karavas_today4-495x400.jpg 495w, https:\/\/karavas.eu\/wp-content\/uploads\/karavas_today4-845x684.jpg 845w\" sizes=\"auto, (max-width: 495px) 100vw, 495px\" \/><\/div><\/a><a href=\"https:\/\/karavas.eu\/wp-content\/uploads\/karavas_today5.jpg\" data-srcset=\"https:\/\/karavas.eu\/wp-content\/uploads\/karavas_today5.jpg 1000w, https:\/\/karavas.eu\/wp-content\/uploads\/karavas_today5-705x529.jpg 705w\" data-sizes=\"(max-width: 1000px) 100vw, 1000px\" data-rel='gallery-1' data-prev-img='https:\/\/karavas.eu\/wp-content\/uploads\/karavas_today5-495x400.jpg' class='lightbox ' data-onclick='3' title='Karavas aujourd\u2019hui'  itemprop=\"thumbnailUrl\"  ><img decoding=\"async\" fetchpriority=\"high\" class=\"wp-image-17776 avia-img-lazy-loading-not-17776\"  data-avia-tooltip='Karavas aujourd\u2019hui' src=\"https:\/\/karavas.eu\/wp-content\/uploads\/karavas_today5.jpg\" width=\"1000\" height=\"750\"  title='karavas_today5' alt='' srcset=\"https:\/\/karavas.eu\/wp-content\/uploads\/karavas_today5.jpg 1000w, https:\/\/karavas.eu\/wp-content\/uploads\/karavas_today5-705x529.jpg 705w\" sizes=\"(max-width: 1000px) 100vw, 1000px\" \/><div class='big-prev-fake'><img decoding=\"async\" loading=\"lazy\" class=\"wp-image-17776 avia-img-lazy-loading-17776\"  width=\"495\" height=\"400\" src=\"https:\/\/karavas.eu\/wp-content\/uploads\/karavas_today5-495x400.jpg\" title='karavas_today5' alt='' srcset=\"https:\/\/karavas.eu\/wp-content\/uploads\/karavas_today5-495x400.jpg 495w, https:\/\/karavas.eu\/wp-content\/uploads\/karavas_today5-845x684.jpg 845w\" sizes=\"auto, (max-width: 495px) 100vw, 495px\" \/><\/div><\/a><a href=\"https:\/\/karavas.eu\/wp-content\/uploads\/karavas_today6.jpg\" data-srcset=\"https:\/\/karavas.eu\/wp-content\/uploads\/karavas_today6.jpg 1000w, https:\/\/karavas.eu\/wp-content\/uploads\/karavas_today6-705x529.jpg 705w\" data-sizes=\"(max-width: 1000px) 100vw, 1000px\" data-rel='gallery-1' data-prev-img='https:\/\/karavas.eu\/wp-content\/uploads\/karavas_today6-495x400.jpg' class='lightbox ' data-onclick='4' title='Karavas aujourd\u2019hui'  itemprop=\"thumbnailUrl\"  ><img decoding=\"async\" fetchpriority=\"high\" class=\"wp-image-17777 avia-img-lazy-loading-not-17777\"  data-avia-tooltip='Karavas aujourd\u2019hui' src=\"https:\/\/karavas.eu\/wp-content\/uploads\/karavas_today6.jpg\" width=\"1000\" height=\"750\"  title='karavas_today6' alt='' srcset=\"https:\/\/karavas.eu\/wp-content\/uploads\/karavas_today6.jpg 1000w, https:\/\/karavas.eu\/wp-content\/uploads\/karavas_today6-705x529.jpg 705w\" sizes=\"(max-width: 1000px) 100vw, 1000px\" \/><div class='big-prev-fake'><img decoding=\"async\" loading=\"lazy\" class=\"wp-image-17777 avia-img-lazy-loading-17777\"  width=\"495\" height=\"400\" src=\"https:\/\/karavas.eu\/wp-content\/uploads\/karavas_today6-495x400.jpg\" title='karavas_today6' alt='' srcset=\"https:\/\/karavas.eu\/wp-content\/uploads\/karavas_today6-495x400.jpg 495w, https:\/\/karavas.eu\/wp-content\/uploads\/karavas_today6-845x684.jpg 845w\" sizes=\"auto, (max-width: 495px) 100vw, 495px\" \/><\/div><\/a><a href=\"https:\/\/karavas.eu\/wp-content\/uploads\/karavas_today7.jpg\" data-srcset=\"https:\/\/karavas.eu\/wp-content\/uploads\/karavas_today7.jpg 1000w, https:\/\/karavas.eu\/wp-content\/uploads\/karavas_today7-705x529.jpg 705w\" data-sizes=\"(max-width: 1000px) 100vw, 1000px\" data-rel='gallery-1' data-prev-img='https:\/\/karavas.eu\/wp-content\/uploads\/karavas_today7-495x400.jpg' class='first_thumb lightbox ' data-onclick='5' title='L&rsquo;h\u00f4tel Zefyros tel qu&rsquo;il se pr\u00e9sente aujourd&rsquo;hui'  itemprop=\"thumbnailUrl\"  ><img decoding=\"async\" fetchpriority=\"high\" class=\"wp-image-17778 avia-img-lazy-loading-not-17778\"  data-avia-tooltip='L&rsquo;h\u00f4tel Zefyros tel qu&rsquo;il se pr\u00e9sente aujourd&rsquo;hui' src=\"https:\/\/karavas.eu\/wp-content\/uploads\/karavas_today7.jpg\" width=\"1000\" height=\"750\"  title='karavas_today7' alt='' srcset=\"https:\/\/karavas.eu\/wp-content\/uploads\/karavas_today7.jpg 1000w, https:\/\/karavas.eu\/wp-content\/uploads\/karavas_today7-705x529.jpg 705w\" sizes=\"(max-width: 1000px) 100vw, 1000px\" \/><div class='big-prev-fake'><img decoding=\"async\" loading=\"lazy\" class=\"wp-image-17778 avia-img-lazy-loading-17778\"  width=\"495\" height=\"400\" src=\"https:\/\/karavas.eu\/wp-content\/uploads\/karavas_today7-495x400.jpg\" title='karavas_today7' alt='' srcset=\"https:\/\/karavas.eu\/wp-content\/uploads\/karavas_today7-495x400.jpg 495w, https:\/\/karavas.eu\/wp-content\/uploads\/karavas_today7-845x684.jpg 845w\" sizes=\"auto, (max-width: 495px) 100vw, 495px\" \/><\/div><\/a><a href=\"https:\/\/karavas.eu\/wp-content\/uploads\/karavas_today1-2.jpg\" data-srcset=\"https:\/\/karavas.eu\/wp-content\/uploads\/karavas_today1-2.jpg 1000w, https:\/\/karavas.eu\/wp-content\/uploads\/karavas_today1-2-705x529.jpg 705w\" data-sizes=\"(max-width: 1000px) 100vw, 1000px\" data-rel='gallery-1' data-prev-img='https:\/\/karavas.eu\/wp-content\/uploads\/karavas_today1-2-495x400.jpg' class='lightbox ' data-onclick='6' title='L&rsquo;int\u00e9rieur de l&rsquo;\u00e9glise d&rsquo;Agia Irene aujourd&rsquo;hui'  itemprop=\"thumbnailUrl\"  ><img decoding=\"async\" fetchpriority=\"high\" class=\"wp-image-17781 avia-img-lazy-loading-not-17781\"  data-avia-tooltip='L&rsquo;int\u00e9rieur de l&rsquo;\u00e9glise d&rsquo;Agia Irene aujourd&rsquo;hui' src=\"https:\/\/karavas.eu\/wp-content\/uploads\/karavas_today1-2.jpg\" width=\"1000\" height=\"750\"  title='karavas_today1' alt='' srcset=\"https:\/\/karavas.eu\/wp-content\/uploads\/karavas_today1-2.jpg 1000w, https:\/\/karavas.eu\/wp-content\/uploads\/karavas_today1-2-705x529.jpg 705w\" sizes=\"(max-width: 1000px) 100vw, 1000px\" \/><div class='big-prev-fake'><img decoding=\"async\" loading=\"lazy\" class=\"wp-image-17781 avia-img-lazy-loading-17781\"  width=\"495\" height=\"400\" src=\"https:\/\/karavas.eu\/wp-content\/uploads\/karavas_today1-2-495x400.jpg\" title='karavas_today1' alt='' srcset=\"https:\/\/karavas.eu\/wp-content\/uploads\/karavas_today1-2-495x400.jpg 495w, https:\/\/karavas.eu\/wp-content\/uploads\/karavas_today1-2-845x684.jpg 845w\" sizes=\"auto, (max-width: 495px) 100vw, 495px\" \/><\/div><\/a><a href=\"https:\/\/karavas.eu\/wp-content\/uploads\/karavas_today2-2.jpg\" data-srcset=\"https:\/\/karavas.eu\/wp-content\/uploads\/karavas_today2-2.jpg 1000w, https:\/\/karavas.eu\/wp-content\/uploads\/karavas_today2-2-705x529.jpg 705w\" data-sizes=\"(max-width: 1000px) 100vw, 1000px\" data-rel='gallery-1' data-prev-img='https:\/\/karavas.eu\/wp-content\/uploads\/karavas_today2-2-495x400.jpg' class='lightbox ' data-onclick='7' title='L&rsquo;int\u00e9rieur de l&rsquo;\u00e9glise d&rsquo;Agia Irene aujourd&rsquo;hui'  itemprop=\"thumbnailUrl\"  ><img decoding=\"async\" fetchpriority=\"high\" class=\"wp-image-17782 avia-img-lazy-loading-not-17782\"  data-avia-tooltip='L&rsquo;int\u00e9rieur de l&rsquo;\u00e9glise d&rsquo;Agia Irene aujourd&rsquo;hui' src=\"https:\/\/karavas.eu\/wp-content\/uploads\/karavas_today2-2.jpg\" width=\"1000\" height=\"750\"  title='karavas_today2' alt='' srcset=\"https:\/\/karavas.eu\/wp-content\/uploads\/karavas_today2-2.jpg 1000w, https:\/\/karavas.eu\/wp-content\/uploads\/karavas_today2-2-705x529.jpg 705w\" sizes=\"(max-width: 1000px) 100vw, 1000px\" \/><div class='big-prev-fake'><img decoding=\"async\" loading=\"lazy\" class=\"wp-image-17782 avia-img-lazy-loading-17782\"  width=\"495\" height=\"400\" src=\"https:\/\/karavas.eu\/wp-content\/uploads\/karavas_today2-2-495x400.jpg\" title='karavas_today2' alt='' srcset=\"https:\/\/karavas.eu\/wp-content\/uploads\/karavas_today2-2-495x400.jpg 495w, https:\/\/karavas.eu\/wp-content\/uploads\/karavas_today2-2-845x684.jpg 845w\" sizes=\"auto, (max-width: 495px) 100vw, 495px\" \/><\/div><\/a><\/div><\/div>\n","protected":false},"excerpt":{"rendered":"","protected":false},"author":1,"featured_media":0,"parent":17193,"menu_order":98,"comment_status":"closed","ping_status":"closed","template":"","meta":{"footnotes":""},"class_list":["post-18087","page","type-page","status-publish","hentry"],"_links":{"self":[{"href":"https:\/\/karavas.eu\/fr\/wp-json\/wp\/v2\/pages\/18087","targetHints":{"allow":["GET"]}}],"collection":[{"href":"https:\/\/karavas.eu\/fr\/wp-json\/wp\/v2\/pages"}],"about":[{"href":"https:\/\/karavas.eu\/fr\/wp-json\/wp\/v2\/types\/page"}],"author":[{"embeddable":true,"href":"https:\/\/karavas.eu\/fr\/wp-json\/wp\/v2\/users\/1"}],"replies":[{"embeddable":true,"href":"https:\/\/karavas.eu\/fr\/wp-json\/wp\/v2\/comments?post=18087"}],"version-history":[{"count":0,"href":"https:\/\/karavas.eu\/fr\/wp-json\/wp\/v2\/pages\/18087\/revisions"}],"up":[{"embeddable":true,"href":"https:\/\/karavas.eu\/fr\/wp-json\/wp\/v2\/pages\/17193"}],"wp:attachment":[{"href":"https:\/\/karavas.eu\/fr\/wp-json\/wp\/v2\/media?parent=18087"}],"curies":[{"name":"wp","href":"https:\/\/api.w.org\/{rel}","templated":true}]}}