{"id":18085,"date":"2022-09-19T15:37:35","date_gmt":"2022-09-19T12:37:35","guid":{"rendered":"https:\/\/karavas.eu\/?page_id=18085"},"modified":"2022-09-20T15:21:10","modified_gmt":"2022-09-20T12:21:10","slug":"linvasion-turque","status":"publish","type":"page","link":"https:\/\/karavas.eu\/fr\/karavas\/karavas-passe-et-present\/linvasion-turque\/","title":{"rendered":"L&rsquo;invasion turque"},"content":{"rendered":"<section  class='av_textblock_section av-rqum-1217f64f8bfdc18827dc424d6e653f5f '   itemscope=\"itemscope\" itemtype=\"https:\/\/schema.org\/CreativeWork\" ><div class='avia_textblock'  itemprop=\"text\" ><p>Karavas a \u00e9t\u00e9 la premi\u00e8re victime de l&rsquo;invasion turque. Les envahisseurs turcs ont d\u2019abord d\u00e9barqu\u00e9 sur la zone c\u00f4ti\u00e8re de la ville, connue sous le nom de \u00ab\u00a0Pente Mili\u00a0\u00bb le 20 juillet 1974 sans rencontrer aucune r\u00e9sistance militaire organis\u00e9e.<\/p>\n<p>Le petit nombre de forces de la Garde nationale chypriote et surtout les hommes des 286e et 251e bataillons d&rsquo;infanterie qui se sont pr\u00e9cipit\u00e9s dans la r\u00e9gion n&rsquo;ont pas pu repousser les envahisseurs qui avaient d\u00e9j\u00e0 d\u00e9barqu\u00e9.<\/p>\n<p>Les habitants de Karavas, sous la direction de Yiannis K. Kitsios, originaire de Karavas ont improvis\u00e9 une ligne d\u00e9fensive s&rsquo;\u00e9tendant de la zone c\u00f4ti\u00e8re de \u00ab\u00a0Pente Mili\u00a0\u00bb jusqu&rsquo;aux collines de la montagne afin de prot\u00e9ger la ville,. Leur r\u00e9sistance a dur\u00e9 jusqu&rsquo;au 6 ao\u00fbt, lorsque les Turcs ont r\u00e9ussi \u00e0 capturer toute la r\u00e9gion de Karavas et Lapithos pendant le cessez-le-feu. Les hommes chypriotes de la Garde nationale dans la r\u00e9gion ne d\u00e9passaient pas 300, dont la plupart appartenaient au 256e bataillon d&rsquo;infanterie. Au cours des batailles de 1974, de nombreux officiers et hommes de troupe ont perdu la vie dans un sacrifice h\u00e9ro\u00efque en combattant les envahisseurs turcs.<\/p>\n<p>Beaucoup de gens originaires de Karavas ont \u00e9galement combattu dans d&rsquo;autres parties de Chypre. Au total, 58 habitants de Karavas ont perdu la vie au combat ou ont \u00e9t\u00e9 tu\u00e9s de sang-froid lors de l&rsquo;invasion. Apr\u00e8s la prise de la ville par l&rsquo;arm\u00e9e turque, un petit nombre d&rsquo;habitants sont rest\u00e9s pi\u00e9g\u00e9s dans la ville ; ils ont tous \u00e9t\u00e9 progressivement expuls\u00e9s en ao\u00fbt 1976.<\/p>\n<\/div><\/section>\n\n<style type=\"text\/css\" data-created_by=\"avia_inline_auto\" id=\"style-css-av-jr7h8ydh-e57636e29232b93f21ed1661f12cfbd0\">\n#top .avia-gallery.av-jr7h8ydh-e57636e29232b93f21ed1661f12cfbd0 .avia-gallery-thumb a{\nwidth:25%;\n}\n<\/style>\n<div  class='avia-gallery av-jr7h8ydh-e57636e29232b93f21ed1661f12cfbd0 avia_animate_when_visible  avia-builder-el-1  el_after_av_textblock  avia-builder-el-last  deactivate_avia_lazyload avia-gallery-animate avia-gallery-1'  itemprop=\"image\" itemscope=\"itemscope\" itemtype=\"https:\/\/schema.org\/ImageObject\" ><meta itemprop=\"contentURL\" content=\"https:\/\/karavas.eu\/fr\/karavas\/karavas-passe-et-present\/linvasion-turque\/\"><div class='avia-gallery-thumb'><a href=\"https:\/\/karavas.eu\/wp-content\/uploads\/tourkiki_eisvoli1-1.jpg\" data-srcset=\"https:\/\/karavas.eu\/wp-content\/uploads\/tourkiki_eisvoli1-1.jpg 1000w, https:\/\/karavas.eu\/wp-content\/uploads\/tourkiki_eisvoli1-1-705x458.jpg 705w\" data-sizes=\"(max-width: 1000px) 100vw, 1000px\" data-rel='gallery-1' data-prev-img='https:\/\/karavas.eu\/wp-content\/uploads\/tourkiki_eisvoli1-1-495x400.jpg' class='first_thumb lightbox ' data-onclick='1' title='Plage Pente Mili, Karavas'  itemprop=\"thumbnailUrl\"  ><img decoding=\"async\" fetchpriority=\"high\" class=\"wp-image-17795 avia-img-lazy-loading-not-17795\"  data-avia-tooltip='Plage Pente Mili, Karavas' src=\"https:\/\/karavas.eu\/wp-content\/uploads\/tourkiki_eisvoli1-1.jpg\" width=\"1000\" height=\"650\"  title='tourkiki_eisvoli1' alt='' srcset=\"https:\/\/karavas.eu\/wp-content\/uploads\/tourkiki_eisvoli1-1.jpg 1000w, https:\/\/karavas.eu\/wp-content\/uploads\/tourkiki_eisvoli1-1-705x458.jpg 705w\" sizes=\"(max-width: 1000px) 100vw, 1000px\" \/><div class='big-prev-fake'><img decoding=\"async\" loading=\"lazy\" class=\"wp-image-17795 avia-img-lazy-loading-17795\"  width=\"495\" height=\"400\" src=\"https:\/\/karavas.eu\/wp-content\/uploads\/tourkiki_eisvoli1-1-495x400.jpg\" title='tourkiki_eisvoli1' alt='' \/><\/div><\/a><a href=\"https:\/\/karavas.eu\/wp-content\/uploads\/tourkiki_eisvoli2-1.jpg\" data-srcset=\"https:\/\/karavas.eu\/wp-content\/uploads\/tourkiki_eisvoli2-1.jpg 1000w, https:\/\/karavas.eu\/wp-content\/uploads\/tourkiki_eisvoli2-1-705x458.jpg 705w\" data-sizes=\"(max-width: 1000px) 100vw, 1000px\" data-rel='gallery-1' data-prev-img='https:\/\/karavas.eu\/wp-content\/uploads\/tourkiki_eisvoli2-1-495x400.jpg' class='lightbox ' data-onclick='2' title='D\u00e9barquement \u00e0 la plage de Pente Mili, Karavas \u2013 20.07.1974'  itemprop=\"thumbnailUrl\"  ><img decoding=\"async\" fetchpriority=\"high\" class=\"wp-image-17796 avia-img-lazy-loading-not-17796\"  data-avia-tooltip='D\u00e9barquement \u00e0 la plage de Pente Mili, Karavas \u2013 20.07.1974' src=\"https:\/\/karavas.eu\/wp-content\/uploads\/tourkiki_eisvoli2-1.jpg\" width=\"1000\" height=\"650\"  title='tourkiki_eisvoli2' alt='' srcset=\"https:\/\/karavas.eu\/wp-content\/uploads\/tourkiki_eisvoli2-1.jpg 1000w, https:\/\/karavas.eu\/wp-content\/uploads\/tourkiki_eisvoli2-1-705x458.jpg 705w\" sizes=\"(max-width: 1000px) 100vw, 1000px\" \/><div class='big-prev-fake'><img decoding=\"async\" loading=\"lazy\" class=\"wp-image-17796 avia-img-lazy-loading-17796\"  width=\"495\" height=\"400\" src=\"https:\/\/karavas.eu\/wp-content\/uploads\/tourkiki_eisvoli2-1-495x400.jpg\" title='tourkiki_eisvoli2' alt='' \/><\/div><\/a><a href=\"https:\/\/karavas.eu\/wp-content\/uploads\/tourkiki_eisvoli4-1.jpg\" data-srcset=\"https:\/\/karavas.eu\/wp-content\/uploads\/tourkiki_eisvoli4-1.jpg 1000w, https:\/\/karavas.eu\/wp-content\/uploads\/tourkiki_eisvoli4-1-705x458.jpg 705w\" data-sizes=\"(max-width: 1000px) 100vw, 1000px\" data-rel='gallery-1' data-prev-img='https:\/\/karavas.eu\/wp-content\/uploads\/tourkiki_eisvoli4-1-495x400.jpg' class='lightbox ' data-onclick='3' title='Invasion turque 1974'  itemprop=\"thumbnailUrl\"  ><img decoding=\"async\" fetchpriority=\"high\" class=\"wp-image-17797 avia-img-lazy-loading-not-17797\"  data-avia-tooltip='Invasion turque 1974' src=\"https:\/\/karavas.eu\/wp-content\/uploads\/tourkiki_eisvoli4-1.jpg\" width=\"1000\" height=\"650\"  title='tourkiki_eisvoli4' alt='' srcset=\"https:\/\/karavas.eu\/wp-content\/uploads\/tourkiki_eisvoli4-1.jpg 1000w, https:\/\/karavas.eu\/wp-content\/uploads\/tourkiki_eisvoli4-1-705x458.jpg 705w\" sizes=\"(max-width: 1000px) 100vw, 1000px\" \/><div class='big-prev-fake'><img decoding=\"async\" loading=\"lazy\" class=\"wp-image-17797 avia-img-lazy-loading-17797\"  width=\"495\" height=\"400\" src=\"https:\/\/karavas.eu\/wp-content\/uploads\/tourkiki_eisvoli4-1-495x400.jpg\" title='tourkiki_eisvoli4' alt='' \/><\/div><\/a><a href=\"https:\/\/karavas.eu\/wp-content\/uploads\/tourkiki_eisvoli5-1.jpg\" data-srcset=\"https:\/\/karavas.eu\/wp-content\/uploads\/tourkiki_eisvoli5-1.jpg 1000w, https:\/\/karavas.eu\/wp-content\/uploads\/tourkiki_eisvoli5-1-705x458.jpg 705w\" data-sizes=\"(max-width: 1000px) 100vw, 1000px\" data-rel='gallery-1' data-prev-img='https:\/\/karavas.eu\/wp-content\/uploads\/tourkiki_eisvoli5-1-495x400.jpg' class='lightbox ' data-onclick='4' title='D\u00e9barquement \u00e0 la plage de Pente Mili, Karavas \u2013 20.07.1974'  itemprop=\"thumbnailUrl\"  ><img decoding=\"async\" fetchpriority=\"high\" class=\"wp-image-17798 avia-img-lazy-loading-not-17798\"  data-avia-tooltip='D\u00e9barquement \u00e0 la plage de Pente Mili, Karavas \u2013 20.07.1974' src=\"https:\/\/karavas.eu\/wp-content\/uploads\/tourkiki_eisvoli5-1.jpg\" width=\"1000\" height=\"650\"  title='tourkiki_eisvoli5' alt='' srcset=\"https:\/\/karavas.eu\/wp-content\/uploads\/tourkiki_eisvoli5-1.jpg 1000w, https:\/\/karavas.eu\/wp-content\/uploads\/tourkiki_eisvoli5-1-705x458.jpg 705w\" sizes=\"(max-width: 1000px) 100vw, 1000px\" \/><div class='big-prev-fake'><img decoding=\"async\" loading=\"lazy\" class=\"wp-image-17798 avia-img-lazy-loading-17798\"  width=\"495\" height=\"400\" src=\"https:\/\/karavas.eu\/wp-content\/uploads\/tourkiki_eisvoli5-1-495x400.jpg\" title='tourkiki_eisvoli5' alt='' \/><\/div><\/a><a href=\"https:\/\/karavas.eu\/wp-content\/uploads\/tourkiki_eisvoli6-1.jpg\" data-srcset=\"https:\/\/karavas.eu\/wp-content\/uploads\/tourkiki_eisvoli6-1.jpg 1000w, https:\/\/karavas.eu\/wp-content\/uploads\/tourkiki_eisvoli6-1-705x458.jpg 705w\" data-sizes=\"(max-width: 1000px) 100vw, 1000px\" data-rel='gallery-1' data-prev-img='https:\/\/karavas.eu\/wp-content\/uploads\/tourkiki_eisvoli6-1-495x400.jpg' class='first_thumb lightbox ' data-onclick='5' title='Navires militaires turcs \u00e0 la c\u00f4te de \u00ab\u00a0Pente Mili\u00a0\u00bb &#8211; 20e de 1974'  itemprop=\"thumbnailUrl\"  ><img decoding=\"async\" fetchpriority=\"high\" class=\"wp-image-17799 avia-img-lazy-loading-not-17799\"  data-avia-tooltip='Navires militaires turcs \u00e0 la c\u00f4te de \u00ab\u00a0Pente Mili\u00a0\u00bb &#8211; 20e de 1974' src=\"https:\/\/karavas.eu\/wp-content\/uploads\/tourkiki_eisvoli6-1.jpg\" width=\"1000\" height=\"650\"  title='tourkiki_eisvoli6' alt='' srcset=\"https:\/\/karavas.eu\/wp-content\/uploads\/tourkiki_eisvoli6-1.jpg 1000w, https:\/\/karavas.eu\/wp-content\/uploads\/tourkiki_eisvoli6-1-705x458.jpg 705w\" sizes=\"(max-width: 1000px) 100vw, 1000px\" \/><div class='big-prev-fake'><img decoding=\"async\" loading=\"lazy\" class=\"wp-image-17799 avia-img-lazy-loading-17799\"  width=\"495\" height=\"400\" src=\"https:\/\/karavas.eu\/wp-content\/uploads\/tourkiki_eisvoli6-1-495x400.jpg\" title='tourkiki_eisvoli6' alt='' \/><\/div><\/a><\/div><\/div>\n","protected":false},"excerpt":{"rendered":"","protected":false},"author":1,"featured_media":0,"parent":17193,"menu_order":94,"comment_status":"closed","ping_status":"closed","template":"","meta":{"footnotes":""},"class_list":["post-18085","page","type-page","status-publish","hentry"],"_links":{"self":[{"href":"https:\/\/karavas.eu\/fr\/wp-json\/wp\/v2\/pages\/18085","targetHints":{"allow":["GET"]}}],"collection":[{"href":"https:\/\/karavas.eu\/fr\/wp-json\/wp\/v2\/pages"}],"about":[{"href":"https:\/\/karavas.eu\/fr\/wp-json\/wp\/v2\/types\/page"}],"author":[{"embeddable":true,"href":"https:\/\/karavas.eu\/fr\/wp-json\/wp\/v2\/users\/1"}],"replies":[{"embeddable":true,"href":"https:\/\/karavas.eu\/fr\/wp-json\/wp\/v2\/comments?post=18085"}],"version-history":[{"count":0,"href":"https:\/\/karavas.eu\/fr\/wp-json\/wp\/v2\/pages\/18085\/revisions"}],"up":[{"embeddable":true,"href":"https:\/\/karavas.eu\/fr\/wp-json\/wp\/v2\/pages\/17193"}],"wp:attachment":[{"href":"https:\/\/karavas.eu\/fr\/wp-json\/wp\/v2\/media?parent=18085"}],"curies":[{"name":"wp","href":"https:\/\/api.w.org\/{rel}","templated":true}]}}