{"id":18083,"date":"2022-09-19T15:37:11","date_gmt":"2022-09-19T12:37:11","guid":{"rendered":"https:\/\/karavas.eu\/?page_id=18083"},"modified":"2022-09-20T15:19:49","modified_gmt":"2022-09-20T12:19:49","slug":"la-contribution-de-karavas-aux-luttes-de-la-nation-pour-la-liberte","status":"publish","type":"page","link":"https:\/\/karavas.eu\/fr\/karavas\/karavas-passe-et-present\/la-contribution-de-karavas-aux-luttes-de-la-nation-pour-la-liberte\/","title":{"rendered":"La contribution de Karavas aux luttes de la nation pour la libert\u00e9"},"content":{"rendered":"<section  class='av_textblock_section av-2b8pkd-c5a9066fdce91a243e86c7a04bdbf9b6 '   itemscope=\"itemscope\" itemtype=\"https:\/\/schema.org\/CreativeWork\" ><div class='avia_textblock'  itemprop=\"text\" ><p>La participation de Karavas \u00e0 toutes les luttes de la nation grecque pour la libert\u00e9 a \u00e9t\u00e9 significative. Il convient de noter la contribution de la ville \u00e0 la r\u00e9volution grecque de 1821 pour l&rsquo;ind\u00e9pendance contre les Ottomans, lorsque les habitants de la r\u00e9gion ont fourni de la nourriture et de l&rsquo;argent \u00e0 Konstantinos Kanaris.<br \/>\nDe plus, un grand nombre de jeunes hommes de Karavas ont rejoint l&rsquo;arm\u00e9e grecque dans la guerre contre la Turquie en 1897 et les guerres balkaniques de 1912-1913. Ils ont \u00e9galement combattu pendant les deux guerres mondiales et la lutte de lib\u00e9ration de l&rsquo;EOKA de 1955-59. Il faut noter que 65 hommes de Karavas ont \u00e9t\u00e9 recrut\u00e9s comme volontaires dans l&rsquo;arm\u00e9e grecque pendant les guerres des Balkans et plus de 150 habitants de Karavas ont combattu pendant la Seconde Guerre mondiale.<\/p>\n<p>Les noms de quatre h\u00e9ros qui ont sacrifi\u00e9 leur vie pendant les guerres des Balkans et la Premi\u00e8re Guerre mondiale ont \u00e9t\u00e9 grav\u00e9s sur une plaque comm\u00e9morative en marbre plac\u00e9e sur un mur de la premi\u00e8re \u00e9cole urbaine de Karavas. Une r\u00e9plique de cette plaque a \u00e9t\u00e9 plac\u00e9e sur le mur du b\u00e2timent de la Fondation culturelle de Karavas en 2017.<\/p>\n<\/div><\/section>\n\n<style type=\"text\/css\" data-created_by=\"avia_inline_auto\" id=\"style-css-av-jpmko63v-c407dd74ca60491ca4ee7930c8ae9bad\">\n#top .avia-gallery.av-jpmko63v-c407dd74ca60491ca4ee7930c8ae9bad .avia-gallery-thumb a{\nwidth:25%;\n}\n<\/style>\n<div  class='avia-gallery av-jpmko63v-c407dd74ca60491ca4ee7930c8ae9bad avia_animate_when_visible  avia-builder-el-1  el_after_av_textblock  avia-builder-el-last  deactivate_avia_lazyload avia-gallery-animate avia-gallery-1'  itemprop=\"image\" itemscope=\"itemscope\" itemtype=\"https:\/\/schema.org\/ImageObject\" ><meta itemprop=\"contentURL\" content=\"https:\/\/karavas.eu\/fr\/karavas\/karavas-passe-et-present\/la-contribution-de-karavas-aux-luttes-de-la-nation-pour-la-liberte\/\"><div class='avia-gallery-thumb'><a href=\"https:\/\/karavas.eu\/wp-content\/uploads\/ethniki_prosfora1.jpg\" data-rel='gallery-1' data-prev-img='https:\/\/karavas.eu\/wp-content\/uploads\/ethniki_prosfora1-495x400.jpg' class='first_thumb lightbox ' data-onclick='1' title='Celebration of the national anniversary in the countryard of Panagia Evagelistria'  itemprop=\"thumbnailUrl\"  ><img decoding=\"async\" fetchpriority=\"high\" class=\"wp-image-17810 avia-img-lazy-loading-not-17810\"  data-avia-tooltip='Celebration of the national anniversary in the countryard of Panagia Evagelistria' src=\"https:\/\/karavas.eu\/wp-content\/uploads\/ethniki_prosfora1.jpg\" width=\"500\" height=\"700\"  title='ethniki_prosfora1' alt='' \/><div class='big-prev-fake'><img decoding=\"async\" loading=\"lazy\" class=\"wp-image-17810 avia-img-lazy-loading-17810\"  width=\"495\" height=\"400\" src=\"https:\/\/karavas.eu\/wp-content\/uploads\/ethniki_prosfora1-495x400.jpg\" title='ethniki_prosfora1' alt='' \/><\/div><\/a><a href=\"https:\/\/karavas.eu\/wp-content\/uploads\/ethniki_prosfora2.jpg\" data-rel='gallery-1' data-prev-img='https:\/\/karavas.eu\/wp-content\/uploads\/ethniki_prosfora2-495x400.jpg' class='lightbox ' data-onclick='2' title='Apostolos &#8211; Premi\u00e8re Guerre mondiale et guerres des Balkaniques'  itemprop=\"thumbnailUrl\"  ><img decoding=\"async\" fetchpriority=\"high\" class=\"wp-image-17811 avia-img-lazy-loading-not-17811\"  data-avia-tooltip='Apostolos &#8211; Premi\u00e8re Guerre mondiale et guerres des Balkaniques' src=\"https:\/\/karavas.eu\/wp-content\/uploads\/ethniki_prosfora2.jpg\" width=\"500\" height=\"700\"  title='ethniki_prosfora2' alt='' \/><div class='big-prev-fake'><img decoding=\"async\" loading=\"lazy\" class=\"wp-image-17811 avia-img-lazy-loading-17811\"  width=\"495\" height=\"400\" src=\"https:\/\/karavas.eu\/wp-content\/uploads\/ethniki_prosfora2-495x400.jpg\" title='ethniki_prosfora2' alt='' \/><\/div><\/a><a href=\"https:\/\/karavas.eu\/wp-content\/uploads\/ethniki_prosfora3.jpg\" data-rel='gallery-1' data-prev-img='https:\/\/karavas.eu\/wp-content\/uploads\/ethniki_prosfora3-495x400.jpg' class='lightbox ' data-onclick='3' title='Ioannis Pigasiou \u2013 Guerres Balkaniques'  itemprop=\"thumbnailUrl\"  ><img decoding=\"async\" fetchpriority=\"high\" class=\"wp-image-17812 avia-img-lazy-loading-not-17812\"  data-avia-tooltip='Ioannis Pigasiou \u2013 Guerres Balkaniques' src=\"https:\/\/karavas.eu\/wp-content\/uploads\/ethniki_prosfora3.jpg\" width=\"500\" height=\"700\"  title='ethniki_prosfora3' alt='' \/><div class='big-prev-fake'><img decoding=\"async\" loading=\"lazy\" class=\"wp-image-17812 avia-img-lazy-loading-17812\"  width=\"495\" height=\"400\" src=\"https:\/\/karavas.eu\/wp-content\/uploads\/ethniki_prosfora3-495x400.jpg\" title='ethniki_prosfora3' alt='' \/><\/div><\/a><\/div><\/div>\n","protected":false},"excerpt":{"rendered":"","protected":false},"author":1,"featured_media":0,"parent":17193,"menu_order":90,"comment_status":"closed","ping_status":"closed","template":"","meta":{"footnotes":""},"class_list":["post-18083","page","type-page","status-publish","hentry"],"_links":{"self":[{"href":"https:\/\/karavas.eu\/fr\/wp-json\/wp\/v2\/pages\/18083","targetHints":{"allow":["GET"]}}],"collection":[{"href":"https:\/\/karavas.eu\/fr\/wp-json\/wp\/v2\/pages"}],"about":[{"href":"https:\/\/karavas.eu\/fr\/wp-json\/wp\/v2\/types\/page"}],"author":[{"embeddable":true,"href":"https:\/\/karavas.eu\/fr\/wp-json\/wp\/v2\/users\/1"}],"replies":[{"embeddable":true,"href":"https:\/\/karavas.eu\/fr\/wp-json\/wp\/v2\/comments?post=18083"}],"version-history":[{"count":0,"href":"https:\/\/karavas.eu\/fr\/wp-json\/wp\/v2\/pages\/18083\/revisions"}],"up":[{"embeddable":true,"href":"https:\/\/karavas.eu\/fr\/wp-json\/wp\/v2\/pages\/17193"}],"wp:attachment":[{"href":"https:\/\/karavas.eu\/fr\/wp-json\/wp\/v2\/media?parent=18083"}],"curies":[{"name":"wp","href":"https:\/\/api.w.org\/{rel}","templated":true}]}}