{"id":18046,"date":"2018-09-02T16:36:46","date_gmt":"2018-09-02T13:36:46","guid":{"rendered":"https:\/\/karavas.eu\/karavas-passe-et-present\/crafts\/"},"modified":"2022-09-20T15:11:47","modified_gmt":"2022-09-20T12:11:47","slug":"lartisanat","status":"publish","type":"page","link":"https:\/\/karavas.eu\/fr\/karavas\/karavas-passe-et-present\/lartisanat\/","title":{"rendered":"L&rsquo;artisanat"},"content":{"rendered":"<section  class='av_textblock_section av-25u3e1-ba44f7c2f95247d07e097f459a9cf8db '   itemscope=\"itemscope\" itemtype=\"https:\/\/schema.org\/CreativeWork\" ><div class='avia_textblock'  itemprop=\"text\" ><p>Les habitants de Karavas ont montr\u00e9 un talent remarquable dans les arts et l&rsquo;artisanat comme la sculpture sur bois et le tissage qui \u00e9taient organis\u00e9s sur une base commerciale. La belle technique de dentelle des \u00ab fervolites \u00bb qui ornait autrefois les maisons de Karavas \u00e9tait \u00e9galement exploit\u00e9e \u00e0 des fins commerciales, afin de contribuer au budget familial. En 2017, la dentelle \u00ab\u00a0fervolites\u00a0\u00bb a \u00e9t\u00e9 intronis\u00e9e au patrimoine culturel immat\u00e9riel national de Chypre.<\/p>\n<p>Le mot \u00ab\u00a0fervolites\u00a0\u00bb lui-m\u00eame a des origines fran\u00e7aises. En France, une dentelle similaire est appel\u00e9e frivolit\u00e9, ce qui signifie quelque chose form\u00e9 avec des cercles. On retrouve \u00e9galement cette technique de dentelle apparaissant avec des structures, des formes et des fabrications l\u00e9g\u00e8rement diff\u00e9rentes dans d&rsquo;autres pays europ\u00e9ens, comme l&rsquo;Italie, l&rsquo;Espagne, l&rsquo;Angleterre, la Roumanie, etc.<\/p>\n<\/div><\/section>\n\n<style type=\"text\/css\" data-created_by=\"avia_inline_auto\" id=\"style-css-av-jr7h8ydh-53a028bc59b70d99204ae495e547e9ad\">\n#top .avia-gallery.av-jr7h8ydh-53a028bc59b70d99204ae495e547e9ad .avia-gallery-thumb a{\nwidth:25%;\n}\n<\/style>\n<div  class='avia-gallery av-jr7h8ydh-53a028bc59b70d99204ae495e547e9ad avia_animate_when_visible  avia-builder-el-1  el_after_av_textblock  avia-builder-el-last  deactivate_avia_lazyload avia-gallery-animate avia-gallery-1'  itemprop=\"image\" itemscope=\"itemscope\" itemtype=\"https:\/\/schema.org\/ImageObject\" ><meta itemprop=\"contentURL\" content=\"https:\/\/karavas.eu\/fr\/karavas\/karavas-passe-et-present\/lartisanat\/\"><div class='avia-gallery-thumb'><a href=\"https:\/\/karavas.eu\/wp-content\/uploads\/xeirotehnia1.jpg\" data-srcset=\"https:\/\/karavas.eu\/wp-content\/uploads\/xeirotehnia1.jpg 1000w, https:\/\/karavas.eu\/wp-content\/uploads\/xeirotehnia1-705x458.jpg 705w\" data-sizes=\"(max-width: 1000px) 100vw, 1000px\" data-rel='gallery-1' data-prev-img='https:\/\/karavas.eu\/wp-content\/uploads\/xeirotehnia1-495x400.jpg' class='first_thumb lightbox ' data-onclick='1' title='\u00c9chantillon de fervolites'  itemprop=\"thumbnailUrl\"  ><img decoding=\"async\" fetchpriority=\"high\" class=\"wp-image-17787 avia-img-lazy-loading-not-17787\"  data-avia-tooltip='\u00c9chantillon de fervolites' src=\"https:\/\/karavas.eu\/wp-content\/uploads\/xeirotehnia1.jpg\" width=\"1000\" height=\"650\"  title='xeirotehnia1' alt='' srcset=\"https:\/\/karavas.eu\/wp-content\/uploads\/xeirotehnia1.jpg 1000w, https:\/\/karavas.eu\/wp-content\/uploads\/xeirotehnia1-705x458.jpg 705w\" sizes=\"(max-width: 1000px) 100vw, 1000px\" \/><div class='big-prev-fake'><img decoding=\"async\" loading=\"lazy\" class=\"wp-image-17787 avia-img-lazy-loading-17787\"  width=\"495\" height=\"400\" src=\"https:\/\/karavas.eu\/wp-content\/uploads\/xeirotehnia1-495x400.jpg\" title='xeirotehnia1' alt='' \/><\/div><\/a><a href=\"https:\/\/karavas.eu\/wp-content\/uploads\/xeirotehnia2.jpg\" data-srcset=\"https:\/\/karavas.eu\/wp-content\/uploads\/xeirotehnia2.jpg 1000w, https:\/\/karavas.eu\/wp-content\/uploads\/xeirotehnia2-705x458.jpg 705w\" data-sizes=\"(max-width: 1000px) 100vw, 1000px\" data-rel='gallery-1' data-prev-img='https:\/\/karavas.eu\/wp-content\/uploads\/xeirotehnia2-495x400.jpg' class='lightbox ' data-onclick='2' title='Oeuvre d&rsquo;Ourania Filippou, citoyenne de Karavas. Apr\u00e8s 1974'  itemprop=\"thumbnailUrl\"  ><img decoding=\"async\" fetchpriority=\"high\" class=\"wp-image-17788 avia-img-lazy-loading-not-17788\"  data-avia-tooltip='Oeuvre d&rsquo;Ourania Filippou, citoyenne de Karavas. Apr\u00e8s 1974' src=\"https:\/\/karavas.eu\/wp-content\/uploads\/xeirotehnia2.jpg\" width=\"1000\" height=\"650\"  title='xeirotehnia2' alt='' srcset=\"https:\/\/karavas.eu\/wp-content\/uploads\/xeirotehnia2.jpg 1000w, https:\/\/karavas.eu\/wp-content\/uploads\/xeirotehnia2-705x458.jpg 705w\" sizes=\"(max-width: 1000px) 100vw, 1000px\" \/><div class='big-prev-fake'><img decoding=\"async\" loading=\"lazy\" class=\"wp-image-17788 avia-img-lazy-loading-17788\"  width=\"495\" height=\"400\" src=\"https:\/\/karavas.eu\/wp-content\/uploads\/xeirotehnia2-495x400.jpg\" title='xeirotehnia2' alt='' \/><\/div><\/a><a href=\"https:\/\/karavas.eu\/wp-content\/uploads\/xeirotehnia3.jpg\" data-srcset=\"https:\/\/karavas.eu\/wp-content\/uploads\/xeirotehnia3.jpg 1000w, https:\/\/karavas.eu\/wp-content\/uploads\/xeirotehnia3-705x458.jpg 705w\" data-sizes=\"(max-width: 1000px) 100vw, 1000px\" data-rel='gallery-1' data-prev-img='https:\/\/karavas.eu\/wp-content\/uploads\/xeirotehnia3-495x400.jpg' class='lightbox ' data-onclick='3' title='Art populaire du mus\u00e9e Takis Fylaktos.'  itemprop=\"thumbnailUrl\"  ><img decoding=\"async\" fetchpriority=\"high\" class=\"wp-image-17789 avia-img-lazy-loading-not-17789\"  data-avia-tooltip='Art populaire du mus\u00e9e Takis Fylaktos.' src=\"https:\/\/karavas.eu\/wp-content\/uploads\/xeirotehnia3.jpg\" width=\"1000\" height=\"650\"  title='xeirotehnia3' alt='' srcset=\"https:\/\/karavas.eu\/wp-content\/uploads\/xeirotehnia3.jpg 1000w, https:\/\/karavas.eu\/wp-content\/uploads\/xeirotehnia3-705x458.jpg 705w\" sizes=\"(max-width: 1000px) 100vw, 1000px\" \/><div class='big-prev-fake'><img decoding=\"async\" loading=\"lazy\" class=\"wp-image-17789 avia-img-lazy-loading-17789\"  width=\"495\" height=\"400\" src=\"https:\/\/karavas.eu\/wp-content\/uploads\/xeirotehnia3-495x400.jpg\" title='xeirotehnia3' alt='' \/><\/div><\/a><a href=\"https:\/\/karavas.eu\/wp-content\/uploads\/xeirotehnia4.jpg\" data-srcset=\"https:\/\/karavas.eu\/wp-content\/uploads\/xeirotehnia4.jpg 1000w, https:\/\/karavas.eu\/wp-content\/uploads\/xeirotehnia4-705x458.jpg 705w\" data-sizes=\"(max-width: 1000px) 100vw, 1000px\" data-rel='gallery-1' data-prev-img='https:\/\/karavas.eu\/wp-content\/uploads\/xeirotehnia4-495x400.jpg' class='lightbox ' data-onclick='4' title='\u00c9chantillon de fervolites'  itemprop=\"thumbnailUrl\"  ><img decoding=\"async\" fetchpriority=\"high\" class=\"wp-image-17790 avia-img-lazy-loading-not-17790\"  data-avia-tooltip='\u00c9chantillon de fervolites' src=\"https:\/\/karavas.eu\/wp-content\/uploads\/xeirotehnia4.jpg\" width=\"1000\" height=\"650\"  title='xeirotehnia4' alt='' srcset=\"https:\/\/karavas.eu\/wp-content\/uploads\/xeirotehnia4.jpg 1000w, https:\/\/karavas.eu\/wp-content\/uploads\/xeirotehnia4-705x458.jpg 705w\" sizes=\"(max-width: 1000px) 100vw, 1000px\" \/><div class='big-prev-fake'><img decoding=\"async\" loading=\"lazy\" class=\"wp-image-17790 avia-img-lazy-loading-17790\"  width=\"495\" height=\"400\" src=\"https:\/\/karavas.eu\/wp-content\/uploads\/xeirotehnia4-495x400.jpg\" title='xeirotehnia4' alt='' \/><\/div><\/a><a href=\"https:\/\/karavas.eu\/wp-content\/uploads\/xeirotehnia5.jpg\" data-srcset=\"https:\/\/karavas.eu\/wp-content\/uploads\/xeirotehnia5.jpg 1000w, https:\/\/karavas.eu\/wp-content\/uploads\/xeirotehnia5-705x458.jpg 705w\" data-sizes=\"(max-width: 1000px) 100vw, 1000px\" data-rel='gallery-1' data-prev-img='https:\/\/karavas.eu\/wp-content\/uploads\/xeirotehnia5-495x400.jpg' class='first_thumb lightbox ' data-onclick='5' title='Tissage dans la ville de Karavas &#8211; avant 1974.'  itemprop=\"thumbnailUrl\"  ><img decoding=\"async\" fetchpriority=\"high\" class=\"wp-image-17791 avia-img-lazy-loading-not-17791\"  data-avia-tooltip='Tissage dans la ville de Karavas &#8211; avant 1974.' src=\"https:\/\/karavas.eu\/wp-content\/uploads\/xeirotehnia5.jpg\" width=\"1000\" height=\"650\"  title='xeirotehnia5' alt='' srcset=\"https:\/\/karavas.eu\/wp-content\/uploads\/xeirotehnia5.jpg 1000w, https:\/\/karavas.eu\/wp-content\/uploads\/xeirotehnia5-705x458.jpg 705w\" sizes=\"(max-width: 1000px) 100vw, 1000px\" \/><div class='big-prev-fake'><img decoding=\"async\" loading=\"lazy\" class=\"wp-image-17791 avia-img-lazy-loading-17791\"  width=\"495\" height=\"400\" src=\"https:\/\/karavas.eu\/wp-content\/uploads\/xeirotehnia5-495x400.jpg\" title='xeirotehnia5' alt='' \/><\/div><\/a><a href=\"https:\/\/karavas.eu\/wp-content\/uploads\/xeirotehnia6.jpg\" data-srcset=\"https:\/\/karavas.eu\/wp-content\/uploads\/xeirotehnia6.jpg 1000w, https:\/\/karavas.eu\/wp-content\/uploads\/xeirotehnia6-705x458.jpg 705w\" data-sizes=\"(max-width: 1000px) 100vw, 1000px\" data-rel='gallery-1' data-prev-img='https:\/\/karavas.eu\/wp-content\/uploads\/xeirotehnia6-495x400.jpg' class='lightbox ' data-onclick='6' title='Dans une cour Karavas avant 1974 &#8211; Kostas Karavias au centre.'  itemprop=\"thumbnailUrl\"  ><img decoding=\"async\" fetchpriority=\"high\" class=\"wp-image-17792 avia-img-lazy-loading-not-17792\"  data-avia-tooltip='Dans une cour Karavas avant 1974 &#8211; Kostas Karavias au centre.' src=\"https:\/\/karavas.eu\/wp-content\/uploads\/xeirotehnia6.jpg\" width=\"1000\" height=\"650\"  title='xeirotehnia6' alt='' srcset=\"https:\/\/karavas.eu\/wp-content\/uploads\/xeirotehnia6.jpg 1000w, https:\/\/karavas.eu\/wp-content\/uploads\/xeirotehnia6-705x458.jpg 705w\" sizes=\"(max-width: 1000px) 100vw, 1000px\" \/><div class='big-prev-fake'><img decoding=\"async\" loading=\"lazy\" class=\"wp-image-17792 avia-img-lazy-loading-17792\"  width=\"495\" height=\"400\" src=\"https:\/\/karavas.eu\/wp-content\/uploads\/xeirotehnia6-495x400.jpg\" title='xeirotehnia6' alt='' \/><\/div><\/a><a href=\"https:\/\/karavas.eu\/wp-content\/uploads\/xeirotehnia7.jpg\" data-srcset=\"https:\/\/karavas.eu\/wp-content\/uploads\/xeirotehnia7.jpg 1000w, https:\/\/karavas.eu\/wp-content\/uploads\/xeirotehnia7-705x458.jpg 705w\" data-sizes=\"(max-width: 1000px) 100vw, 1000px\" data-rel='gallery-1' data-prev-img='https:\/\/karavas.eu\/wp-content\/uploads\/xeirotehnia7-495x400.jpg' class='lightbox ' data-onclick='7' title='Cours de Fervolites au Centre Culturel de la Municipalit\u00e9 de Karavas.'  itemprop=\"thumbnailUrl\"  ><img decoding=\"async\" fetchpriority=\"high\" class=\"wp-image-17793 avia-img-lazy-loading-not-17793\"  data-avia-tooltip='Cours de Fervolites au Centre Culturel de la Municipalit\u00e9 de Karavas.' src=\"https:\/\/karavas.eu\/wp-content\/uploads\/xeirotehnia7.jpg\" width=\"1000\" height=\"650\"  title='xeirotehnia7' alt='' srcset=\"https:\/\/karavas.eu\/wp-content\/uploads\/xeirotehnia7.jpg 1000w, https:\/\/karavas.eu\/wp-content\/uploads\/xeirotehnia7-705x458.jpg 705w\" sizes=\"(max-width: 1000px) 100vw, 1000px\" \/><div class='big-prev-fake'><img decoding=\"async\" loading=\"lazy\" class=\"wp-image-17793 avia-img-lazy-loading-17793\"  width=\"495\" height=\"400\" src=\"https:\/\/karavas.eu\/wp-content\/uploads\/xeirotehnia7-495x400.jpg\" title='xeirotehnia7' alt='' \/><\/div><\/a><a href=\"https:\/\/karavas.eu\/wp-content\/uploads\/xeirotehnia8.jpg\" data-srcset=\"https:\/\/karavas.eu\/wp-content\/uploads\/xeirotehnia8.jpg 1000w, https:\/\/karavas.eu\/wp-content\/uploads\/xeirotehnia8-705x458.jpg 705w\" data-sizes=\"(max-width: 1000px) 100vw, 1000px\" data-rel='gallery-1' data-prev-img='https:\/\/karavas.eu\/wp-content\/uploads\/xeirotehnia8-495x400.jpg' class='lightbox ' data-onclick='8' title='\u00c9chantillon de fervolites'  itemprop=\"thumbnailUrl\"  ><img decoding=\"async\" fetchpriority=\"high\" class=\"wp-image-17794 avia-img-lazy-loading-not-17794\"  data-avia-tooltip='\u00c9chantillon de fervolites' src=\"https:\/\/karavas.eu\/wp-content\/uploads\/xeirotehnia8.jpg\" width=\"1000\" height=\"650\"  title='xeirotehnia8' alt='' srcset=\"https:\/\/karavas.eu\/wp-content\/uploads\/xeirotehnia8.jpg 1000w, https:\/\/karavas.eu\/wp-content\/uploads\/xeirotehnia8-705x458.jpg 705w\" sizes=\"(max-width: 1000px) 100vw, 1000px\" \/><div class='big-prev-fake'><img decoding=\"async\" loading=\"lazy\" class=\"wp-image-17794 avia-img-lazy-loading-17794\"  width=\"495\" height=\"400\" src=\"https:\/\/karavas.eu\/wp-content\/uploads\/xeirotehnia8-495x400.jpg\" title='xeirotehnia8' alt='' \/><\/div><\/a><\/div><\/div>\n","protected":false},"excerpt":{"rendered":"","protected":false},"author":1,"featured_media":0,"parent":17193,"menu_order":74,"comment_status":"closed","ping_status":"closed","template":"","meta":{"footnotes":""},"class_list":["post-18046","page","type-page","status-publish","hentry"],"_links":{"self":[{"href":"https:\/\/karavas.eu\/fr\/wp-json\/wp\/v2\/pages\/18046","targetHints":{"allow":["GET"]}}],"collection":[{"href":"https:\/\/karavas.eu\/fr\/wp-json\/wp\/v2\/pages"}],"about":[{"href":"https:\/\/karavas.eu\/fr\/wp-json\/wp\/v2\/types\/page"}],"author":[{"embeddable":true,"href":"https:\/\/karavas.eu\/fr\/wp-json\/wp\/v2\/users\/1"}],"replies":[{"embeddable":true,"href":"https:\/\/karavas.eu\/fr\/wp-json\/wp\/v2\/comments?post=18046"}],"version-history":[{"count":0,"href":"https:\/\/karavas.eu\/fr\/wp-json\/wp\/v2\/pages\/18046\/revisions"}],"up":[{"embeddable":true,"href":"https:\/\/karavas.eu\/fr\/wp-json\/wp\/v2\/pages\/17193"}],"wp:attachment":[{"href":"https:\/\/karavas.eu\/fr\/wp-json\/wp\/v2\/media?parent=18046"}],"curies":[{"name":"wp","href":"https:\/\/api.w.org\/{rel}","templated":true}]}}