{"id":17872,"date":"2022-09-19T15:35:22","date_gmt":"2022-09-19T12:35:22","guid":{"rendered":"https:\/\/karavas.eu\/?page_id=17872"},"modified":"2022-09-20T15:09:27","modified_gmt":"2022-09-20T12:09:27","slug":"tourisme","status":"publish","type":"page","link":"https:\/\/karavas.eu\/fr\/karavas\/karavas-passe-et-present\/tourisme\/","title":{"rendered":"Tourisme"},"content":{"rendered":"<section  class='av_textblock_section av-30h9w8-25e6072214e88ca91943be5a37aba6fb '   itemscope=\"itemscope\" itemtype=\"https:\/\/schema.org\/CreativeWork\" ><div class='avia_textblock'  itemprop=\"text\" ><p>Le climat id\u00e9al de Karavas et ses belles plages ont contribu\u00e9 \u00e0 la cr\u00e9ation de petits h\u00f4tels et au d\u00e9veloppement du tourisme local. Quelques ann\u00e9es avant l&rsquo;invasion turque, Karavas avait connu une croissance rapide du tourisme. Des h\u00f4tels modernes ont \u00e9t\u00e9 construits et de nouveaux restaurants ont r\u00e9pondu aux besoins des habitants et des touristes \u00e9trangers. Certains d&rsquo;entre eux \u00e9taient les h\u00f4tels \u00ab\u00a0Clearhos\u00a0\u00bb, \u00ab\u00a0Neraida\u00a0\u00bb, Zephyros\u00a0\u00bb, \u00ab\u00a0Mare Monte\u00a0\u00bb et les stations de vacances \u00ab\u00a0Fontana Amorosa\u00a0\u00bb, \u00ab\u00a0Prasini Kilada\u00a0\u00bb, \u00ab\u00a0Mili\u00a0\u00bb, \u00ab\u00a0Chrysos Vrahos\u00a0\u00bb, \u00ab\u00a0Platania\u00a0\u00bb et \u00ab\u00a0Pente Mili \u00bb.<\/p>\n<\/div><\/section>\n\n<style type=\"text\/css\" data-created_by=\"avia_inline_auto\" id=\"style-css-av-jr7h8ydh-72ee5bd53d9c1c83c427375e3bd53457\">\n#top .avia-gallery.av-jr7h8ydh-72ee5bd53d9c1c83c427375e3bd53457 .avia-gallery-thumb a{\nwidth:25%;\n}\n<\/style>\n<div  class='avia-gallery av-jr7h8ydh-72ee5bd53d9c1c83c427375e3bd53457 avia_animate_when_visible  avia-builder-el-1  el_after_av_textblock  avia-builder-el-last  deactivate_avia_lazyload avia-gallery-animate avia-gallery-1'  itemprop=\"image\" itemscope=\"itemscope\" itemtype=\"https:\/\/schema.org\/ImageObject\" ><meta itemprop=\"contentURL\" content=\"https:\/\/karavas.eu\/fr\/karavas\/karavas-passe-et-present\/tourisme\/\"><div class='avia-gallery-thumb'><a href=\"https:\/\/karavas.eu\/wp-content\/uploads\/tourismos1.jpg\" data-srcset=\"https:\/\/karavas.eu\/wp-content\/uploads\/tourismos1.jpg 1000w, https:\/\/karavas.eu\/wp-content\/uploads\/tourismos1-705x458.jpg 705w\" data-sizes=\"(max-width: 1000px) 100vw, 1000px\" data-rel='gallery-1' data-prev-img='https:\/\/karavas.eu\/wp-content\/uploads\/tourismos1-495x400.jpg' class='first_thumb lightbox ' data-onclick='1' title='La plage pittoresque \u00ab\u00a0Pente Mili\u00a0\u00bb'  itemprop=\"thumbnailUrl\"  ><img decoding=\"async\" fetchpriority=\"high\" class=\"wp-image-17783 avia-img-lazy-loading-not-17783\"  data-avia-tooltip='La plage pittoresque \u00ab\u00a0Pente Mili\u00a0\u00bb' src=\"https:\/\/karavas.eu\/wp-content\/uploads\/tourismos1.jpg\" width=\"1000\" height=\"650\"  title='tourismos1' alt='' srcset=\"https:\/\/karavas.eu\/wp-content\/uploads\/tourismos1.jpg 1000w, https:\/\/karavas.eu\/wp-content\/uploads\/tourismos1-705x458.jpg 705w\" sizes=\"(max-width: 1000px) 100vw, 1000px\" \/><div class='big-prev-fake'><img decoding=\"async\" loading=\"lazy\" class=\"wp-image-17783 avia-img-lazy-loading-17783\"  width=\"495\" height=\"400\" src=\"https:\/\/karavas.eu\/wp-content\/uploads\/tourismos1-495x400.jpg\" title='tourismos1' alt='' \/><\/div><\/a><a href=\"https:\/\/karavas.eu\/wp-content\/uploads\/tourismos2.jpg\" data-srcset=\"https:\/\/karavas.eu\/wp-content\/uploads\/tourismos2.jpg 1000w, https:\/\/karavas.eu\/wp-content\/uploads\/tourismos2-705x458.jpg 705w\" data-sizes=\"(max-width: 1000px) 100vw, 1000px\" data-rel='gallery-1' data-prev-img='https:\/\/karavas.eu\/wp-content\/uploads\/tourismos2-495x400.jpg' class='lightbox ' data-onclick='2' title='Une plage pittoresque de Karavas. En arri\u00e8re-plan se trouve l&rsquo;h\u00f4tel Zephyros qui a fonctionn\u00e9 en 1974'  itemprop=\"thumbnailUrl\"  ><img decoding=\"async\" fetchpriority=\"high\" class=\"wp-image-17784 avia-img-lazy-loading-not-17784\"  data-avia-tooltip='Une plage pittoresque de Karavas. En arri\u00e8re-plan se trouve l&rsquo;h\u00f4tel Zephyros qui a fonctionn\u00e9 en 1974' src=\"https:\/\/karavas.eu\/wp-content\/uploads\/tourismos2.jpg\" width=\"1000\" height=\"650\"  title='tourismos2' alt='' srcset=\"https:\/\/karavas.eu\/wp-content\/uploads\/tourismos2.jpg 1000w, https:\/\/karavas.eu\/wp-content\/uploads\/tourismos2-705x458.jpg 705w\" sizes=\"(max-width: 1000px) 100vw, 1000px\" \/><div class='big-prev-fake'><img decoding=\"async\" loading=\"lazy\" class=\"wp-image-17784 avia-img-lazy-loading-17784\"  width=\"495\" height=\"400\" src=\"https:\/\/karavas.eu\/wp-content\/uploads\/tourismos2-495x400.jpg\" title='tourismos2' alt='' \/><\/div><\/a><a href=\"https:\/\/karavas.eu\/wp-content\/uploads\/tourismos3.jpg\" data-srcset=\"https:\/\/karavas.eu\/wp-content\/uploads\/tourismos3.jpg 1000w, https:\/\/karavas.eu\/wp-content\/uploads\/tourismos3-705x458.jpg 705w\" data-sizes=\"(max-width: 1000px) 100vw, 1000px\" data-rel='gallery-1' data-prev-img='https:\/\/karavas.eu\/wp-content\/uploads\/tourismos3-495x400.jpg' class='lightbox ' data-onclick='3' title='Une plage pittoresque de Karavas. En arri\u00e8re-plan se trouve l&rsquo;h\u00f4tel Zephyros qui a fonctionn\u00e9 en 1974'  itemprop=\"thumbnailUrl\"  ><img decoding=\"async\" fetchpriority=\"high\" class=\"wp-image-17785 avia-img-lazy-loading-not-17785\"  data-avia-tooltip='Une plage pittoresque de Karavas. En arri\u00e8re-plan se trouve l&rsquo;h\u00f4tel Zephyros qui a fonctionn\u00e9 en 1974' src=\"https:\/\/karavas.eu\/wp-content\/uploads\/tourismos3.jpg\" width=\"1000\" height=\"650\"  title='tourismos3' alt='' srcset=\"https:\/\/karavas.eu\/wp-content\/uploads\/tourismos3.jpg 1000w, https:\/\/karavas.eu\/wp-content\/uploads\/tourismos3-705x458.jpg 705w\" sizes=\"(max-width: 1000px) 100vw, 1000px\" \/><div class='big-prev-fake'><img decoding=\"async\" loading=\"lazy\" class=\"wp-image-17785 avia-img-lazy-loading-17785\"  width=\"495\" height=\"400\" src=\"https:\/\/karavas.eu\/wp-content\/uploads\/tourismos3-495x400.jpg\" title='tourismos3' alt='' \/><\/div><\/a><a href=\"https:\/\/karavas.eu\/wp-content\/uploads\/tourismos4.jpg\" data-srcset=\"https:\/\/karavas.eu\/wp-content\/uploads\/tourismos4.jpg 1000w, https:\/\/karavas.eu\/wp-content\/uploads\/tourismos4-705x458.jpg 705w\" data-sizes=\"(max-width: 1000px) 100vw, 1000px\" data-rel='gallery-1' data-prev-img='https:\/\/karavas.eu\/wp-content\/uploads\/tourismos4-495x400.jpg' class='lightbox ' data-onclick='4' title='Restaurant \u201cOld Milos\u201d'  itemprop=\"thumbnailUrl\"  ><img decoding=\"async\" fetchpriority=\"high\" class=\"wp-image-17786 avia-img-lazy-loading-not-17786\"  data-avia-tooltip='Restaurant \u201cOld Milos\u201d' src=\"https:\/\/karavas.eu\/wp-content\/uploads\/tourismos4.jpg\" width=\"1000\" height=\"650\"  title='tourismos4' alt='' srcset=\"https:\/\/karavas.eu\/wp-content\/uploads\/tourismos4.jpg 1000w, https:\/\/karavas.eu\/wp-content\/uploads\/tourismos4-705x458.jpg 705w\" sizes=\"(max-width: 1000px) 100vw, 1000px\" \/><div class='big-prev-fake'><img decoding=\"async\" loading=\"lazy\" class=\"wp-image-17786 avia-img-lazy-loading-17786\"  width=\"495\" height=\"400\" src=\"https:\/\/karavas.eu\/wp-content\/uploads\/tourismos4-495x400.jpg\" title='tourismos4' alt='' \/><\/div><\/a><a href=\"https:\/\/karavas.eu\/wp-content\/uploads\/tourismos3-1.jpg\" data-srcset=\"https:\/\/karavas.eu\/wp-content\/uploads\/tourismos3-1.jpg 1000w, https:\/\/karavas.eu\/wp-content\/uploads\/tourismos3-1-705x458.jpg 705w\" data-sizes=\"(max-width: 1000px) 100vw, 1000px\" data-rel='gallery-1' data-prev-img='https:\/\/karavas.eu\/wp-content\/uploads\/tourismos3-1-495x400.jpg' class='first_thumb lightbox ' data-onclick='5' title='Plage \u201cMare Monte\u201d'  itemprop=\"thumbnailUrl\"  ><img decoding=\"async\" fetchpriority=\"high\" class=\"wp-image-17899 avia-img-lazy-loading-not-17899\"  data-avia-tooltip='Plage \u201cMare Monte\u201d' src=\"https:\/\/karavas.eu\/wp-content\/uploads\/tourismos3-1.jpg\" width=\"1000\" height=\"650\"  title='tourismos3' alt='' srcset=\"https:\/\/karavas.eu\/wp-content\/uploads\/tourismos3-1.jpg 1000w, https:\/\/karavas.eu\/wp-content\/uploads\/tourismos3-1-705x458.jpg 705w\" sizes=\"(max-width: 1000px) 100vw, 1000px\" \/><div class='big-prev-fake'><img decoding=\"async\" loading=\"lazy\" class=\"wp-image-17899 avia-img-lazy-loading-17899\"  width=\"495\" height=\"400\" src=\"https:\/\/karavas.eu\/wp-content\/uploads\/tourismos3-1-495x400.jpg\" title='tourismos3' alt='' \/><\/div><\/a><a href=\"https:\/\/karavas.eu\/wp-content\/uploads\/tourismos2-1.jpg\" data-srcset=\"https:\/\/karavas.eu\/wp-content\/uploads\/tourismos2-1.jpg 1000w, https:\/\/karavas.eu\/wp-content\/uploads\/tourismos2-1-705x458.jpg 705w\" data-sizes=\"(max-width: 1000px) 100vw, 1000px\" data-rel='gallery-1' data-prev-img='https:\/\/karavas.eu\/wp-content\/uploads\/tourismos2-1-495x400.jpg' class='lightbox ' data-onclick='6' title='Plage \u201cZephyros\u201d'  itemprop=\"thumbnailUrl\"  ><img decoding=\"async\" fetchpriority=\"high\" class=\"wp-image-17898 avia-img-lazy-loading-not-17898\"  data-avia-tooltip='Plage \u201cZephyros\u201d' src=\"https:\/\/karavas.eu\/wp-content\/uploads\/tourismos2-1.jpg\" width=\"1000\" height=\"650\"  title='tourismos2' alt='' srcset=\"https:\/\/karavas.eu\/wp-content\/uploads\/tourismos2-1.jpg 1000w, https:\/\/karavas.eu\/wp-content\/uploads\/tourismos2-1-705x458.jpg 705w\" sizes=\"(max-width: 1000px) 100vw, 1000px\" \/><div class='big-prev-fake'><img decoding=\"async\" loading=\"lazy\" class=\"wp-image-17898 avia-img-lazy-loading-17898\"  width=\"495\" height=\"400\" src=\"https:\/\/karavas.eu\/wp-content\/uploads\/tourismos2-1-495x400.jpg\" title='tourismos2' alt='' \/><\/div><\/a><a href=\"https:\/\/karavas.eu\/wp-content\/uploads\/tourismos1-1.jpg\" data-srcset=\"https:\/\/karavas.eu\/wp-content\/uploads\/tourismos1-1.jpg 1000w, https:\/\/karavas.eu\/wp-content\/uploads\/tourismos1-1-705x458.jpg 705w\" data-sizes=\"(max-width: 1000px) 100vw, 1000px\" data-rel='gallery-1' data-prev-img='https:\/\/karavas.eu\/wp-content\/uploads\/tourismos1-1-495x400.jpg' class='lightbox ' data-onclick='7' title='Restaurant Anemomylos, Karavas'  itemprop=\"thumbnailUrl\"  ><img decoding=\"async\" fetchpriority=\"high\" class=\"wp-image-17897 avia-img-lazy-loading-not-17897\"  data-avia-tooltip='Restaurant Anemomylos, Karavas' src=\"https:\/\/karavas.eu\/wp-content\/uploads\/tourismos1-1.jpg\" width=\"1000\" height=\"650\"  title='tourismos1' alt='' srcset=\"https:\/\/karavas.eu\/wp-content\/uploads\/tourismos1-1.jpg 1000w, https:\/\/karavas.eu\/wp-content\/uploads\/tourismos1-1-705x458.jpg 705w\" sizes=\"(max-width: 1000px) 100vw, 1000px\" \/><div class='big-prev-fake'><img decoding=\"async\" loading=\"lazy\" class=\"wp-image-17897 avia-img-lazy-loading-17897\"  width=\"495\" height=\"400\" src=\"https:\/\/karavas.eu\/wp-content\/uploads\/tourismos1-1-495x400.jpg\" title='tourismos1' alt='' \/><\/div><\/a><\/div><\/div>\n","protected":false},"excerpt":{"rendered":"","protected":false},"author":1,"featured_media":0,"parent":17193,"menu_order":71,"comment_status":"closed","ping_status":"closed","template":"","meta":{"footnotes":""},"class_list":["post-17872","page","type-page","status-publish","hentry"],"_links":{"self":[{"href":"https:\/\/karavas.eu\/fr\/wp-json\/wp\/v2\/pages\/17872","targetHints":{"allow":["GET"]}}],"collection":[{"href":"https:\/\/karavas.eu\/fr\/wp-json\/wp\/v2\/pages"}],"about":[{"href":"https:\/\/karavas.eu\/fr\/wp-json\/wp\/v2\/types\/page"}],"author":[{"embeddable":true,"href":"https:\/\/karavas.eu\/fr\/wp-json\/wp\/v2\/users\/1"}],"replies":[{"embeddable":true,"href":"https:\/\/karavas.eu\/fr\/wp-json\/wp\/v2\/comments?post=17872"}],"version-history":[{"count":0,"href":"https:\/\/karavas.eu\/fr\/wp-json\/wp\/v2\/pages\/17872\/revisions"}],"up":[{"embeddable":true,"href":"https:\/\/karavas.eu\/fr\/wp-json\/wp\/v2\/pages\/17193"}],"wp:attachment":[{"href":"https:\/\/karavas.eu\/fr\/wp-json\/wp\/v2\/media?parent=17872"}],"curies":[{"name":"wp","href":"https:\/\/api.w.org\/{rel}","templated":true}]}}