{"id":17684,"date":"2018-09-02T16:36:34","date_gmt":"2018-09-02T13:36:34","guid":{"rendered":"https:\/\/karavas.eu\/karavas-passe-et-present\/lemon-cultivation\/"},"modified":"2022-09-20T15:07:28","modified_gmt":"2022-09-20T12:07:28","slug":"culture-du-citron","status":"publish","type":"page","link":"https:\/\/karavas.eu\/fr\/karavas\/karavas-passe-et-present\/culture-du-citron\/","title":{"rendered":"Culture du citron"},"content":{"rendered":"<section  class='av_textblock_section av-7dvdj-75cfea6c18e11c016b885e8d40d4ff53 '   itemscope=\"itemscope\" itemtype=\"https:\/\/schema.org\/CreativeWork\" ><div class='avia_textblock'  itemprop=\"text\" ><p>La r\u00e9gion a connu une croissance \u00e9conomique notable gr\u00e2ce au commerce, au d\u00e9veloppement industriel et \u00e0 une riche production agricole. Dans les ann\u00e9es pr\u00e9c\u00e9dant l&rsquo;invasion turque, la culture du citron \u00e9tait \u00e0 son apog\u00e9e. Avec la cr\u00e9ation de la Soci\u00e9t\u00e9 coop\u00e9rative des producteurs de citron du district de Kyrenia (SELEK), le commerce du citron, l&rsquo;or de Kyrenia, \u00e9tait \u00e0 son apog\u00e9e.<\/p>\n<p>Outre les conditions climatiques id\u00e9ales, c&rsquo;est l&rsquo;eau de la source naturelle de la ville, Palia Brysi, irriguant les plaines fertiles de Karavas qui a contribu\u00e9 au d\u00e9veloppement de la r\u00e9gion. Autrefois, l&rsquo;eau de source servait \u00e9galement \u00e0 faire fonctionner les moulins pour la mouture du bl\u00e9.<\/p>\n<\/div><\/section>\n\n<style type=\"text\/css\" data-created_by=\"avia_inline_auto\" id=\"style-css-av-jpsfkmkz-9b76b38d6b5970fcc7f3cba1c4957955\">\n#top .avia-gallery.av-jpsfkmkz-9b76b38d6b5970fcc7f3cba1c4957955 .avia-gallery-thumb a{\nwidth:20%;\n}\n<\/style>\n<div  class='avia-gallery av-jpsfkmkz-9b76b38d6b5970fcc7f3cba1c4957955 avia_animate_when_visible  avia-builder-el-1  el_after_av_textblock  avia-builder-el-last  deactivate_avia_lazyload avia-gallery-animate avia-gallery-1'  itemprop=\"image\" itemscope=\"itemscope\" itemtype=\"https:\/\/schema.org\/ImageObject\" ><meta itemprop=\"contentURL\" content=\"https:\/\/karavas.eu\/fr\/karavas\/karavas-passe-et-present\/culture-du-citron\/\"><div class='avia-gallery-thumb'><a href=\"https:\/\/karavas.eu\/wp-content\/uploads\/lemonokaliergia1.jpg\" data-rel='gallery-1' data-prev-img='https:\/\/karavas.eu\/wp-content\/uploads\/lemonokaliergia1.jpg' class='first_thumb lightbox ' data-onclick='1' title='Fleurs de Citron'  itemprop=\"thumbnailUrl\"  ><img decoding=\"async\" fetchpriority=\"high\" class=\"wp-image-17652 avia-img-lazy-loading-not-17652\"  data-avia-tooltip='Fleurs de Citron' src=\"https:\/\/karavas.eu\/wp-content\/uploads\/lemonokaliergia1.jpg\" width=\"250\" height=\"188\"  title='lemonokaliergia1' alt='' \/><div class='big-prev-fake'><img decoding=\"async\" loading=\"lazy\" class=\"wp-image-17652 avia-img-lazy-loading-17652\"  width=\"250\" height=\"188\" src=\"https:\/\/karavas.eu\/wp-content\/uploads\/lemonokaliergia1.jpg\" title='lemonokaliergia1' alt='' \/><\/div><\/a><a href=\"https:\/\/karavas.eu\/wp-content\/uploads\/lemonokaliergia2.jpg\" data-rel='gallery-1' data-prev-img='https:\/\/karavas.eu\/wp-content\/uploads\/lemonokaliergia2.jpg' class='lightbox ' data-onclick='2' title='S\u00e9minaires p\u00e9dagogiques sur la culture du citron au Th\u00e9\u00e2tre municipal de Karavas, avant 1974'  itemprop=\"thumbnailUrl\"  ><img decoding=\"async\" fetchpriority=\"high\" class=\"wp-image-17653 avia-img-lazy-loading-not-17653\"  data-avia-tooltip='S\u00e9minaires p\u00e9dagogiques sur la culture du citron au Th\u00e9\u00e2tre municipal de Karavas, avant 1974' src=\"https:\/\/karavas.eu\/wp-content\/uploads\/lemonokaliergia2.jpg\" width=\"250\" height=\"188\"  title='lemonokaliergia2' alt='' \/><div class='big-prev-fake'><img decoding=\"async\" loading=\"lazy\" class=\"wp-image-17653 avia-img-lazy-loading-17653\"  width=\"250\" height=\"188\" src=\"https:\/\/karavas.eu\/wp-content\/uploads\/lemonokaliergia2.jpg\" title='lemonokaliergia2' alt='' \/><\/div><\/a><a href=\"https:\/\/karavas.eu\/wp-content\/uploads\/lemonokaliergia3.jpg\" data-rel='gallery-1' data-prev-img='https:\/\/karavas.eu\/wp-content\/uploads\/lemonokaliergia3.jpg' class='lightbox ' data-onclick='3' title='Aux citronniers de Karavas avant 1974'  itemprop=\"thumbnailUrl\"  ><img decoding=\"async\" fetchpriority=\"high\" class=\"wp-image-17654 avia-img-lazy-loading-not-17654\"  data-avia-tooltip='Aux citronniers de Karavas avant 1974' src=\"https:\/\/karavas.eu\/wp-content\/uploads\/lemonokaliergia3.jpg\" width=\"250\" height=\"188\"  title='lemonokaliergia3' alt='' \/><div class='big-prev-fake'><img decoding=\"async\" loading=\"lazy\" class=\"wp-image-17654 avia-img-lazy-loading-17654\"  width=\"250\" height=\"188\" src=\"https:\/\/karavas.eu\/wp-content\/uploads\/lemonokaliergia3.jpg\" title='lemonokaliergia3' alt='' \/><\/div><\/a><a href=\"https:\/\/karavas.eu\/wp-content\/uploads\/lemonokaliergia4.jpg\" data-rel='gallery-1' data-prev-img='https:\/\/karavas.eu\/wp-content\/uploads\/lemonokaliergia4.jpg' class='lightbox ' data-onclick='4' title='Une visite de marchands de citrons anglais aux citronniers de Karavas.'  itemprop=\"thumbnailUrl\"  ><img decoding=\"async\" fetchpriority=\"high\" class=\"wp-image-17655 avia-img-lazy-loading-not-17655\"  data-avia-tooltip='Une visite de marchands de citrons anglais aux citronniers de Karavas.' src=\"https:\/\/karavas.eu\/wp-content\/uploads\/lemonokaliergia4.jpg\" width=\"250\" height=\"188\"  title='lemonokaliergia4' alt='' \/><div class='big-prev-fake'><img decoding=\"async\" loading=\"lazy\" class=\"wp-image-17655 avia-img-lazy-loading-17655\"  width=\"250\" height=\"188\" src=\"https:\/\/karavas.eu\/wp-content\/uploads\/lemonokaliergia4.jpg\" title='lemonokaliergia4' alt='' \/><\/div><\/a><\/div><\/div>\n","protected":false},"excerpt":{"rendered":"","protected":false},"author":1,"featured_media":0,"parent":17193,"menu_order":66,"comment_status":"closed","ping_status":"closed","template":"","meta":{"footnotes":""},"class_list":["post-17684","page","type-page","status-publish","hentry"],"_links":{"self":[{"href":"https:\/\/karavas.eu\/fr\/wp-json\/wp\/v2\/pages\/17684","targetHints":{"allow":["GET"]}}],"collection":[{"href":"https:\/\/karavas.eu\/fr\/wp-json\/wp\/v2\/pages"}],"about":[{"href":"https:\/\/karavas.eu\/fr\/wp-json\/wp\/v2\/types\/page"}],"author":[{"embeddable":true,"href":"https:\/\/karavas.eu\/fr\/wp-json\/wp\/v2\/users\/1"}],"replies":[{"embeddable":true,"href":"https:\/\/karavas.eu\/fr\/wp-json\/wp\/v2\/comments?post=17684"}],"version-history":[{"count":0,"href":"https:\/\/karavas.eu\/fr\/wp-json\/wp\/v2\/pages\/17684\/revisions"}],"up":[{"embeddable":true,"href":"https:\/\/karavas.eu\/fr\/wp-json\/wp\/v2\/pages\/17193"}],"wp:attachment":[{"href":"https:\/\/karavas.eu\/fr\/wp-json\/wp\/v2\/media?parent=17684"}],"curies":[{"name":"wp","href":"https:\/\/api.w.org\/{rel}","templated":true}]}}