{"id":17319,"date":"2018-09-02T16:36:28","date_gmt":"2018-09-02T13:36:28","guid":{"rendered":"https:\/\/karavas.eu\/karavas-passe-et-present\/education\/"},"modified":"2022-09-20T15:05:52","modified_gmt":"2022-09-20T12:05:52","slug":"education","status":"publish","type":"page","link":"https:\/\/karavas.eu\/fr\/karavas\/karavas-passe-et-present\/education\/","title":{"rendered":"\u00c9ducation"},"content":{"rendered":"<section  class='av_textblock_section av-2ciksm-fb52dde3d67cc9c639a4fba8e08e0025 '   itemscope=\"itemscope\" itemtype=\"https:\/\/schema.org\/CreativeWork\" ><div class='avia_textblock'  itemprop=\"text\" ><p>Auparavant, les enfants de Karavas, Lapithos et des villages voisins suivaient des cours au monast\u00e8re d&rsquo;Acheiropoietos. Au milieu du XIXe si\u00e8cle, des \u00e9coles primaires s\u00e9par\u00e9es ont commenc\u00e9 \u00e0 fonctionner dans les deux villes. L&rsquo;\u00e9cole primaire de Karavas fonctionnait pr\u00e8s de la zone o\u00f9 l&rsquo;\u00e9glise de Panagia Evangelistria a ensuite \u00e9t\u00e9 construite. En 1883, une \u00e9cole de filles a commenc\u00e9 \u00e0 fonctionner et ainsi le nombre de filles scolaris\u00e9es a augment\u00e9. Avant 1974, il y avait deux \u00e9coles primaires, la premi\u00e8re et la deuxi\u00e8me \u00e9cole urbaine de Karavas qui fonctionnaient comme des \u00e9coles mixtes. Karavas poss\u00e9dait \u00e9galement un lyc\u00e9e priv\u00e9.<\/p>\n<\/div><\/section>\n\n<style type=\"text\/css\" data-created_by=\"avia_inline_auto\" id=\"style-css-av-jr7h8ydh-eca0e2afec766ca88da0af25806c623e\">\n#top .avia-gallery.av-jr7h8ydh-eca0e2afec766ca88da0af25806c623e .avia-gallery-thumb a{\nwidth:25%;\n}\n<\/style>\n<div  class='avia-gallery av-jr7h8ydh-eca0e2afec766ca88da0af25806c623e avia_animate_when_visible  avia-builder-el-1  el_after_av_textblock  avia-builder-el-last  deactivate_avia_lazyload avia-gallery-animate avia-gallery-1'  itemprop=\"image\" itemscope=\"itemscope\" itemtype=\"https:\/\/schema.org\/ImageObject\" ><meta itemprop=\"contentURL\" content=\"https:\/\/karavas.eu\/fr\/karavas\/karavas-passe-et-present\/education\/\"><div class='avia-gallery-thumb'><a href=\"https:\/\/karavas.eu\/wp-content\/uploads\/education1.jpg\" data-srcset=\"https:\/\/karavas.eu\/wp-content\/uploads\/education1.jpg 1000w, https:\/\/karavas.eu\/wp-content\/uploads\/education1-705x458.jpg 705w\" data-sizes=\"(max-width: 1000px) 100vw, 1000px\" data-rel='gallery-1' data-prev-img='https:\/\/karavas.eu\/wp-content\/uploads\/education1-495x400.jpg' class='first_thumb lightbox ' data-onclick='1' title='Premi\u00e8re \u00e9cole urbaine de Karavas'  itemprop=\"thumbnailUrl\"  ><img decoding=\"async\" fetchpriority=\"high\" class=\"wp-image-17330 avia-img-lazy-loading-not-17330\"  data-avia-tooltip='Premi\u00e8re \u00e9cole urbaine de Karavas' src=\"https:\/\/karavas.eu\/wp-content\/uploads\/education1.jpg\" width=\"1000\" height=\"650\"  title='education1' alt='' srcset=\"https:\/\/karavas.eu\/wp-content\/uploads\/education1.jpg 1000w, https:\/\/karavas.eu\/wp-content\/uploads\/education1-705x458.jpg 705w\" sizes=\"(max-width: 1000px) 100vw, 1000px\" \/><div class='big-prev-fake'><img decoding=\"async\" loading=\"lazy\" class=\"wp-image-17330 avia-img-lazy-loading-17330\"  width=\"495\" height=\"400\" src=\"https:\/\/karavas.eu\/wp-content\/uploads\/education1-495x400.jpg\" title='education1' alt='' \/><\/div><\/a><a href=\"https:\/\/karavas.eu\/wp-content\/uploads\/education2.jpg\" data-srcset=\"https:\/\/karavas.eu\/wp-content\/uploads\/education2.jpg 1000w, https:\/\/karavas.eu\/wp-content\/uploads\/education2-705x458.jpg 705w\" data-sizes=\"(max-width: 1000px) 100vw, 1000px\" data-rel='gallery-1' data-prev-img='https:\/\/karavas.eu\/wp-content\/uploads\/education2-495x400.jpg' class='lightbox ' data-onclick='2' title='Premi\u00e8re \u00e9cole urbaine de Karavas'  itemprop=\"thumbnailUrl\"  ><img decoding=\"async\" fetchpriority=\"high\" class=\"wp-image-17478 avia-img-lazy-loading-not-17478\"  data-avia-tooltip='Premi\u00e8re \u00e9cole urbaine de Karavas' src=\"https:\/\/karavas.eu\/wp-content\/uploads\/education2.jpg\" width=\"1000\" height=\"650\"  title='education2' alt='' srcset=\"https:\/\/karavas.eu\/wp-content\/uploads\/education2.jpg 1000w, https:\/\/karavas.eu\/wp-content\/uploads\/education2-705x458.jpg 705w\" sizes=\"(max-width: 1000px) 100vw, 1000px\" \/><div class='big-prev-fake'><img decoding=\"async\" loading=\"lazy\" class=\"wp-image-17478 avia-img-lazy-loading-17478\"  width=\"495\" height=\"400\" src=\"https:\/\/karavas.eu\/wp-content\/uploads\/education2-495x400.jpg\" title='education2' alt='' \/><\/div><\/a><a href=\"https:\/\/karavas.eu\/wp-content\/uploads\/education3.jpg\" data-srcset=\"https:\/\/karavas.eu\/wp-content\/uploads\/education3.jpg 1000w, https:\/\/karavas.eu\/wp-content\/uploads\/education3-705x458.jpg 705w\" data-sizes=\"(max-width: 1000px) 100vw, 1000px\" data-rel='gallery-1' data-prev-img='https:\/\/karavas.eu\/wp-content\/uploads\/education3-495x400.jpg' class='lightbox ' data-onclick='3' title='\u00c9ducation'  itemprop=\"thumbnailUrl\"  ><img decoding=\"async\" fetchpriority=\"high\" class=\"wp-image-17479 avia-img-lazy-loading-not-17479\"  data-avia-tooltip='\u00c9ducation' src=\"https:\/\/karavas.eu\/wp-content\/uploads\/education3.jpg\" width=\"1000\" height=\"650\"  title='education3' alt='' srcset=\"https:\/\/karavas.eu\/wp-content\/uploads\/education3.jpg 1000w, https:\/\/karavas.eu\/wp-content\/uploads\/education3-705x458.jpg 705w\" sizes=\"(max-width: 1000px) 100vw, 1000px\" \/><div class='big-prev-fake'><img decoding=\"async\" loading=\"lazy\" class=\"wp-image-17479 avia-img-lazy-loading-17479\"  width=\"495\" height=\"400\" src=\"https:\/\/karavas.eu\/wp-content\/uploads\/education3-495x400.jpg\" title='education3' alt='' \/><\/div><\/a><a href=\"https:\/\/karavas.eu\/wp-content\/uploads\/education4.jpg\" data-srcset=\"https:\/\/karavas.eu\/wp-content\/uploads\/education4.jpg 1000w, https:\/\/karavas.eu\/wp-content\/uploads\/education4-705x458.jpg 705w\" data-sizes=\"(max-width: 1000px) 100vw, 1000px\" data-rel='gallery-1' data-prev-img='https:\/\/karavas.eu\/wp-content\/uploads\/education4-495x400.jpg' class='lightbox ' data-onclick='4' title='Premi\u00e8re \u00e9cole urbaine de Karavas'  itemprop=\"thumbnailUrl\"  ><img decoding=\"async\" fetchpriority=\"high\" class=\"wp-image-17480 avia-img-lazy-loading-not-17480\"  data-avia-tooltip='Premi\u00e8re \u00e9cole urbaine de Karavas' src=\"https:\/\/karavas.eu\/wp-content\/uploads\/education4.jpg\" width=\"1000\" height=\"650\"  title='education4' alt='' srcset=\"https:\/\/karavas.eu\/wp-content\/uploads\/education4.jpg 1000w, https:\/\/karavas.eu\/wp-content\/uploads\/education4-705x458.jpg 705w\" sizes=\"(max-width: 1000px) 100vw, 1000px\" \/><div class='big-prev-fake'><img decoding=\"async\" loading=\"lazy\" class=\"wp-image-17480 avia-img-lazy-loading-17480\"  width=\"495\" height=\"400\" src=\"https:\/\/karavas.eu\/wp-content\/uploads\/education4-495x400.jpg\" title='education4' alt='' \/><\/div><\/a><a href=\"https:\/\/karavas.eu\/wp-content\/uploads\/education5.jpg\" data-srcset=\"https:\/\/karavas.eu\/wp-content\/uploads\/education5.jpg 1000w, https:\/\/karavas.eu\/wp-content\/uploads\/education5-705x458.jpg 705w\" data-sizes=\"(max-width: 1000px) 100vw, 1000px\" data-rel='gallery-1' data-prev-img='https:\/\/karavas.eu\/wp-content\/uploads\/education5-495x400.jpg' class='first_thumb lightbox ' data-onclick='5' title='Photo comm\u00e9morative des Karavas Scouts, 1952'  itemprop=\"thumbnailUrl\"  ><img decoding=\"async\" fetchpriority=\"high\" class=\"wp-image-17481 avia-img-lazy-loading-not-17481\"  data-avia-tooltip='Photo comm\u00e9morative des Karavas Scouts, 1952' src=\"https:\/\/karavas.eu\/wp-content\/uploads\/education5.jpg\" width=\"1000\" height=\"650\"  title='education5' alt='' srcset=\"https:\/\/karavas.eu\/wp-content\/uploads\/education5.jpg 1000w, https:\/\/karavas.eu\/wp-content\/uploads\/education5-705x458.jpg 705w\" sizes=\"(max-width: 1000px) 100vw, 1000px\" \/><div class='big-prev-fake'><img decoding=\"async\" loading=\"lazy\" class=\"wp-image-17481 avia-img-lazy-loading-17481\"  width=\"495\" height=\"400\" src=\"https:\/\/karavas.eu\/wp-content\/uploads\/education5-495x400.jpg\" title='education5' alt='' \/><\/div><\/a><a href=\"https:\/\/karavas.eu\/wp-content\/uploads\/education_a_astiki_sholi.jpg\" data-srcset=\"https:\/\/karavas.eu\/wp-content\/uploads\/education_a_astiki_sholi.jpg 1000w, https:\/\/karavas.eu\/wp-content\/uploads\/education_a_astiki_sholi-705x458.jpg 705w\" data-sizes=\"(max-width: 1000px) 100vw, 1000px\" data-rel='gallery-1' data-prev-img='https:\/\/karavas.eu\/wp-content\/uploads\/education_a_astiki_sholi-495x400.jpg' class='lightbox ' data-onclick='6' title='Premi\u00e8re \u00e9cole urbaine de Karavas, 1956'  itemprop=\"thumbnailUrl\"  ><img decoding=\"async\" fetchpriority=\"high\" class=\"wp-image-17482 avia-img-lazy-loading-not-17482\"  data-avia-tooltip='Premi\u00e8re \u00e9cole urbaine de Karavas, 1956' src=\"https:\/\/karavas.eu\/wp-content\/uploads\/education_a_astiki_sholi.jpg\" width=\"1000\" height=\"650\"  title='education_a_astiki_sholi' alt='' srcset=\"https:\/\/karavas.eu\/wp-content\/uploads\/education_a_astiki_sholi.jpg 1000w, https:\/\/karavas.eu\/wp-content\/uploads\/education_a_astiki_sholi-705x458.jpg 705w\" sizes=\"(max-width: 1000px) 100vw, 1000px\" \/><div class='big-prev-fake'><img decoding=\"async\" loading=\"lazy\" class=\"wp-image-17482 avia-img-lazy-loading-17482\"  width=\"495\" height=\"400\" src=\"https:\/\/karavas.eu\/wp-content\/uploads\/education_a_astiki_sholi-495x400.jpg\" title='education_a_astiki_sholi' alt='' \/><\/div><\/a><\/div><\/div>\n","protected":false},"excerpt":{"rendered":"","protected":false},"author":1,"featured_media":0,"parent":17193,"menu_order":62,"comment_status":"closed","ping_status":"closed","template":"","meta":{"footnotes":""},"class_list":["post-17319","page","type-page","status-publish","hentry"],"_links":{"self":[{"href":"https:\/\/karavas.eu\/fr\/wp-json\/wp\/v2\/pages\/17319","targetHints":{"allow":["GET"]}}],"collection":[{"href":"https:\/\/karavas.eu\/fr\/wp-json\/wp\/v2\/pages"}],"about":[{"href":"https:\/\/karavas.eu\/fr\/wp-json\/wp\/v2\/types\/page"}],"author":[{"embeddable":true,"href":"https:\/\/karavas.eu\/fr\/wp-json\/wp\/v2\/users\/1"}],"replies":[{"embeddable":true,"href":"https:\/\/karavas.eu\/fr\/wp-json\/wp\/v2\/comments?post=17319"}],"version-history":[{"count":0,"href":"https:\/\/karavas.eu\/fr\/wp-json\/wp\/v2\/pages\/17319\/revisions"}],"up":[{"embeddable":true,"href":"https:\/\/karavas.eu\/fr\/wp-json\/wp\/v2\/pages\/17193"}],"wp:attachment":[{"href":"https:\/\/karavas.eu\/fr\/wp-json\/wp\/v2\/media?parent=17319"}],"curies":[{"name":"wp","href":"https:\/\/api.w.org\/{rel}","templated":true}]}}