{"id":17253,"date":"2018-09-02T16:36:21","date_gmt":"2018-09-02T13:36:21","guid":{"rendered":"https:\/\/karavas.eu\/karavas-passe-et-present\/administrative-division\/"},"modified":"2022-09-20T15:04:49","modified_gmt":"2022-09-20T12:04:49","slug":"division-administrative","status":"publish","type":"page","link":"https:\/\/karavas.eu\/fr\/karavas\/karavas-passe-et-present\/division-administrative\/","title":{"rendered":"Division administrative"},"content":{"rendered":"<section  class='av_textblock_section av-382zad-6a2701cc59ffce2511e035b66c2b092b '   itemscope=\"itemscope\" itemtype=\"https:\/\/schema.org\/CreativeWork\" ><div class='avia_textblock'  itemprop=\"text\" ><p>Karavas se compose de quatre quartiers\/paroisses ; Pano Gitonia, Exo Gitonia, Petrogitonia et Agios Andreas. Chaque quartier est consid\u00e9r\u00e9 comme une communaut\u00e9 et a donc son propre pr\u00e9sident et conseil de communaut\u00e9.<\/p>\n<p>Pano Gitonia a \u00e9t\u00e9 construit sur le site o\u00f9 se trouvaient les anciens moulins, pr\u00e8s de la source naturelle \u00ab\u00a0Kefalovrysos\u00a0\u00bb, ou \u00ab\u00a0Palia Vrysi\u00a0\u00bb (vieille fontaine), autour d&rsquo;une vall\u00e9e verdoyante avec d&rsquo;immenses platanes et pins. Petrogitonia, ou Kato Gitonia comme on l&rsquo;appelle aussi, se situe entre les montagnes et la mer. De riches maisons n\u00e9oclassiques se trouvent dans ce quartier. Exo Gitonia s&rsquo;\u00e9tend du c\u00f4t\u00e9 ouest de la ville. Quelques ann\u00e9es avant l&rsquo;invasion, la paroisse \u00ab\u00a0Ais Andrias\u00a0\u00bb a commenc\u00e9 \u00e0 se d\u00e9velopper sur le c\u00f4t\u00e9 est de Karavas, construite pr\u00e8s des ruines de la chapelle abandonn\u00e9e d&rsquo;Agios Andreas.<\/p>\n<\/div><\/section>\n\n<style type=\"text\/css\" data-created_by=\"avia_inline_auto\" id=\"style-css-av-jr7h8ydh-9b8dec861ccbb61595f6ac7dfd3ad62f\">\n#top .avia-gallery.av-jr7h8ydh-9b8dec861ccbb61595f6ac7dfd3ad62f .avia-gallery-thumb a{\nwidth:25%;\n}\n<\/style>\n<div  class='avia-gallery av-jr7h8ydh-9b8dec861ccbb61595f6ac7dfd3ad62f avia_animate_when_visible  avia-builder-el-1  el_after_av_textblock  avia-builder-el-last  deactivate_avia_lazyload avia-gallery-animate avia-gallery-1'  itemprop=\"image\" itemscope=\"itemscope\" itemtype=\"https:\/\/schema.org\/ImageObject\" ><meta itemprop=\"contentURL\" content=\"https:\/\/karavas.eu\/fr\/karavas\/karavas-passe-et-present\/division-administrative\/\"><div class='avia-gallery-thumb'><a href=\"https:\/\/karavas.eu\/wp-content\/uploads\/administrative_division2.jpg\" data-srcset=\"https:\/\/karavas.eu\/wp-content\/uploads\/administrative_division2.jpg 1000w, https:\/\/karavas.eu\/wp-content\/uploads\/administrative_division2-705x529.jpg 705w\" data-sizes=\"(max-width: 1000px) 100vw, 1000px\" data-rel='gallery-1' data-prev-img='https:\/\/karavas.eu\/wp-content\/uploads\/administrative_division2-495x400.jpg' class='first_thumb lightbox ' data-onclick='1' title='Petrogitonia'  itemprop=\"thumbnailUrl\"  ><img decoding=\"async\" fetchpriority=\"high\" class=\"wp-image-17254 avia-img-lazy-loading-not-17254\"  data-avia-tooltip='Petrogitonia' src=\"https:\/\/karavas.eu\/wp-content\/uploads\/administrative_division2.jpg\" width=\"1000\" height=\"750\"  title='administrative_division2' alt='' srcset=\"https:\/\/karavas.eu\/wp-content\/uploads\/administrative_division2.jpg 1000w, https:\/\/karavas.eu\/wp-content\/uploads\/administrative_division2-705x529.jpg 705w\" sizes=\"(max-width: 1000px) 100vw, 1000px\" \/><div class='big-prev-fake'><img decoding=\"async\" loading=\"lazy\" class=\"wp-image-17254 avia-img-lazy-loading-17254\"  width=\"495\" height=\"400\" src=\"https:\/\/karavas.eu\/wp-content\/uploads\/administrative_division2-495x400.jpg\" title='administrative_division2' alt='' srcset=\"https:\/\/karavas.eu\/wp-content\/uploads\/administrative_division2-495x400.jpg 495w, https:\/\/karavas.eu\/wp-content\/uploads\/administrative_division2-845x684.jpg 845w\" sizes=\"auto, (max-width: 495px) 100vw, 495px\" \/><\/div><\/a><a href=\"https:\/\/karavas.eu\/wp-content\/uploads\/administrative_division1.jpg\" data-srcset=\"https:\/\/karavas.eu\/wp-content\/uploads\/administrative_division1.jpg 1024w, https:\/\/karavas.eu\/wp-content\/uploads\/administrative_division1-705x529.jpg 705w\" data-sizes=\"(max-width: 1024px) 100vw, 1024px\" data-rel='gallery-1' data-prev-img='https:\/\/karavas.eu\/wp-content\/uploads\/administrative_division1-495x400.jpg' class='lightbox ' data-onclick='2' title='Division administrative'  itemprop=\"thumbnailUrl\"  ><img decoding=\"async\" fetchpriority=\"high\" class=\"wp-image-17256 avia-img-lazy-loading-not-17256\"  data-avia-tooltip='Division administrative' src=\"https:\/\/karavas.eu\/wp-content\/uploads\/administrative_division1.jpg\" width=\"1024\" height=\"768\"  title='administrative_division1' alt='' srcset=\"https:\/\/karavas.eu\/wp-content\/uploads\/administrative_division1.jpg 1024w, https:\/\/karavas.eu\/wp-content\/uploads\/administrative_division1-705x529.jpg 705w\" sizes=\"(max-width: 1024px) 100vw, 1024px\" \/><div class='big-prev-fake'><img decoding=\"async\" loading=\"lazy\" class=\"wp-image-17256 avia-img-lazy-loading-17256\"  width=\"495\" height=\"400\" src=\"https:\/\/karavas.eu\/wp-content\/uploads\/administrative_division1-495x400.jpg\" title='administrative_division1' alt='' srcset=\"https:\/\/karavas.eu\/wp-content\/uploads\/administrative_division1-495x400.jpg 495w, https:\/\/karavas.eu\/wp-content\/uploads\/administrative_division1-845x684.jpg 845w\" sizes=\"auto, (max-width: 495px) 100vw, 495px\" \/><\/div><\/a><a href=\"https:\/\/karavas.eu\/wp-content\/uploads\/administrative_division3-1.jpg\" data-srcset=\"https:\/\/karavas.eu\/wp-content\/uploads\/administrative_division3-1.jpg 1024w, https:\/\/karavas.eu\/wp-content\/uploads\/administrative_division3-1-705x529.jpg 705w\" data-sizes=\"(max-width: 1024px) 100vw, 1024px\" data-rel='gallery-1' data-prev-img='https:\/\/karavas.eu\/wp-content\/uploads\/administrative_division3-1-495x400.jpg' class='lightbox ' data-onclick='3' title='Division administrative'  itemprop=\"thumbnailUrl\"  ><img decoding=\"async\" fetchpriority=\"high\" class=\"wp-image-17257 avia-img-lazy-loading-not-17257\"  data-avia-tooltip='Division administrative' src=\"https:\/\/karavas.eu\/wp-content\/uploads\/administrative_division3-1.jpg\" width=\"1024\" height=\"768\"  title='administrative_division3' alt='' srcset=\"https:\/\/karavas.eu\/wp-content\/uploads\/administrative_division3-1.jpg 1024w, https:\/\/karavas.eu\/wp-content\/uploads\/administrative_division3-1-705x529.jpg 705w\" sizes=\"(max-width: 1024px) 100vw, 1024px\" \/><div class='big-prev-fake'><img decoding=\"async\" loading=\"lazy\" class=\"wp-image-17257 avia-img-lazy-loading-17257\"  width=\"495\" height=\"400\" src=\"https:\/\/karavas.eu\/wp-content\/uploads\/administrative_division3-1-495x400.jpg\" title='administrative_division3' alt='' srcset=\"https:\/\/karavas.eu\/wp-content\/uploads\/administrative_division3-1-495x400.jpg 495w, https:\/\/karavas.eu\/wp-content\/uploads\/administrative_division3-1-845x684.jpg 845w\" sizes=\"auto, (max-width: 495px) 100vw, 495px\" \/><\/div><\/a><\/div><\/div>\n","protected":false},"excerpt":{"rendered":"","protected":false},"author":1,"featured_media":0,"parent":17193,"menu_order":59,"comment_status":"closed","ping_status":"closed","template":"","meta":{"footnotes":""},"class_list":["post-17253","page","type-page","status-publish","hentry"],"_links":{"self":[{"href":"https:\/\/karavas.eu\/fr\/wp-json\/wp\/v2\/pages\/17253","targetHints":{"allow":["GET"]}}],"collection":[{"href":"https:\/\/karavas.eu\/fr\/wp-json\/wp\/v2\/pages"}],"about":[{"href":"https:\/\/karavas.eu\/fr\/wp-json\/wp\/v2\/types\/page"}],"author":[{"embeddable":true,"href":"https:\/\/karavas.eu\/fr\/wp-json\/wp\/v2\/users\/1"}],"replies":[{"embeddable":true,"href":"https:\/\/karavas.eu\/fr\/wp-json\/wp\/v2\/comments?post=17253"}],"version-history":[{"count":0,"href":"https:\/\/karavas.eu\/fr\/wp-json\/wp\/v2\/pages\/17253\/revisions"}],"up":[{"embeddable":true,"href":"https:\/\/karavas.eu\/fr\/wp-json\/wp\/v2\/pages\/17193"}],"wp:attachment":[{"href":"https:\/\/karavas.eu\/fr\/wp-json\/wp\/v2\/media?parent=17253"}],"curies":[{"name":"wp","href":"https:\/\/api.w.org\/{rel}","templated":true}]}}