{"id":17245,"date":"2018-09-02T16:36:15","date_gmt":"2018-09-02T13:36:15","guid":{"rendered":"https:\/\/karavas.eu\/karavas-passe-et-present\/the-municipality-of-karavas\/"},"modified":"2022-09-20T14:45:39","modified_gmt":"2022-09-20T11:45:39","slug":"la-municipalite-de-karavas","status":"publish","type":"page","link":"https:\/\/karavas.eu\/fr\/karavas\/karavas-passe-et-present\/la-municipalite-de-karavas\/","title":{"rendered":"La Municipalit\u00e9 de Karavas"},"content":{"rendered":"<section  class='av_textblock_section av-1x98k4-3836f4b8acf4a7066532dd083656a4b3 '   itemscope=\"itemscope\" itemtype=\"https:\/\/schema.org\/CreativeWork\" ><div class='avia_textblock'  itemprop=\"text\" ><p>Karavas a \u00e9t\u00e9 d\u00e9clar\u00e9e une municipalit\u00e9 en 1884 apr\u00e8s l&rsquo;arriv\u00e9e des colons anglais. Tous les conseils municipaux qui servaient Karavas, ainsi que les associations culturelles de la ville ont contribu\u00e9 au d\u00e9veloppement \u00e9conomique, social et culturel de la ville.<\/p>\n<p>La mairie a \u00e9te construite en 1958 sur la rue principale de Karavas, l&rsquo; \u00ab Avenue Praxandrou \u00bb, et abritait les bureaux de la Municipalit\u00e9, la Biblioth\u00e8que, le Th\u00e9\u00e2tre Municipal et le March\u00e9.<\/p>\n<\/div><\/section>\n\n<style type=\"text\/css\" data-created_by=\"avia_inline_auto\" id=\"style-css-av-jr7h8ydh-f2ebfe8992a4bbf830619930c38158eb\">\n#top .avia-gallery.av-jr7h8ydh-f2ebfe8992a4bbf830619930c38158eb .avia-gallery-thumb a{\nwidth:25%;\n}\n<\/style>\n<div  class='avia-gallery av-jr7h8ydh-f2ebfe8992a4bbf830619930c38158eb avia_animate_when_visible  avia-builder-el-1  el_after_av_textblock  avia-builder-el-last  deactivate_avia_lazyload avia-gallery-animate avia-gallery-1'  itemprop=\"image\" itemscope=\"itemscope\" itemtype=\"https:\/\/schema.org\/ImageObject\" ><meta itemprop=\"contentURL\" content=\"https:\/\/karavas.eu\/fr\/karavas\/karavas-passe-et-present\/la-municipalite-de-karavas\/\"><div class='avia-gallery-thumb'><a href=\"https:\/\/karavas.eu\/wp-content\/uploads\/municipality_karavas1.jpg\" data-srcset=\"https:\/\/karavas.eu\/wp-content\/uploads\/municipality_karavas1.jpg 1000w, https:\/\/karavas.eu\/wp-content\/uploads\/municipality_karavas1-705x423.jpg 705w\" data-sizes=\"(max-width: 1000px) 100vw, 1000px\" data-rel='gallery-1' data-prev-img='https:\/\/karavas.eu\/wp-content\/uploads\/municipality_karavas1-495x400.jpg' class='first_thumb lightbox ' data-onclick='1' title='Anniversaire national \u00e0 la mairie de Karavas, 1967.'  itemprop=\"thumbnailUrl\"  ><img decoding=\"async\" fetchpriority=\"high\" class=\"wp-image-17246 avia-img-lazy-loading-not-17246\"  data-avia-tooltip='Anniversaire national \u00e0 la mairie de Karavas, 1967.' src=\"https:\/\/karavas.eu\/wp-content\/uploads\/municipality_karavas1.jpg\" width=\"1000\" height=\"600\"  title='municipality_karavas1' alt='' srcset=\"https:\/\/karavas.eu\/wp-content\/uploads\/municipality_karavas1.jpg 1000w, https:\/\/karavas.eu\/wp-content\/uploads\/municipality_karavas1-705x423.jpg 705w\" sizes=\"(max-width: 1000px) 100vw, 1000px\" \/><div class='big-prev-fake'><img decoding=\"async\" loading=\"lazy\" class=\"wp-image-17246 avia-img-lazy-loading-17246\"  width=\"495\" height=\"400\" src=\"https:\/\/karavas.eu\/wp-content\/uploads\/municipality_karavas1-495x400.jpg\" title='municipality_karavas1' alt='' \/><\/div><\/a><a href=\"https:\/\/karavas.eu\/wp-content\/uploads\/municipality_karavas2.jpg\" data-srcset=\"https:\/\/karavas.eu\/wp-content\/uploads\/municipality_karavas2.jpg 1000w, https:\/\/karavas.eu\/wp-content\/uploads\/municipality_karavas2-705x423.jpg 705w\" data-sizes=\"(max-width: 1000px) 100vw, 1000px\" data-rel='gallery-1' data-prev-img='https:\/\/karavas.eu\/wp-content\/uploads\/municipality_karavas2-495x400.jpg' class='lightbox ' data-onclick='2' title='Anniversaire national \u00e0 Karavas.'  itemprop=\"thumbnailUrl\"  ><img decoding=\"async\" fetchpriority=\"high\" class=\"wp-image-17248 avia-img-lazy-loading-not-17248\"  data-avia-tooltip='Anniversaire national \u00e0 Karavas.' src=\"https:\/\/karavas.eu\/wp-content\/uploads\/municipality_karavas2.jpg\" width=\"1000\" height=\"600\"  title='municipality_karavas2' alt='' srcset=\"https:\/\/karavas.eu\/wp-content\/uploads\/municipality_karavas2.jpg 1000w, https:\/\/karavas.eu\/wp-content\/uploads\/municipality_karavas2-705x423.jpg 705w\" sizes=\"(max-width: 1000px) 100vw, 1000px\" \/><div class='big-prev-fake'><img decoding=\"async\" loading=\"lazy\" class=\"wp-image-17248 avia-img-lazy-loading-17248\"  width=\"495\" height=\"400\" src=\"https:\/\/karavas.eu\/wp-content\/uploads\/municipality_karavas2-495x400.jpg\" title='municipality_karavas2' alt='' \/><\/div><\/a><a href=\"https:\/\/karavas.eu\/wp-content\/uploads\/municipality_karavas3.jpg\" data-srcset=\"https:\/\/karavas.eu\/wp-content\/uploads\/municipality_karavas3.jpg 1000w, https:\/\/karavas.eu\/wp-content\/uploads\/municipality_karavas3-705x423.jpg 705w\" data-sizes=\"(max-width: 1000px) 100vw, 1000px\" data-rel='gallery-1' data-prev-img='https:\/\/karavas.eu\/wp-content\/uploads\/municipality_karavas3-495x400.jpg' class='lightbox ' data-onclick='3' title='Inauguration du Mus\u00e9e d&rsquo;art populaire \u00e0 Karavas, 1968.'  itemprop=\"thumbnailUrl\"  ><img decoding=\"async\" fetchpriority=\"high\" class=\"wp-image-17249 avia-img-lazy-loading-not-17249\"  data-avia-tooltip='Inauguration du Mus\u00e9e d&rsquo;art populaire \u00e0 Karavas, 1968.' src=\"https:\/\/karavas.eu\/wp-content\/uploads\/municipality_karavas3.jpg\" width=\"1000\" height=\"600\"  title='municipality_karavas3' alt='' srcset=\"https:\/\/karavas.eu\/wp-content\/uploads\/municipality_karavas3.jpg 1000w, https:\/\/karavas.eu\/wp-content\/uploads\/municipality_karavas3-705x423.jpg 705w\" sizes=\"(max-width: 1000px) 100vw, 1000px\" \/><div class='big-prev-fake'><img decoding=\"async\" loading=\"lazy\" class=\"wp-image-17249 avia-img-lazy-loading-17249\"  width=\"495\" height=\"400\" src=\"https:\/\/karavas.eu\/wp-content\/uploads\/municipality_karavas3-495x400.jpg\" title='municipality_karavas3' alt='' \/><\/div><\/a><a href=\"https:\/\/karavas.eu\/wp-content\/uploads\/municipality_karavas4.jpg\" data-srcset=\"https:\/\/karavas.eu\/wp-content\/uploads\/municipality_karavas4.jpg 1000w, https:\/\/karavas.eu\/wp-content\/uploads\/municipality_karavas4-705x423.jpg 705w\" data-sizes=\"(max-width: 1000px) 100vw, 1000px\" data-rel='gallery-1' data-prev-img='https:\/\/karavas.eu\/wp-content\/uploads\/municipality_karavas4-495x400.jpg' class='lightbox ' data-onclick='4' title='La mairie de Karavas'  itemprop=\"thumbnailUrl\"  ><img decoding=\"async\" fetchpriority=\"high\" class=\"wp-image-17250 avia-img-lazy-loading-not-17250\"  data-avia-tooltip='La mairie de Karavas' src=\"https:\/\/karavas.eu\/wp-content\/uploads\/municipality_karavas4.jpg\" width=\"1000\" height=\"600\"  title='municipality_karavas4' alt='' srcset=\"https:\/\/karavas.eu\/wp-content\/uploads\/municipality_karavas4.jpg 1000w, https:\/\/karavas.eu\/wp-content\/uploads\/municipality_karavas4-705x423.jpg 705w\" sizes=\"(max-width: 1000px) 100vw, 1000px\" \/><div class='big-prev-fake'><img decoding=\"async\" loading=\"lazy\" class=\"wp-image-17250 avia-img-lazy-loading-17250\"  width=\"495\" height=\"400\" src=\"https:\/\/karavas.eu\/wp-content\/uploads\/municipality_karavas4-495x400.jpg\" title='municipality_karavas4' alt='' \/><\/div><\/a><a href=\"https:\/\/karavas.eu\/wp-content\/uploads\/municipality_karavas5.jpg\" data-srcset=\"https:\/\/karavas.eu\/wp-content\/uploads\/municipality_karavas5.jpg 1000w, https:\/\/karavas.eu\/wp-content\/uploads\/municipality_karavas5-705x423.jpg 705w\" data-sizes=\"(max-width: 1000px) 100vw, 1000px\" data-rel='gallery-1' data-prev-img='https:\/\/karavas.eu\/wp-content\/uploads\/municipality_karavas5-495x400.jpg' class='first_thumb lightbox ' data-onclick='5' title='Manifestation culturelle \u00e0 la Mairie de Karavas, avant 1974.'  itemprop=\"thumbnailUrl\"  ><img decoding=\"async\" fetchpriority=\"high\" class=\"wp-image-17251 avia-img-lazy-loading-not-17251\"  data-avia-tooltip='Manifestation culturelle \u00e0 la Mairie de Karavas, avant 1974.' src=\"https:\/\/karavas.eu\/wp-content\/uploads\/municipality_karavas5.jpg\" width=\"1000\" height=\"600\"  title='municipality_karavas5' alt='' srcset=\"https:\/\/karavas.eu\/wp-content\/uploads\/municipality_karavas5.jpg 1000w, https:\/\/karavas.eu\/wp-content\/uploads\/municipality_karavas5-705x423.jpg 705w\" sizes=\"(max-width: 1000px) 100vw, 1000px\" \/><div class='big-prev-fake'><img decoding=\"async\" loading=\"lazy\" class=\"wp-image-17251 avia-img-lazy-loading-17251\"  width=\"495\" height=\"400\" src=\"https:\/\/karavas.eu\/wp-content\/uploads\/municipality_karavas5-495x400.jpg\" title='municipality_karavas5' alt='' \/><\/div><\/a><\/div><\/div>\n","protected":false},"excerpt":{"rendered":"","protected":false},"author":1,"featured_media":0,"parent":17193,"menu_order":55,"comment_status":"closed","ping_status":"closed","template":"","meta":{"footnotes":""},"class_list":["post-17245","page","type-page","status-publish","hentry"],"_links":{"self":[{"href":"https:\/\/karavas.eu\/fr\/wp-json\/wp\/v2\/pages\/17245","targetHints":{"allow":["GET"]}}],"collection":[{"href":"https:\/\/karavas.eu\/fr\/wp-json\/wp\/v2\/pages"}],"about":[{"href":"https:\/\/karavas.eu\/fr\/wp-json\/wp\/v2\/types\/page"}],"author":[{"embeddable":true,"href":"https:\/\/karavas.eu\/fr\/wp-json\/wp\/v2\/users\/1"}],"replies":[{"embeddable":true,"href":"https:\/\/karavas.eu\/fr\/wp-json\/wp\/v2\/comments?post=17245"}],"version-history":[{"count":0,"href":"https:\/\/karavas.eu\/fr\/wp-json\/wp\/v2\/pages\/17245\/revisions"}],"up":[{"embeddable":true,"href":"https:\/\/karavas.eu\/fr\/wp-json\/wp\/v2\/pages\/17193"}],"wp:attachment":[{"href":"https:\/\/karavas.eu\/fr\/wp-json\/wp\/v2\/media?parent=17245"}],"curies":[{"name":"wp","href":"https:\/\/api.w.org\/{rel}","templated":true}]}}